{"id":28790,"date":"2024-01-02T20:08:42","date_gmt":"2024-01-02T20:08:42","guid":{"rendered":"https:\/\/yorkshiredesign.co.uk\/?page_id=28790"},"modified":"2025-09-25T11:41:47","modified_gmt":"2025-09-25T10:41:47","slug":"seitenverzeichnis","status":"publish","type":"page","link":"https:\/\/yorkshiredesign.co.uk\/de\/seitenverzeichnis\/","title":{"rendered":"Seitenverzeichnis"},"content":{"rendered":"<div class=\"wpb-content-wrapper\"><div class=\"vc_row wpb_row vc_row-fluid\" ><div class=\"wpb_column vc_column_container vc_col-sm-12 vc_hidden-sm vc_hidden-xs\"><div class=\"vc_column-inner\"><div class=\"wpb_wrapper\"><div class=\"vc_empty_space  uptab\"   style=\"height: 160px\"><span class=\"vc_empty_space_inner\"><\/span><\/div><\/div><\/div><\/div><\/div><div class=\"vc_row wpb_row vc_row-fluid\" ><div class=\"wpb_column vc_column_container vc_col-sm-12 vc_hidden-lg vc_hidden-md\"><div class=\"vc_column-inner\"><div class=\"wpb_wrapper\"><div class=\"vc_empty_space  uptab\"   style=\"height: 80px\"><span class=\"vc_empty_space_inner\"><\/span><\/div><\/div><\/div><\/div><\/div><div class=\"edgtf-row-grid-section-wrapper edgtf-content-aligment-left\"  ><div class=\"edgtf-row-grid-section\"><div class=\"vc_row wpb_row vc_row-fluid\" ><div class=\"wpb_column vc_column_container vc_col-sm-12 vc_hidden-xs\"><div class=\"vc_column-inner\"><div class=\"wpb_wrapper\">\n\t<div class=\"wpb_text_column wpb_content_element\" >\n\t\t<div class=\"wpb_wrapper\">\n\t\t\t\n\n\t\t<\/div>\n\t<\/div>\n<\/div><\/div><\/div><\/div><\/div><\/div><div class=\"edgtf-row-grid-section-wrapper edgtf-content-aligment-left\"  ><div class=\"edgtf-row-grid-section\"><div class=\"vc_row wpb_row vc_row-fluid vc_custom_1704135074605 vc_row-has-fill\" ><div class=\"wpb_column vc_column_container vc_col-sm-12 vc_col-has-fill\"><div class=\"vc_column-inner vc_custom_1704246285894\"><div class=\"wpb_wrapper\"><div class=\"vc_row wpb_row vc_inner vc_row-fluid\" ><div class=\"wpb_column vc_column_container vc_col-sm-12 vc_hidden-lg vc_hidden-md\"><div class=\"vc_column-inner\"><div class=\"wpb_wrapper\"><div class=\"vc_empty_space\"   style=\"height: 10px\"><span class=\"vc_empty_space_inner\"><\/span><\/div><\/div><\/div><\/div><\/div>\n\t<div class=\"wpb_text_column wpb_content_element vc_custom_1707678427921\" >\n\t\t<div class=\"wpb_wrapper\">\n\t\t\t<h1 class=\"hblack\" style=\"text-align: center; text-color: #ffffff;\">Yorkshire-Design <span style=\"color: #ffcc00;\">Seitenverzeichnis<\/span><\/h1>\n\n\t\t<\/div>\n\t<\/div>\n\n\t<div class=\"wpb_raw_code wpb_raw_html wpb_content_element vc_custom_1704246332965\" >\n\t\t<div class=\"wpb_wrapper\">\n\t\t\t<div class=\"rank-math-html-sitemap\"><div class=\"rank-math-html-sitemap__section rank-math-html-sitemap__section--post-type rank-math-html-sitemap__section--post\"><h2 class=\"rank-math-html-sitemap__title\">Beitr\u00e4ge<\/h2><ul class=\"rank-math-html-sitemap__list\"><li class=\"rank-math-html-sitemap__item\"><a href=\"https:\/\/yorkshiredesign.co.uk\/de\/blog\/seitengeschwindigkeit\/nitropack-tauscht-geschwindigkeitsoptimierung\/\" class=\"rank-math-html-sitemap__link\">NitroPack-Rezension. Maximiert es die Website-Leistung?<\/a><\/li><li class=\"rank-math-html-sitemap__item\"><a href=\"https:\/\/yorkshiredesign.co.uk\/de\/blog\/inhalt\/erstellung-von-ki-inhalten\/\" class=\"rank-math-html-sitemap__link\">Erstellung von KI-Inhalten<\/a><\/li><li class=\"rank-math-html-sitemap__item\"><a href=\"https:\/\/yorkshiredesign.co.uk\/de\/blog\/seo\/autoritat-und-vertrauen-verdienen\/\" class=\"rank-math-html-sitemap__link\">Autorit\u00e4t und Vertrauen gewinnen<\/a><\/li><li class=\"rank-math-html-sitemap__item\"><a href=\"https:\/\/yorkshiredesign.co.uk\/de\/blog\/web-hosting\/verbessern-sie-ihre-zeit-bis-zum-ersten-byte\/\" class=\"rank-math-html-sitemap__link\">Verbessern Sie Ihre Zeit bis zum ersten Byte<\/a><\/li><li class=\"rank-math-html-sitemap__item\"><a href=\"https:\/\/yorkshiredesign.co.uk\/de\/blog\/web-design\/wordpress-designtrends-im-jahr-2024\/\" class=\"rank-math-html-sitemap__link\">WordPress-Designtrends im Jahr 2024<\/a><\/li><li class=\"rank-math-html-sitemap__item\"><a href=\"https:\/\/yorkshiredesign.co.uk\/de\/blog\/inhalt\/erstellung-von-inhalten-zur-website-optimierung\/\" class=\"rank-math-html-sitemap__link\">Erstellen von Inhalten zur Website-Optimierung<\/a><\/li><li class=\"rank-math-html-sitemap__item\"><a href=\"https:\/\/yorkshiredesign.co.uk\/de\/blog\/inhalt\/nutzung-der-kraft-von-ki-bildern\/\" class=\"rank-math-html-sitemap__link\">Nutzen Sie die Kraft von KI-Bildern<\/a><\/li><li class=\"rank-math-html-sitemap__item\"><a href=\"https:\/\/yorkshiredesign.co.uk\/de\/blog\/inhalt\/die-rolle-der-ki-beim-schreiben-von-inhalten\/\" class=\"rank-math-html-sitemap__link\">Die Rolle der KI beim Schreiben von Inhalten<\/a><\/li><li class=\"rank-math-html-sitemap__item\"><a href=\"https:\/\/yorkshiredesign.co.uk\/de\/blog\/web-hosting\/warum-ein-cdn-lokale-unternehmen-und-die-seitenleistung-verlangsamt\/\" class=\"rank-math-html-sitemap__link\">Warum ein CDN lokale Unternehmen und die Seitenleistung verlangsamt<\/a><\/li><li class=\"rank-math-html-sitemap__item\"><a href=\"https:\/\/yorkshiredesign.co.uk\/de\/blog\/seitengeschwindigkeit\/warum-die-benutzererfahrung-die-pagespeed-werte-ubertrifft\/\" class=\"rank-math-html-sitemap__link\">Warum die Benutzererfahrung den PageSpeed-Score \u00fcbertrifft<\/a><\/li><li class=\"rank-math-html-sitemap__item\"><a href=\"https:\/\/yorkshiredesign.co.uk\/de\/blog\/web-hosting\/bietet-hoster-das-hosting-mit-dem-besten-preis-leistungs-verhaltnis\/\" class=\"rank-math-html-sitemap__link\">Bietet Hostinger das Hosting mit dem besten Preis-Leistungs-Verh\u00e4ltnis?<\/a><\/li><li class=\"rank-math-html-sitemap__item\"><a href=\"https:\/\/yorkshiredesign.co.uk\/de\/blog\/web-hosting\/ist-das-wordpress-hosting-von-kinsta-ein-overkill\/\" class=\"rank-math-html-sitemap__link\">Ist Kinsta Wordpress Hosting \u00fcbertrieben?<\/a><\/li><li class=\"rank-math-html-sitemap__item\"><a href=\"https:\/\/yorkshiredesign.co.uk\/de\/blog\/seitengeschwindigkeit\/ausbalancieren-von-leistung-und-benutzererfahrung\/\" class=\"rank-math-html-sitemap__link\">Balance zwischen Leistung und Benutzererfahrung<\/a><\/li><li class=\"rank-math-html-sitemap__item\"><a href=\"https:\/\/yorkshiredesign.co.uk\/de\/blog\/seo\/wie-lange-dauert-es-eine-neue-website-zu-ranken\/\" class=\"rank-math-html-sitemap__link\">Wie lange dauert es, eine neue Website zu bewerten?<\/a><\/li><li class=\"rank-math-html-sitemap__item\"><a href=\"https:\/\/yorkshiredesign.co.uk\/de\/blog\/seo\/meistern-sie-den-internen-linkaufbau\/\" class=\"rank-math-html-sitemap__link\">Meistern Sie den Aufbau interner Links<\/a><\/li><li class=\"rank-math-html-sitemap__item\"><a href=\"https:\/\/yorkshiredesign.co.uk\/de\/blog\/seo\/master-google-suchkonsole\/\" class=\"rank-math-html-sitemap__link\">Meistern Sie die Google Search Console<\/a><\/li><li class=\"rank-math-html-sitemap__item\"><a href=\"https:\/\/yorkshiredesign.co.uk\/de\/blog\/seo\/erklarung-der-schwankungen-im-google-ranking\/\" class=\"rank-math-html-sitemap__link\">Navigieren durch Google-Ranking-Schwankungen<\/a><\/li><li class=\"rank-math-html-sitemap__item\"><a href=\"https:\/\/yorkshiredesign.co.uk\/de\/blog\/seo\/was-ist-eine-wettbewerbsanalyse\/\" class=\"rank-math-html-sitemap__link\">Was ist eine Wettbewerbsanalyse?<\/a><\/li><li class=\"rank-math-html-sitemap__item\"><a href=\"https:\/\/yorkshiredesign.co.uk\/de\/blog\/seo\/aufdecken-der-grenzen-von-seo-rangprufern\/\" class=\"rank-math-html-sitemap__link\">Grenzen von SEO-Rank-Checkern aufdecken<\/a><\/li><li class=\"rank-math-html-sitemap__item\"><a href=\"https:\/\/yorkshiredesign.co.uk\/de\/blog\/web-design\/die-grosten-websites-von-denen-sie-nicht-wussten-dass-sie-wordpress-sind\/\" class=\"rank-math-html-sitemap__link\">Websites, von denen Sie nicht wussten, dass sie Wordpress sind<\/a><\/li><li class=\"rank-math-html-sitemap__item\"><a href=\"https:\/\/yorkshiredesign.co.uk\/de\/blog\/web-design\/verwendung-von-ai-generierten-benutzerdefinierten-codefragmenten\/\" class=\"rank-math-html-sitemap__link\">Verwendung von KI-generierten benutzerdefinierten Codefragmenten<\/a><\/li><li class=\"rank-math-html-sitemap__item\"><a href=\"https:\/\/yorkshiredesign.co.uk\/de\/blog\/web-design\/die-besten-kontakt-ctas-fur-ihre-website\/\" class=\"rank-math-html-sitemap__link\">Kontakt-CTAs auf Ihrer Website verstehen<\/a><\/li><li class=\"rank-math-html-sitemap__item\"><a href=\"https:\/\/yorkshiredesign.co.uk\/de\/blog\/web-design\/einen-freiberufler-mit-der-erstellung-einer-website-beauftragen\/\" class=\"rank-math-html-sitemap__link\">Beauftragen Sie einen Freiberufler mit der Erstellung einer Website<\/a><\/li><li class=\"rank-math-html-sitemap__item\"><a href=\"https:\/\/yorkshiredesign.co.uk\/de\/blog\/web-design\/wie-viel-animation-ist-zu-viel-auf-websites\/\" class=\"rank-math-html-sitemap__link\">Wie viel Animation auf einer Website zu viel ist<\/a><\/li><li class=\"rank-math-html-sitemap__item\"><a href=\"https:\/\/yorkshiredesign.co.uk\/de\/blog\/web-design\/enthullung-der-besten-wordpress-themes\/\" class=\"rank-math-html-sitemap__link\">Vorstellung der besten WordPress-Themes<\/a><\/li><li class=\"rank-math-html-sitemap__item\"><a href=\"https:\/\/yorkshiredesign.co.uk\/de\/blog\/web-design\/vermeiden-sie-eine-ubermasige-optimierung-von-bildern-fur-wordpress\/\" class=\"rank-math-html-sitemap__link\">Vermeiden Sie eine \u00fcberm\u00e4\u00dfige Optimierung von Bildern f\u00fcr WordPress<\/a><\/li><li class=\"rank-math-html-sitemap__item\"><a href=\"https:\/\/yorkshiredesign.co.uk\/de\/blog\/wordpress\/haufige-fehler-wordpress-websites\/\" class=\"rank-math-html-sitemap__link\">H\u00e4ufige Fehler auf WordPress-Websites<\/a><\/li><li class=\"rank-math-html-sitemap__item\"><a href=\"https:\/\/yorkshiredesign.co.uk\/de\/blog\/web-design\/wesentliche-elemente-einer-hochwertigen-wordpress-website\/\" class=\"rank-math-html-sitemap__link\">Wesentliche Elemente einer WordPress-Website<\/a><\/li><li class=\"rank-math-html-sitemap__item\"><a href=\"https:\/\/yorkshiredesign.co.uk\/de\/blog\/seitengeschwindigkeit\/enthullung-der-vor-und-nachteile-von-wp-rocket\/\" class=\"rank-math-html-sitemap__link\">Enth\u00fcllung der Vor- und Nachteile von WP Rocket<\/a><\/li><li class=\"rank-math-html-sitemap__item\"><a href=\"https:\/\/yorkshiredesign.co.uk\/de\/blog\/seitengeschwindigkeit\/die-fallstricke-bei-der-einstellung-inkompetenter-freiberufler\/\" class=\"rank-math-html-sitemap__link\">Die Fallstricke bei der Einstellung inkompetenter Freiberufler<\/a><\/li><li class=\"rank-math-html-sitemap__item\"><a href=\"https:\/\/yorkshiredesign.co.uk\/de\/blog\/seitengeschwindigkeit\/enthullung-der-zukunftigen-zentralen-web-vitals-im-jahr-2024\/\" class=\"rank-math-html-sitemap__link\">Die Zukunft enth\u00fcllen \u2013 die wichtigsten Web-Vitals im Jahr 2024<\/a><\/li><li class=\"rank-math-html-sitemap__item\"><a href=\"https:\/\/yorkshiredesign.co.uk\/de\/blog\/seitengeschwindigkeit\/messen-der-interaktion-und-der-nachsten-farbe\/\" class=\"rank-math-html-sitemap__link\">Messen der Interaktion und des n\u00e4chsten Anstrichs<\/a><\/li><li class=\"rank-math-html-sitemap__item\"><a href=\"https:\/\/yorkshiredesign.co.uk\/de\/blog\/seitengeschwindigkeit\/verstandnis-der-kumulativen-layoutverschiebung\/\" class=\"rank-math-html-sitemap__link\">Die kumulative Layoutverschiebung verstehen<\/a><\/li><li class=\"rank-math-html-sitemap__item\"><a href=\"https:\/\/yorkshiredesign.co.uk\/de\/blog\/seitengeschwindigkeit\/die-unsichtbare-kraft-der-seitengeschwindigkeit\/\" class=\"rank-math-html-sitemap__link\">Die unsichtbare Kraft der Seitengeschwindigkeit<\/a><\/li><li class=\"rank-math-html-sitemap__item\"><a href=\"https:\/\/yorkshiredesign.co.uk\/de\/blog\/seitengeschwindigkeit\/grundlegende-web-vitalfunktionen-verstehen\/\" class=\"rank-math-html-sitemap__link\">Grundlegende Web-Vitals verstehen<\/a><\/li><li class=\"rank-math-html-sitemap__item\"><a href=\"https:\/\/yorkshiredesign.co.uk\/de\/blog\/seitengeschwindigkeit\/tiefgreifende-vorteile-einer-erhohung-der-seitengeschwindigkeit\/\" class=\"rank-math-html-sitemap__link\">Tiefgreifende Vorteile der Steigerung der Seitengeschwindigkeit<\/a><\/li><li class=\"rank-math-html-sitemap__item\"><a href=\"https:\/\/yorkshiredesign.co.uk\/de\/blog\/seitengeschwindigkeit\/enthullung-der-enigma-google-und-pagespeed-scores\/\" class=\"rank-math-html-sitemap__link\">Enth\u00fcllung des R\u00e4tsels \u2013 PageSpeed-Scores<\/a><\/li><\/ul><\/div><div class=\"rank-math-html-sitemap__section rank-math-html-sitemap__section--post-type rank-math-html-sitemap__section--page\"><h2 class=\"rank-math-html-sitemap__title\">Seiten<\/h2><ul class=\"rank-math-html-sitemap__list\"><li class=\"rank-math-html-sitemap__item\"><a href=\"https:\/\/yorkshiredesign.co.uk\/de\/bestehen-sie-die-wichtigsten-web-vitalwerte\/\" class=\"rank-math-html-sitemap__link\">Bestehen Sie die wichtigsten Web-Vitals<\/a><\/li><li class=\"rank-math-html-sitemap__item\"><a href=\"https:\/\/yorkshiredesign.co.uk\/de\/kundenbereich\/\" class=\"rank-math-html-sitemap__link\">Kundenbereich<\/a><\/li><li class=\"rank-math-html-sitemap__item\"><a href=\"https:\/\/yorkshiredesign.co.uk\/de\/\" class=\"rank-math-html-sitemap__link\">Heim<\/a><\/li><li class=\"rank-math-html-sitemap__item\"><a href=\"https:\/\/yorkshiredesign.co.uk\/de\/webdesigner\/\" class=\"rank-math-html-sitemap__link\">Webdesigner<\/a><\/li><li class=\"rank-math-html-sitemap__item\"><a href=\"https:\/\/yorkshiredesign.co.uk\/de\/wartung-der-website\/\" class=\"rank-math-html-sitemap__link\">Website-Wartung<\/a><\/li><li class=\"rank-math-html-sitemap__item\"><a href=\"https:\/\/yorkshiredesign.co.uk\/de\/schnellere-seitengeschwindigkeit\/\" class=\"rank-math-html-sitemap__link\">Schnellere Seitengeschwindigkeit<\/a><\/li><li class=\"rank-math-html-sitemap__item\"><a href=\"https:\/\/yorkshiredesign.co.uk\/de\/blog\/\" class=\"rank-math-html-sitemap__link\">Blog<\/a><ul class=\"rank-math-html-sitemap__list\"><li class=\"rank-math-html-sitemap__item\"><a href=\"https:\/\/yorkshiredesign.co.uk\/de\/blog\/web-hosting\/\" class=\"rank-math-html-sitemap__link\">Web-Hosting<\/a><\/li><li class=\"rank-math-html-sitemap__item\"><a href=\"https:\/\/yorkshiredesign.co.uk\/de\/blog\/web-design\/\" class=\"rank-math-html-sitemap__link\">Web-Design<\/a><\/li><li class=\"rank-math-html-sitemap__item\"><a href=\"https:\/\/yorkshiredesign.co.uk\/de\/blog\/seitengeschwindigkeit\/\" class=\"rank-math-html-sitemap__link\">Seitengeschwindigkeit<\/a><\/li><li class=\"rank-math-html-sitemap__item\"><a href=\"https:\/\/yorkshiredesign.co.uk\/de\/blog\/wordpress\/\" class=\"rank-math-html-sitemap__link\">Wordpress<\/a><\/li><li class=\"rank-math-html-sitemap__item\"><a href=\"https:\/\/yorkshiredesign.co.uk\/de\/blog\/inhalt\/\" class=\"rank-math-html-sitemap__link\">Inhalt<\/a><\/li><li class=\"rank-math-html-sitemap__item\"><a href=\"https:\/\/yorkshiredesign.co.uk\/de\/blog\/seo\/\" class=\"rank-math-html-sitemap__link\">SEO<\/a><\/li><\/ul><\/li><li class=\"rank-math-html-sitemap__item\"><a href=\"https:\/\/yorkshiredesign.co.uk\/de\/pagespeed-leitfaden\/\" class=\"rank-math-html-sitemap__link\">Pagespeed-Leitfaden<\/a><ul class=\"rank-math-html-sitemap__list\"><li class=\"rank-math-html-sitemap__item\"><a href=\"https:\/\/yorkshiredesign.co.uk\/de\/pagespeed-leitfaden\/plugin-organizer\/\" class=\"rank-math-html-sitemap__link\">Plugin-Organizer<\/a><\/li><li class=\"rank-math-html-sitemap__item\"><a href=\"https:\/\/yorkshiredesign.co.uk\/de\/pagespeed-leitfaden\/wp-rakete\/\" class=\"rank-math-html-sitemap__link\">WP Rocket<\/a><\/li><li class=\"rank-math-html-sitemap__item\"><a href=\"https:\/\/yorkshiredesign.co.uk\/de\/pagespeed-leitfaden\/schnellladung\/\" class=\"rank-math-html-sitemap__link\">Schnellladen<\/a><\/li><li class=\"rank-math-html-sitemap__item\"><a href=\"https:\/\/yorkshiredesign.co.uk\/de\/pagespeed-leitfaden\/bildoptimierung\/\" class=\"rank-math-html-sitemap__link\">Bildoptimierung<\/a><\/li><li class=\"rank-math-html-sitemap__item\"><a href=\"https:\/\/yorkshiredesign.co.uk\/de\/pagespeed-leitfaden\/server-setup\/\" class=\"rank-math-html-sitemap__link\">Server-Setup<\/a><\/li><li class=\"rank-math-html-sitemap__item\"><a href=\"https:\/\/yorkshiredesign.co.uk\/de\/pagespeed-leitfaden\/plugins-installieren\/\" class=\"rank-math-html-sitemap__link\">Plugins installieren<\/a><\/li><li class=\"rank-math-html-sitemap__item\"><a href=\"https:\/\/yorkshiredesign.co.uk\/de\/pagespeed-leitfaden\/pagespeed-tipps\/\" class=\"rank-math-html-sitemap__link\">Pagespeed-Tipps<\/a><\/li><li class=\"rank-math-html-sitemap__item\"><a href=\"https:\/\/yorkshiredesign.co.uk\/de\/pagespeed-leitfaden\/fluganalytik\/\" class=\"rank-math-html-sitemap__link\">Fliegende Analytik<\/a><\/li><li class=\"rank-math-html-sitemap__item\"><a href=\"https:\/\/yorkshiredesign.co.uk\/de\/pagespeed-leitfaden\/asset-cleanup-profi\/\" class=\"rank-math-html-sitemap__link\">Asset Cleanup Pro<\/a><\/li><li class=\"rank-math-html-sitemap__item\"><a href=\"https:\/\/yorkshiredesign.co.uk\/de\/pagespeed-leitfaden\/omgfs\/\" class=\"rank-math-html-sitemap__link\">OMGF<\/a><\/li><\/ul><\/li><li class=\"rank-math-html-sitemap__item\"><a href=\"https:\/\/yorkshiredesign.co.uk\/de\/portfolio\/\" class=\"rank-math-html-sitemap__link\">Portfolio<\/a><\/li><li class=\"rank-math-html-sitemap__item\"><a href=\"https:\/\/yorkshiredesign.co.uk\/de\/seitenverzeichnis\/\" class=\"rank-math-html-sitemap__link\">Seitenverzeichnis<\/a><\/li><li class=\"rank-math-html-sitemap__item\"><a href=\"https:\/\/yorkshiredesign.co.uk\/de\/geschaftsbedingungen\/\" class=\"rank-math-html-sitemap__link\">Gesch\u00e4ftsbedingungen<\/a><\/li><li class=\"rank-math-html-sitemap__item\"><a href=\"https:\/\/yorkshiredesign.co.uk\/de\/bedingungen\/\" class=\"rank-math-html-sitemap__link\">Bedingungen<\/a><\/li><li class=\"rank-math-html-sitemap__item\"><a href=\"https:\/\/yorkshiredesign.co.uk\/de\/a-uber-uns\/\" class=\"rank-math-html-sitemap__link\">\u00dcber uns<\/a><\/li><li class=\"rank-math-html-sitemap__item\"><a href=\"https:\/\/yorkshiredesign.co.uk\/de\/webshop\/\" class=\"rank-math-html-sitemap__link\">Webshop<\/a><\/li><li class=\"rank-math-html-sitemap__item\"><a href=\"https:\/\/yorkshiredesign.co.uk\/de\/kontaktiere-uns\/\" class=\"rank-math-html-sitemap__link\">Kontaktiere uns<\/a><\/li><\/ul><\/div><div class=\"rank-math-html-sitemap__section rank-math-html-sitemap__section--post-type rank-math-html-sitemap__section--portfolio-item\"><h2 class=\"rank-math-html-sitemap__title\">Portfolio<\/h2><ul class=\"rank-math-html-sitemap__list\"><li class=\"rank-math-html-sitemap__item\"><a href=\"https:\/\/yorkshiredesign.co.uk\/de\/blog\/portfolio\/godiva-physiotherapy\/\" class=\"rank-math-html-sitemap__link\">Godiva Physiotherapy<\/a><\/li><li class=\"rank-math-html-sitemap__item\"><a href=\"https:\/\/yorkshiredesign.co.uk\/de\/blog\/portfolio\/bedford-electrician\/\" class=\"rank-math-html-sitemap__link\">Bedford Electrician<\/a><\/li><li class=\"rank-math-html-sitemap__item\"><a href=\"https:\/\/yorkshiredesign.co.uk\/de\/blog\/portfolio\/envy-websites\/\" class=\"rank-math-html-sitemap__link\">Envy Websites<\/a><\/li><li class=\"rank-math-html-sitemap__item\"><a href=\"https:\/\/yorkshiredesign.co.uk\/de\/blog\/portfolio\/karriere-intelligenter\/\" class=\"rank-math-html-sitemap__link\">Karriere intelligenter<\/a><\/li><li class=\"rank-math-html-sitemap__item\"><a href=\"https:\/\/yorkshiredesign.co.uk\/de\/blog\/portfolio\/kommunikationsmeister\/\" class=\"rank-math-html-sitemap__link\">CommsMasters<\/a><\/li><li class=\"rank-math-html-sitemap__item\"><a href=\"https:\/\/yorkshiredesign.co.uk\/de\/blog\/portfolio\/froschster-site\/\" class=\"rank-math-html-sitemap__link\">Frogster<\/a><\/li><li class=\"rank-math-html-sitemap__item\"><a href=\"https:\/\/yorkshiredesign.co.uk\/de\/blog\/portfolio\/finde-mich-jetzt\/\" class=\"rank-math-html-sitemap__link\">Finden Sie mich jetzt<\/a><\/li><li class=\"rank-math-html-sitemap__item\"><a href=\"https:\/\/yorkshiredesign.co.uk\/de\/blog\/portfolio\/adyield-site\/\" class=\"rank-math-html-sitemap__link\">Adyield<\/a><\/li><li class=\"rank-math-html-sitemap__item\"><a href=\"https:\/\/yorkshiredesign.co.uk\/de\/blog\/portfolio\/wachsende-mauern\/\" class=\"rank-math-html-sitemap__link\">Wachsende Mauern<\/a><\/li><li class=\"rank-math-html-sitemap__item\"><a href=\"https:\/\/yorkshiredesign.co.uk\/de\/blog\/portfolio\/bolton-rasenlandschaften\/\" class=\"rank-math-html-sitemap__link\">Bolton Turf &amp; Landschaften<\/a><\/li><li class=\"rank-math-html-sitemap__item\"><a href=\"https:\/\/yorkshiredesign.co.uk\/de\/blog\/portfolio\/bedford-a-umzugslager\/\" class=\"rank-math-html-sitemap__link\">Umz\u00fcge und Lagerung in Bedford<\/a><\/li><li class=\"rank-math-html-sitemap__item\"><a href=\"https:\/\/yorkshiredesign.co.uk\/de\/blog\/portfolio\/joyce-housebuilders\/\" class=\"rank-math-html-sitemap__link\">Joyce Builders<\/a><\/li><li class=\"rank-math-html-sitemap__item\"><a href=\"https:\/\/yorkshiredesign.co.uk\/de\/blog\/portfolio\/das-reihertheater\/\" class=\"rank-math-html-sitemap__link\">Das Heron Theater<\/a><\/li><li class=\"rank-math-html-sitemap__item\"><a href=\"https:\/\/yorkshiredesign.co.uk\/de\/blog\/portfolio\/bedford-gartner\/\" class=\"rank-math-html-sitemap__link\">Bedford G\u00e4rtner<\/a><\/li><li class=\"rank-math-html-sitemap__item\"><a href=\"https:\/\/yorkshiredesign.co.uk\/de\/blog\/portfolio\/e-yorkshire-design\/\" class=\"rank-math-html-sitemap__link\">Yorkshire-Design<\/a><\/li><li class=\"rank-math-html-sitemap__item\"><a href=\"https:\/\/yorkshiredesign.co.uk\/de\/blog\/portfolio\/e-haustierfreundlicher-urlaub\/\" class=\"rank-math-html-sitemap__link\">Haustierfreundlicher Urlaub<\/a><\/li><li class=\"rank-math-html-sitemap__item\"><a href=\"https:\/\/yorkshiredesign.co.uk\/de\/blog\/portfolio\/libelle-video\/\" class=\"rank-math-html-sitemap__link\">Libelle<\/a><\/li><\/ul><\/div><div class=\"rank-math-html-sitemap__section rank-math-html-sitemap__section--post-type rank-math-html-sitemap__section--product\"><h2 class=\"rank-math-html-sitemap__title\">Produkte<\/h2><ul class=\"rank-math-html-sitemap__list\"><li class=\"rank-math-html-sitemap__item\"><a href=\"https:\/\/yorkshiredesign.co.uk\/de\/produkt\/pagespeed-tuning\/\" class=\"rank-math-html-sitemap__link\">Pagespeed-Tuning<\/a><\/li><li class=\"rank-math-html-sitemap__item\"><a href=\"https:\/\/yorkshiredesign.co.uk\/de\/produkt\/website-designers\/\" class=\"rank-math-html-sitemap__link\">Website design<\/a><\/li><li class=\"rank-math-html-sitemap__item\"><a href=\"https:\/\/yorkshiredesign.co.uk\/de\/produkt\/wartung-der-website\/\" class=\"rank-math-html-sitemap__link\">Website-Wartung<\/a><\/li><\/ul><\/div><\/div>\n\t\t<\/div>\n\t<\/div>\n<\/div><\/div><\/div><\/div><\/div><\/div><div class=\"vc_row wpb_row vc_row-fluid\" ><div class=\"wpb_column vc_column_container vc_col-sm-12 vc_hidden-xs\"><div class=\"vc_column-inner\"><div class=\"wpb_wrapper\"><div class=\"vc_empty_space\"   style=\"height: 30px\"><span class=\"vc_empty_space_inner\"><\/span><\/div><\/div><\/div><\/div><\/div><div data-vc-full-width=\"true\" data-vc-full-width-init=\"false\" class=\"vc_row wpb_row vc_row-fluid vc_custom_1627982228435 vc_row-has-fill edgtf-content-aligment-center\" style=\"background-color:#203a53\"><div class=\"wpb_column vc_column_container vc_col-sm-12\"><div class=\"vc_column-inner\"><div class=\"wpb_wrapper\">\n\t<div class=\"wpb_text_column wpb_content_element\" >\n\t\t<div class=\"wpb_wrapper\">\n\t\t\t<p class=\"h3big\" style=\"text-align: center; color: #ffffff;\">Web-Design &amp; <span style=\"color: #fc0;\">SEO<\/span><\/p>\n\n\t\t<\/div>\n\t<\/div>\n<\/div><\/div><\/div><\/div><div class=\"vc_row-full-width vc_clearfix\"><\/div>\n<\/div>","protected":false},"excerpt":{"rendered":"<p>Yorkshire Design-Sitemap<\/p>","protected":false},"author":1,"featured_media":0,"parent":0,"menu_order":0,"comment_status":"closed","ping_status":"closed","template":"full-width.php","meta":{"footnotes":""},"categories":[],"tags":[],"class_list":["post-28790","page","type-page","status-publish","hentry"],"_links":{"self":[{"href":"https:\/\/yorkshiredesign.co.uk\/de\/wp-json\/wp\/v2\/pages\/28790","targetHints":{"allow":["GET"]}}],"collection":[{"href":"https:\/\/yorkshiredesign.co.uk\/de\/wp-json\/wp\/v2\/pages"}],"about":[{"href":"https:\/\/yorkshiredesign.co.uk\/de\/wp-json\/wp\/v2\/types\/page"}],"author":[{"embeddable":true,"href":"https:\/\/yorkshiredesign.co.uk\/de\/wp-json\/wp\/v2\/users\/1"}],"replies":[{"embeddable":true,"href":"https:\/\/yorkshiredesign.co.uk\/de\/wp-json\/wp\/v2\/comments?post=28790"}],"version-history":[{"count":2,"href":"https:\/\/yorkshiredesign.co.uk\/de\/wp-json\/wp\/v2\/pages\/28790\/revisions"}],"predecessor-version":[{"id":37410,"href":"https:\/\/yorkshiredesign.co.uk\/de\/wp-json\/wp\/v2\/pages\/28790\/revisions\/37410"}],"wp:attachment":[{"href":"https:\/\/yorkshiredesign.co.uk\/de\/wp-json\/wp\/v2\/media?parent=28790"}],"wp:term":[{"taxonomy":"category","embeddable":true,"href":"https:\/\/yorkshiredesign.co.uk\/de\/wp-json\/wp\/v2\/categories?post=28790"},{"taxonomy":"post_tag","embeddable":true,"href":"https:\/\/yorkshiredesign.co.uk\/de\/wp-json\/wp\/v2\/tags?post=28790"}],"curies":[{"name":"wp","href":"https:\/\/api.w.org\/{rel}","templated":true}]}}