{"id":11160,"date":"2020-03-12T10:37:04","date_gmt":"2020-03-12T10:37:04","guid":{"rendered":"https:\/\/yorkshiredesign.co.uk\/?post_type=product&#038;p=11160"},"modified":"2025-04-17T00:23:01","modified_gmt":"2025-04-16T23:23:01","slug":"wartung-der-website","status":"publish","type":"product","link":"https:\/\/yorkshiredesign.co.uk\/de\/produkt\/wartung-der-website\/","title":{"rendered":"Website-Wartung"},"content":{"rendered":"<p>Nutzen Sie meine 20-j\u00e4hrige Erfahrung mit meinen Website-Wartungsdiensten. Egal, ob Sie SEO, SEM, neue Inhalte oder Wartungsarbeiten ben\u00f6tigen, ich kann diese pers\u00f6nlich durchf\u00fchren. Mit meinem Retainer-Service erwerben Sie die vereinbarte Anzahl an Tagen pro Monat. Gerne treffe ich mich auf Google Meet zu Videoberatungen zur Beratung, Planung und Durchf\u00fchrung der Arbeiten.<\/p>","protected":false},"excerpt":{"rendered":"<p style=\"text-align: justify; margin-bottom: 20px;\">Ob Sie brauchen <a href=\"https:\/\/yorkshiredesign.co.uk\/de\/blog\/seo\/\"><i>SEO<\/i><\/a>, SEM, technische Wartung oder zus\u00e4tzliche Content-Arbeiten, nutzen Sie meinen flexiblen Website-Pflegeservice.<\/p>\n<p>&nbsp;<\/p>\n<p style=\"text-align: justify; margin-bottom: 20px;\">Ich bin ein erfahrener Full-Stack-Programmierer und Online-Vermarkter, der das Potenzial Ihrer Website maximieren kann. Alle Arbeiten werden von mir pers\u00f6nlich ausgef\u00fchrt und ich bin w\u00e4hrend der Arbeitszeit voll erreichbar.<\/p>\n<p>&nbsp;<\/p>\n<p style=\"text-align: justify; margin-bottom: 20px;\">Dies ist ein Service wie kein anderer. Mit meinem Know-how erhalten Sie einen <a href=\"https:\/\/yorkshiredesign.co.uk\/de\/blog\/web-design\/wesentliche-elemente-einer-hochwertigen-wordpress-website\/\"><em>Wordpress rechte Hand<\/em><\/a>. Die Buchungszeiten k\u00f6nnen flexibel sein (je nach Verf\u00fcgbarkeit). Egal, ob Sie einen Tag im Monat f\u00fcr Wartungsarbeiten ben\u00f6tigen oder einen Block von zwei Wochen, ich helfe Ihnen gerne weiter.<\/p>\n<p>&nbsp;<\/p>\n<p style=\"text-align: justify; margin-bottom: 20px;\"><a href=\"\/de\/wartung-der-website\/\"><strong>Klicken Sie hier f\u00fcr vollst\u00e4ndige Details<\/strong><\/a><\/p>","protected":false},"featured_media":29306,"template":"","meta":[],"product_brand":[],"product_cat":[1573],"product_tag":[1521,2335,2332,2334],"class_list":{"0":"post-11160","1":"product","2":"type-product","3":"status-publish","4":"has-post-thumbnail","6":"product_cat-website-maintenance","7":"product_tag-seo","8":"product_tag-technical-seo","9":"product_tag-website-maintenance","10":"product_tag-wordpress-plugins","12":"first","13":"instock","14":"featured","15":"purchasable","16":"product-type-variable","17":"has-default-attributes"},"_links":{"self":[{"href":"https:\/\/yorkshiredesign.co.uk\/de\/wp-json\/wp\/v2\/product\/11160","targetHints":{"allow":["GET"]}}],"collection":[{"href":"https:\/\/yorkshiredesign.co.uk\/de\/wp-json\/wp\/v2\/product"}],"about":[{"href":"https:\/\/yorkshiredesign.co.uk\/de\/wp-json\/wp\/v2\/types\/product"}],"wp:featuredmedia":[{"embeddable":true,"href":"https:\/\/yorkshiredesign.co.uk\/de\/wp-json\/wp\/v2\/media\/29306"}],"wp:attachment":[{"href":"https:\/\/yorkshiredesign.co.uk\/de\/wp-json\/wp\/v2\/media?parent=11160"}],"wp:term":[{"taxonomy":"product_brand","embeddable":true,"href":"https:\/\/yorkshiredesign.co.uk\/de\/wp-json\/wp\/v2\/product_brand?post=11160"},{"taxonomy":"product_cat","embeddable":true,"href":"https:\/\/yorkshiredesign.co.uk\/de\/wp-json\/wp\/v2\/product_cat?post=11160"},{"taxonomy":"product_tag","embeddable":true,"href":"https:\/\/yorkshiredesign.co.uk\/de\/wp-json\/wp\/v2\/product_tag?post=11160"}],"curies":[{"name":"wp","href":"https:\/\/api.w.org\/{rel}","templated":true}]}}