{"id":12204,"date":"2020-03-19T23:42:55","date_gmt":"2020-03-19T23:42:55","guid":{"rendered":"https:\/\/yorkshiredesign.co.uk\/?post_type=product&#038;p=12204"},"modified":"2025-04-17T00:24:04","modified_gmt":"2025-04-16T23:24:04","slug":"website-designers","status":"publish","type":"product","link":"https:\/\/yorkshiredesign.co.uk\/de\/produkt\/website-designers\/","title":{"rendered":"Website design"},"content":{"rendered":"<p>Ich erstelle eine Website, die Ihre Marke perfekt repr\u00e4sentiert. Der Preis beinhaltet einen Domainnamen, Hosting und alle Plugins, die Sie ben\u00f6tigen, um Ihr Online-Gesch\u00e4ft anzukurbeln. Alle Websites werden aus technischer Sicht unter Ber\u00fccksichtigung der Google-Leistung erstellt.<\/p>","protected":false},"excerpt":{"rendered":"<p style=\"text-align: justify; margin-bottom: 20px;\">F\u00fcr alle <a href=\"https:\/\/yorkshiredesign.co.uk\/de\/\"><i>Web-Design<\/i><\/a> Pakete, rufen Sie mich an, um Ihre Bed\u00fcrfnisse zu besprechen.<\/p>\n<p style=\"text-align: justify; margin-bottom: 20px;\">Nutzen Sie meine \u00fcber 20-j\u00e4hrige Erfahrung und bestellen Sie a <a href=\"\/de\/blog\/seo\/wie-lange-dauert-es-eine-neue-website-zu-ranken\/\"><i>neue Website<\/i><\/a> Das werde ich pers\u00f6nlich bauen.<\/p>\n<p style=\"text-align: justify; margin-bottom: 20px;\">Alle neuen Websites werden sorgf\u00e4ltig mit Wordpress erstellt und entsprechen allen Google-Standards, was eine gr\u00f6\u00dfere Chance auf ein hohes Ranking in Suchmaschinen gew\u00e4hrleistet. Dies ist ein Komplettservice, der Ihnen Zeit spart. Alle \u201eunsichtbaren\u201c Arbeiten werden erledigt, sodass Sie Ihr Unternehmen weiterf\u00fchren k\u00f6nnen <a href=\"https:\/\/yorkshiredesign.co.uk\/de\/blog\/web-design\/einen-freiberufler-mit-der-erstellung-einer-website-beauftragen\/\">eine Website erstellen<\/a> selbst.<\/p>\n<p style=\"text-align: justify; margin-bottom: 20px;\">Von Anfang bis Ende ist alles f\u00fcr Sie eingerichtet. Ein Domainname und 12 Monate Hosting sind im Preis inbegriffen und Sie haben jederzeit vollen Zugriff auf das Backend Ihrer Website.<\/p>\n<p style=\"text-align: justify; margin-bottom: 20px;\">F\u00fcr weitere Informationen besuchen Sie bitte meine <a href=\"\/de\/webdesigner\/\"><i>Webdesigner<\/i><\/a> Seite.<\/p>\n<p style=\"text-align: justify; margin-bottom: 20px;\">W\u00e4hlen Sie bei der Bestellung \u201eZahlung auf Rechnung\u201c aus. Ich biete diesen Service mit einer Anzahlung von 25% im Voraus und dem Restbetrag an, der nach Abschluss zahlbar ist. Ich sende Ihnen nach Ihrer Bestellung und unserem ersten Beratungsgespr\u00e4ch eine Anzahlungsrechnung.<\/p>","protected":false},"featured_media":29327,"template":"","meta":[],"product_brand":[],"product_cat":[145,15],"product_tag":[95,1769,1767,1768],"class_list":{"0":"post-12204","1":"product","2":"type-product","3":"status-publish","4":"has-post-thumbnail","6":"product_cat-web-design","7":"product_cat-website-design","8":"product_tag-design","9":"product_tag-make-me-a-website","10":"product_tag-web-design","11":"product_tag-website-design","13":"first","14":"instock","15":"featured","16":"purchasable","17":"product-type-variable","18":"has-default-attributes"},"_links":{"self":[{"href":"https:\/\/yorkshiredesign.co.uk\/de\/wp-json\/wp\/v2\/product\/12204","targetHints":{"allow":["GET"]}}],"collection":[{"href":"https:\/\/yorkshiredesign.co.uk\/de\/wp-json\/wp\/v2\/product"}],"about":[{"href":"https:\/\/yorkshiredesign.co.uk\/de\/wp-json\/wp\/v2\/types\/product"}],"wp:featuredmedia":[{"embeddable":true,"href":"https:\/\/yorkshiredesign.co.uk\/de\/wp-json\/wp\/v2\/media\/29327"}],"wp:attachment":[{"href":"https:\/\/yorkshiredesign.co.uk\/de\/wp-json\/wp\/v2\/media?parent=12204"}],"wp:term":[{"taxonomy":"product_brand","embeddable":true,"href":"https:\/\/yorkshiredesign.co.uk\/de\/wp-json\/wp\/v2\/product_brand?post=12204"},{"taxonomy":"product_cat","embeddable":true,"href":"https:\/\/yorkshiredesign.co.uk\/de\/wp-json\/wp\/v2\/product_cat?post=12204"},{"taxonomy":"product_tag","embeddable":true,"href":"https:\/\/yorkshiredesign.co.uk\/de\/wp-json\/wp\/v2\/product_tag?post=12204"}],"curies":[{"name":"wp","href":"https:\/\/api.w.org\/{rel}","templated":true}]}}