{"id":24439,"date":"2022-01-06T07:41:25","date_gmt":"2022-01-06T07:41:25","guid":{"rendered":"https:\/\/yorkshiredesign.co.uk\/?post_type=product&#038;p=24439"},"modified":"2025-04-17T00:23:38","modified_gmt":"2025-04-16T23:23:38","slug":"pagespeed-tuning","status":"publish","type":"product","link":"https:\/\/yorkshiredesign.co.uk\/de\/produkt\/pagespeed-tuning\/","title":{"rendered":"Pagespeed-Tuning"},"content":{"rendered":"<div class=\"wpb-content-wrapper\"><div class=\"vc_row wpb_row vc_row-fluid\" ><div class=\"wpb_column vc_column_container vc_col-sm-12\"><div class=\"vc_column-inner\"><div class=\"wpb_wrapper\">\n\t<div class=\"wpb_text_column wpb_content_element\" >\n\t\t<div class=\"wpb_wrapper\">\n\t\t\t<p>Erh\u00f6hen Sie Ihren Google Insights-Score mit meinem pers\u00f6nlichen Pagespeed-Tuning-Service. Durch gr\u00fcndliche Tests der Website werde ich die gesamte Funktionalit\u00e4t der Website beibehalten. Erh\u00f6hen Sie die Website-Geschwindigkeit, reduzieren Sie die Absprungrate und verbessern Sie die Kundenbindung \u2013 alles Indikatoren, die Ihr Google-Ranking verbessern.<\/p>\n\n\t\t<\/div>\n\t<\/div>\n<\/div><\/div><\/div><\/div>\n<\/div>","protected":false},"excerpt":{"rendered":"<p style=\"text-align: justify; margin-bottom: 20px;\">Mein pers\u00f6nlicher Service folgt den Schritten in meinem <a class=\"whitebg\" href=\"\/de\/bestehen-sie-die-wichtigsten-web-vitalwerte\/\"><b>Pagespeed-Leitfaden<\/b><\/a> aber auf einer ma\u00dfgeschneiderten Ebene, sodass es auf Ihre eigene Wordpress-Website zugeschnitten ist.<\/p>\n<p style=\"text-align: justify; margin-bottom: 20px;\">Ihre Website wird auf der gesamten Website optimiert, um sicherzustellen, dass Ihre wichtigsten Seiten schnell und Google-freundlich sind. Dieser Service beinhaltet eine vollst\u00e4ndig lizenzierte Installation von beiden <a class=\"whitebg\" href=\"\/de\/pagespeed-leitfaden\/asset-cleanup-profi\/\"><b>Asset Cleanup Pro<\/b><\/a> oder <a class=\"whitebg\" href=\"\/de\/pagespeed-leitfaden\/wp-rakete\/\"><b>WP-Rakete,<\/b><\/a> sowie ein Jahresabonnement f\u00fcr <a href=\"\/de\/pagespeed-leitfaden\/schnellladung\/\"><b>Schnellladen<\/b><\/a> zur CSS-Reinigung.<\/p>\n<p><span class=\"hblacksmaller\" style=\"margin-bottom: 20px;\">Sitzungen beginnen um <span style=\"color: #fc0;\">10 Uhr morgens<\/span>, Oder <span style=\"color: #fc0;\">3 Uhr nachmittags<\/span><\/span><\/p>\n<p style=\"text-align: justify; margin-bottom: 20px; margin-top: 20px;\">Ich kann diesen Dienst \u00fcber Google Meet in Ihrer Anwesenheit durchf\u00fchren. Sie k\u00f6nnen sich auch die Zeit nehmen, den Autor dieser Website zu allem, was mit WordPress oder WordPress zu tun hat, zu befragen <a class=\"whitebg\" href=\"https:\/\/yorkshiredesign.co.uk\/de\/blog\/seitengeschwindigkeit\/tiefgreifende-vorteile-einer-erhohung-der-seitengeschwindigkeit\/\">Seitengeschwindigkeit<\/a> damit Sie das Beste aus Ihrer Website herausholen k\u00f6nnen!<\/p>\n<p style=\"text-align: justify; margin-bottom: 20px;\">Der Prozess dauert <b>2-4 Stunden<\/b> Wenn Sie also Lust haben, sich hinzusetzen und mir bei der Arbeit zuzusehen, nehmen Sie sich einen Vormittag oder Nachmittag Zeit und kommen Sie zu mir.<\/p>\n<p style=\"text-align: justify; margin-bottom: 20px;\">Vollst\u00e4ndige R\u00fcckerstattung bis 24 Stunden vor der Startzeit.<\/p>\n<p><a class=\"single_add_to_cart_button edgtf-btn-plus-sign edgtf-btn-with-cover-fx edgtf-btn\" href=\"https:\/\/pagespeed.web.dev\/\" target=\"_new\" rel=\"noopener\">\u00dcberpr\u00fcfen Sie Ihre Punktzahl<\/a><\/p>\n<p style=\"text-align: justify; margin-bottom: 20px; margin-top: 20px;\"><strong>W\u00e4hlen Sie unten den Tag f\u00fcr die Optimierung Ihrer Website aus.<\/strong><\/p>","protected":false},"featured_media":29300,"template":"","meta":[],"product_brand":[],"product_cat":[1462],"product_tag":[1795,1461,1587,1586],"class_list":{"0":"post-24439","1":"product","2":"type-product","3":"status-publish","4":"has-post-thumbnail","6":"product_cat-faster-pagespeed","7":"product_tag-faster-website","8":"product_tag-pagespeed","9":"product_tag-pagespeed-booster","10":"product_tag-speed-up-my-website","11":"mvvwb_bookable","13":"first","14":"instock","15":"featured","16":"virtual","17":"sold-individually","18":"purchasable","19":"product-type-simple"},"_links":{"self":[{"href":"https:\/\/yorkshiredesign.co.uk\/de\/wp-json\/wp\/v2\/product\/24439","targetHints":{"allow":["GET"]}}],"collection":[{"href":"https:\/\/yorkshiredesign.co.uk\/de\/wp-json\/wp\/v2\/product"}],"about":[{"href":"https:\/\/yorkshiredesign.co.uk\/de\/wp-json\/wp\/v2\/types\/product"}],"wp:featuredmedia":[{"embeddable":true,"href":"https:\/\/yorkshiredesign.co.uk\/de\/wp-json\/wp\/v2\/media\/29300"}],"wp:attachment":[{"href":"https:\/\/yorkshiredesign.co.uk\/de\/wp-json\/wp\/v2\/media?parent=24439"}],"wp:term":[{"taxonomy":"product_brand","embeddable":true,"href":"https:\/\/yorkshiredesign.co.uk\/de\/wp-json\/wp\/v2\/product_brand?post=24439"},{"taxonomy":"product_cat","embeddable":true,"href":"https:\/\/yorkshiredesign.co.uk\/de\/wp-json\/wp\/v2\/product_cat?post=24439"},{"taxonomy":"product_tag","embeddable":true,"href":"https:\/\/yorkshiredesign.co.uk\/de\/wp-json\/wp\/v2\/product_tag?post=24439"}],"curies":[{"name":"wp","href":"https:\/\/api.w.org\/{rel}","templated":true}]}}