{"id":28790,"date":"2024-01-02T20:08:42","date_gmt":"2024-01-02T20:08:42","guid":{"rendered":"https:\/\/yorkshiredesign.co.uk\/?page_id=28790"},"modified":"2025-09-25T11:41:47","modified_gmt":"2025-09-25T10:41:47","slug":"mapa-del-sitio","status":"publish","type":"page","link":"https:\/\/yorkshiredesign.co.uk\/es\/mapa-del-sitio\/","title":{"rendered":"Mapa del sitio"},"content":{"rendered":"<div class=\"wpb-content-wrapper\"><div class=\"vc_row wpb_row vc_row-fluid\" ><div class=\"wpb_column vc_column_container vc_col-sm-12 vc_hidden-sm vc_hidden-xs\"><div class=\"vc_column-inner\"><div class=\"wpb_wrapper\"><div class=\"vc_empty_space  uptab\"   style=\"height: 160px\"><span class=\"vc_empty_space_inner\"><\/span><\/div><\/div><\/div><\/div><\/div><div class=\"vc_row wpb_row vc_row-fluid\" ><div class=\"wpb_column vc_column_container vc_col-sm-12 vc_hidden-lg vc_hidden-md\"><div class=\"vc_column-inner\"><div class=\"wpb_wrapper\"><div class=\"vc_empty_space  uptab\"   style=\"height: 80px\"><span class=\"vc_empty_space_inner\"><\/span><\/div><\/div><\/div><\/div><\/div><div class=\"edgtf-row-grid-section-wrapper edgtf-content-aligment-left\"  ><div class=\"edgtf-row-grid-section\"><div class=\"vc_row wpb_row vc_row-fluid\" ><div class=\"wpb_column vc_column_container vc_col-sm-12 vc_hidden-xs\"><div class=\"vc_column-inner\"><div class=\"wpb_wrapper\">\n\t<div class=\"wpb_text_column wpb_content_element\" >\n\t\t<div class=\"wpb_wrapper\">\n\t\t\t\n\n\t\t<\/div>\n\t<\/div>\n<\/div><\/div><\/div><\/div><\/div><\/div><div class=\"edgtf-row-grid-section-wrapper edgtf-content-aligment-left\"  ><div class=\"edgtf-row-grid-section\"><div class=\"vc_row wpb_row vc_row-fluid vc_custom_1704135074605 vc_row-has-fill\" ><div class=\"wpb_column vc_column_container vc_col-sm-12 vc_col-has-fill\"><div class=\"vc_column-inner vc_custom_1704246285894\"><div class=\"wpb_wrapper\"><div class=\"vc_row wpb_row vc_inner vc_row-fluid\" ><div class=\"wpb_column vc_column_container vc_col-sm-12 vc_hidden-lg vc_hidden-md\"><div class=\"vc_column-inner\"><div class=\"wpb_wrapper\"><div class=\"vc_empty_space\"   style=\"height: 10px\"><span class=\"vc_empty_space_inner\"><\/span><\/div><\/div><\/div><\/div><\/div>\n\t<div class=\"wpb_text_column wpb_content_element vc_custom_1707678427921\" >\n\t\t<div class=\"wpb_wrapper\">\n\t\t\t<h1 class=\"hblack\" style=\"text-align: center; text-color: #ffffff;\">Dise\u00f1o de Yorkshire <span style=\"color: #ffcc00;\">Mapa del sitio<\/span><\/h1>\n\n\t\t<\/div>\n\t<\/div>\n\n\t<div class=\"wpb_raw_code wpb_raw_html wpb_content_element vc_custom_1704246332965\" >\n\t\t<div class=\"wpb_wrapper\">\n\t\t\t<div class=\"rank-math-html-sitemap\"><div class=\"rank-math-html-sitemap__section rank-math-html-sitemap__section--post-type rank-math-html-sitemap__section--post\"><h2 class=\"rank-math-html-sitemap__title\">Entradas<\/h2><ul class=\"rank-math-html-sitemap__list\"><li class=\"rank-math-html-sitemap__item\"><a href=\"https:\/\/yorkshiredesign.co.uk\/es\/blog\/velocidad-de-pagina\/optimizacion-de-velocidad-enganosa-nitropack\/\" class=\"rank-math-html-sitemap__link\">Revisi\u00f3n de NitroPack. \u00bfMaximiza el rendimiento del sitio web?<\/a><\/li><li class=\"rank-math-html-sitemap__item\"><a href=\"https:\/\/yorkshiredesign.co.uk\/es\/blog\/contenido\/creacion-de-contenido-ia\/\" class=\"rank-math-html-sitemap__link\">Creaci\u00f3n de contenido de IA<\/a><\/li><li class=\"rank-math-html-sitemap__item\"><a href=\"https:\/\/yorkshiredesign.co.uk\/es\/blog\/seo\/ganar-autoridad-y-confianza\/\" class=\"rank-math-html-sitemap__link\">Ganar autoridad y confianza<\/a><\/li><li class=\"rank-math-html-sitemap__item\"><a href=\"https:\/\/yorkshiredesign.co.uk\/es\/blog\/alojamiento-web\/mejorando-su-tiempo-hasta-el-primer-byte\/\" class=\"rank-math-html-sitemap__link\">Mejorando su tiempo hasta el primer byte<\/a><\/li><li class=\"rank-math-html-sitemap__item\"><a href=\"https:\/\/yorkshiredesign.co.uk\/es\/blog\/diseno-webs\/tendencias-de-diseno-de-wordpress-en-2024\/\" class=\"rank-math-html-sitemap__link\">Tendencias de dise\u00f1o de WordPress en 2024<\/a><\/li><li class=\"rank-math-html-sitemap__item\"><a href=\"https:\/\/yorkshiredesign.co.uk\/es\/blog\/contenido\/elaboracion-de-contenido-para-la-optimizacion-del-sitio-web\/\" class=\"rank-math-html-sitemap__link\">Elaboraci\u00f3n de contenido para la optimizaci\u00f3n del sitio web<\/a><\/li><li class=\"rank-math-html-sitemap__item\"><a href=\"https:\/\/yorkshiredesign.co.uk\/es\/blog\/contenido\/aprovechando-el-poder-de-las-imagenes-de-ai\/\" class=\"rank-math-html-sitemap__link\">Aprovechando el poder de las im\u00e1genes de IA<\/a><\/li><li class=\"rank-math-html-sitemap__item\"><a href=\"https:\/\/yorkshiredesign.co.uk\/es\/blog\/contenido\/el-papel-de-la-ia-en-la-redaccion-de-contenidos\/\" class=\"rank-math-html-sitemap__link\">El papel de la IA en la redacci\u00f3n de contenidos<\/a><\/li><li class=\"rank-math-html-sitemap__item\"><a href=\"https:\/\/yorkshiredesign.co.uk\/es\/blog\/alojamiento-web\/por-que-un-cdn-ralentiza-las-empresas-locales-y-el-rendimiento-de-la-paginas\/\" class=\"rank-math-html-sitemap__link\">Por qu\u00e9 una CDN ralentiza las empresas locales y el rendimiento de la p\u00e1gina<\/a><\/li><li class=\"rank-math-html-sitemap__item\"><a href=\"https:\/\/yorkshiredesign.co.uk\/es\/blog\/velocidad-de-pagina\/por-que-la-experiencia-del-usuario-supera-las-puntuaciones-de-velocidad-de-pagina\/\" class=\"rank-math-html-sitemap__link\">Por qu\u00e9 la experiencia del usuario supera las puntuaciones de PageSpeed<\/a><\/li><li class=\"rank-math-html-sitemap__item\"><a href=\"https:\/\/yorkshiredesign.co.uk\/es\/blog\/alojamiento-web\/a-hostinger-ofrece-alojamiento-con-la-mejor-relacion-calidad-precios\/\" class=\"rank-math-html-sitemap__link\">\u00bfHostinger ofrece alojamiento con la mejor relaci\u00f3n calidad-precio?<\/a><\/li><li class=\"rank-math-html-sitemap__item\"><a href=\"https:\/\/yorkshiredesign.co.uk\/es\/blog\/alojamiento-web\/es-excesivo-el-alojamiento-de-wordpress-de-kinsta\/\" class=\"rank-math-html-sitemap__link\">\u00bfEs excesivo el alojamiento de Wordpress de Kinsta?<\/a><\/li><li class=\"rank-math-html-sitemap__item\"><a href=\"https:\/\/yorkshiredesign.co.uk\/es\/blog\/velocidad-de-pagina\/equilibrando-el-rendimiento-y-la-experiencia-del-usuario\/\" class=\"rank-math-html-sitemap__link\">Equilibrando el rendimiento y la experiencia del usuario<\/a><\/li><li class=\"rank-math-html-sitemap__item\"><a href=\"https:\/\/yorkshiredesign.co.uk\/es\/blog\/seo\/cuanto-tiempo-se-tarda-en-clasificar-un-nuevo-sitio-web\/\" class=\"rank-math-html-sitemap__link\">\u00bfCu\u00e1nto tiempo lleva clasificar un sitio web nuevo?<\/a><\/li><li class=\"rank-math-html-sitemap__item\"><a href=\"https:\/\/yorkshiredesign.co.uk\/es\/blog\/seo\/dominar-la-construccion-de-enlaces-internos\/\" class=\"rank-math-html-sitemap__link\">Dominar la construcci\u00f3n de enlaces internos<\/a><\/li><li class=\"rank-math-html-sitemap__item\"><a href=\"https:\/\/yorkshiredesign.co.uk\/es\/blog\/seo\/dominar-la-consola-de-busqueda-de-google\/\" class=\"rank-math-html-sitemap__link\">Domina la consola de b\u00fasqueda de Google<\/a><\/li><li class=\"rank-math-html-sitemap__item\"><a href=\"https:\/\/yorkshiredesign.co.uk\/es\/blog\/seo\/explicando-las-fluctuaciones-en-el-ranking-de-google\/\" class=\"rank-math-html-sitemap__link\">Navegando por las fluctuaciones en el ranking de Google<\/a><\/li><li class=\"rank-math-html-sitemap__item\"><a href=\"https:\/\/yorkshiredesign.co.uk\/es\/blog\/seo\/que-es-el-analisis-de-la-competencia\/\" class=\"rank-math-html-sitemap__link\">\u00bfQu\u00e9 es el an\u00e1lisis de la competencia?<\/a><\/li><li class=\"rank-math-html-sitemap__item\"><a href=\"https:\/\/yorkshiredesign.co.uk\/es\/blog\/seo\/desentranar-las-limitaciones-de-los-verificadores-de-rango-seo\/\" class=\"rank-math-html-sitemap__link\">Desentra\u00f1ar las limitaciones de los verificadores de clasificaci\u00f3n SEO<\/a><\/li><li class=\"rank-math-html-sitemap__item\"><a href=\"https:\/\/yorkshiredesign.co.uk\/es\/blog\/diseno-webs\/los-sitios-web-mas-grandes-que-no-sabias-eran-wordpress\/\" class=\"rank-math-html-sitemap__link\">Sitios web que no sab\u00edas que eran Wordpress<\/a><\/li><li class=\"rank-math-html-sitemap__item\"><a href=\"https:\/\/yorkshiredesign.co.uk\/es\/blog\/diseno-webs\/usando-fragmentos-de-codigo-personalizados-generados-por-ia\/\" class=\"rank-math-html-sitemap__link\">Uso de fragmentos de c\u00f3digo personalizados generados por IA<\/a><\/li><li class=\"rank-math-html-sitemap__item\"><a href=\"https:\/\/yorkshiredesign.co.uk\/es\/blog\/diseno-webs\/las-mejores-ctas-de-contacto-para-tu-sitio-web\/\" class=\"rank-math-html-sitemap__link\">Comprensi\u00f3n de las CTA de contacto en su sitio web<\/a><\/li><li class=\"rank-math-html-sitemap__item\"><a href=\"https:\/\/yorkshiredesign.co.uk\/es\/blog\/diseno-webs\/contratar-a-un-profesional-independiente-para-crear-un-sitio-web\/\" class=\"rank-math-html-sitemap__link\">Contratar a un profesional independiente para crear un sitio web<\/a><\/li><li class=\"rank-math-html-sitemap__item\"><a href=\"https:\/\/yorkshiredesign.co.uk\/es\/blog\/diseno-webs\/cuanta-animacion-es-demasiada-un-sitio-web\/\" class=\"rank-math-html-sitemap__link\">\u00bfCu\u00e1nta animaci\u00f3n es demasiada en un sitio web?<\/a><\/li><li class=\"rank-math-html-sitemap__item\"><a href=\"https:\/\/yorkshiredesign.co.uk\/es\/blog\/diseno-webs\/revelando-los-mejores-temas-de-wordpress\/\" class=\"rank-math-html-sitemap__link\">Revelando los mejores temas de WordPress<\/a><\/li><li class=\"rank-math-html-sitemap__item\"><a href=\"https:\/\/yorkshiredesign.co.uk\/es\/blog\/diseno-webs\/evitando-optimizar-demasiado-las-imagenes-para-wordpress\/\" class=\"rank-math-html-sitemap__link\">Evitar optimizar excesivamente las im\u00e1genes para WordPress<\/a><\/li><li class=\"rank-math-html-sitemap__item\"><a href=\"https:\/\/yorkshiredesign.co.uk\/es\/blog\/wordpress\/errores-comunes-en-sitios-web-de-wordpress\/\" class=\"rank-math-html-sitemap__link\">Errores comunes en los sitios web de WordPress<\/a><\/li><li class=\"rank-math-html-sitemap__item\"><a href=\"https:\/\/yorkshiredesign.co.uk\/es\/blog\/diseno-webs\/elementos-esenciales-de-un-sitio-web-wordpress-de-alta-calidad\/\" class=\"rank-math-html-sitemap__link\">Elementos esenciales de un sitio web de WordPress<\/a><\/li><li class=\"rank-math-html-sitemap__item\"><a href=\"https:\/\/yorkshiredesign.co.uk\/es\/blog\/velocidad-de-pagina\/revelando-los-pros-y-los-contras-de-wp-rocket\/\" class=\"rank-math-html-sitemap__link\">Revelando los pros y los contras de WP Rocket<\/a><\/li><li class=\"rank-math-html-sitemap__item\"><a href=\"https:\/\/yorkshiredesign.co.uk\/es\/blog\/velocidad-de-pagina\/los-peligros-de-contratar-autonomos-incompetentes\/\" class=\"rank-math-html-sitemap__link\">Los peligros de contratar aut\u00f3nomos incompetentes<\/a><\/li><li class=\"rank-math-html-sitemap__item\"><a href=\"https:\/\/yorkshiredesign.co.uk\/es\/blog\/velocidad-de-pagina\/presentando-los-futuros-core-web-vitals-en-2024\/\" class=\"rank-math-html-sitemap__link\">Revelando el futuro: Core Web Vitals en 2024<\/a><\/li><li class=\"rank-math-html-sitemap__item\"><a href=\"https:\/\/yorkshiredesign.co.uk\/es\/blog\/velocidad-de-pagina\/medir-la-interaccion-y-la-siguiente-pintura\/\" class=\"rank-math-html-sitemap__link\">Medici\u00f3n de la interacci\u00f3n y siguiente pintura<\/a><\/li><li class=\"rank-math-html-sitemap__item\"><a href=\"https:\/\/yorkshiredesign.co.uk\/es\/blog\/velocidad-de-pagina\/comprender-el-cambio-de-diseno-acumulativo\/\" class=\"rank-math-html-sitemap__link\">Comprender el cambio de dise\u00f1o acumulativo<\/a><\/li><li class=\"rank-math-html-sitemap__item\"><a href=\"https:\/\/yorkshiredesign.co.uk\/es\/blog\/velocidad-de-pagina\/el-poder-invisible-de-la-velocidad-de-la-google-pagina\/\" class=\"rank-math-html-sitemap__link\">El poder invisible de la velocidad de la p\u00e1gina<\/a><\/li><li class=\"rank-math-html-sitemap__item\"><a href=\"https:\/\/yorkshiredesign.co.uk\/es\/blog\/velocidad-de-pagina\/comprender-los-elementos-basicos-de-la-webs\/\" class=\"rank-math-html-sitemap__link\">Comprensi\u00f3n de los elementos b\u00e1sicos de la Web<\/a><\/li><li class=\"rank-math-html-sitemap__item\"><a href=\"https:\/\/yorkshiredesign.co.uk\/es\/blog\/velocidad-de-pagina\/grandes-beneficios-de-aumentar-la-velocidad-de-la-pagina\/\" class=\"rank-math-html-sitemap__link\">Profundos beneficios de aumentar la velocidad de la p\u00e1gina<\/a><\/li><li class=\"rank-math-html-sitemap__item\"><a href=\"https:\/\/yorkshiredesign.co.uk\/es\/blog\/velocidad-de-pagina\/revelando-las-puntuaciones-enigma-de-google-y-pagespeed\/\" class=\"rank-math-html-sitemap__link\">Revelando el enigma - PageSpeed Scores<\/a><\/li><\/ul><\/div><div class=\"rank-math-html-sitemap__section rank-math-html-sitemap__section--post-type rank-math-html-sitemap__section--page\"><h2 class=\"rank-math-html-sitemap__title\">P\u00e1ginas<\/h2><ul class=\"rank-math-html-sitemap__list\"><li class=\"rank-math-html-sitemap__item\"><a href=\"https:\/\/yorkshiredesign.co.uk\/es\/pasar-los-elementos-basicos-de-la-web\/\" class=\"rank-math-html-sitemap__link\">Pase los elementos b\u00e1sicos de la Web<\/a><\/li><li class=\"rank-math-html-sitemap__item\"><a href=\"https:\/\/yorkshiredesign.co.uk\/es\/area-de-clientes\/\" class=\"rank-math-html-sitemap__link\">\u00c1rea de Clientes<\/a><\/li><li class=\"rank-math-html-sitemap__item\"><a href=\"https:\/\/yorkshiredesign.co.uk\/es\/\" class=\"rank-math-html-sitemap__link\">Hogar<\/a><\/li><li class=\"rank-math-html-sitemap__item\"><a href=\"https:\/\/yorkshiredesign.co.uk\/es\/disenadores-web\/\" class=\"rank-math-html-sitemap__link\">Dise\u00f1adores web<\/a><\/li><li class=\"rank-math-html-sitemap__item\"><a href=\"https:\/\/yorkshiredesign.co.uk\/es\/mantenimiento-del-sitio-web\/\" class=\"rank-math-html-sitemap__link\">Mantenimiento del sitio web<\/a><\/li><li class=\"rank-math-html-sitemap__item\"><a href=\"https:\/\/yorkshiredesign.co.uk\/es\/velocidad-de-pagina-mas-rapida\/\" class=\"rank-math-html-sitemap__link\">Velocidad de p\u00e1gina m\u00e1s r\u00e1pida<\/a><\/li><li class=\"rank-math-html-sitemap__item\"><a href=\"https:\/\/yorkshiredesign.co.uk\/es\/blog\/\" class=\"rank-math-html-sitemap__link\">Blog<\/a><ul class=\"rank-math-html-sitemap__list\"><li class=\"rank-math-html-sitemap__item\"><a href=\"https:\/\/yorkshiredesign.co.uk\/es\/blog\/alojamiento-web\/\" class=\"rank-math-html-sitemap__link\">Alojamiento web<\/a><\/li><li class=\"rank-math-html-sitemap__item\"><a href=\"https:\/\/yorkshiredesign.co.uk\/es\/blog\/diseno-webs\/\" class=\"rank-math-html-sitemap__link\">Dise\u00f1o web<\/a><\/li><li class=\"rank-math-html-sitemap__item\"><a href=\"https:\/\/yorkshiredesign.co.uk\/es\/blog\/velocidad-de-pagina\/\" class=\"rank-math-html-sitemap__link\">Velocidad de p\u00e1gina<\/a><\/li><li class=\"rank-math-html-sitemap__item\"><a href=\"https:\/\/yorkshiredesign.co.uk\/es\/blog\/wordpress\/\" class=\"rank-math-html-sitemap__link\">Wordpress<\/a><\/li><li class=\"rank-math-html-sitemap__item\"><a href=\"https:\/\/yorkshiredesign.co.uk\/es\/blog\/contenido\/\" class=\"rank-math-html-sitemap__link\">Contenido<\/a><\/li><li class=\"rank-math-html-sitemap__item\"><a href=\"https:\/\/yorkshiredesign.co.uk\/es\/blog\/seo\/\" class=\"rank-math-html-sitemap__link\">SEO<\/a><\/li><\/ul><\/li><li class=\"rank-math-html-sitemap__item\"><a href=\"https:\/\/yorkshiredesign.co.uk\/es\/guia-de-velocidad-de-pagina\/\" class=\"rank-math-html-sitemap__link\">Gu\u00eda de velocidad de p\u00e1gina<\/a><ul class=\"rank-math-html-sitemap__list\"><li class=\"rank-math-html-sitemap__item\"><a href=\"https:\/\/yorkshiredesign.co.uk\/es\/guia-de-velocidad-de-pagina\/organizador-de-complementos\/\" class=\"rank-math-html-sitemap__link\">Organizador de complementos<\/a><\/li><li class=\"rank-math-html-sitemap__item\"><a href=\"https:\/\/yorkshiredesign.co.uk\/es\/guia-de-velocidad-de-pagina\/cohete-wp\/\" class=\"rank-math-html-sitemap__link\">Cohete WP<\/a><\/li><li class=\"rank-math-html-sitemap__item\"><a href=\"https:\/\/yorkshiredesign.co.uk\/es\/guia-de-velocidad-de-pagina\/carga-rapida\/\" class=\"rank-math-html-sitemap__link\">Carga r\u00e1pida<\/a><\/li><li class=\"rank-math-html-sitemap__item\"><a href=\"https:\/\/yorkshiredesign.co.uk\/es\/guia-de-velocidad-de-pagina\/optimizacion-de-imagen\/\" class=\"rank-math-html-sitemap__link\">Optimizaci\u00f3n de imagen<\/a><\/li><li class=\"rank-math-html-sitemap__item\"><a href=\"https:\/\/yorkshiredesign.co.uk\/es\/guia-de-velocidad-de-pagina\/configuracion-del-servidor\/\" class=\"rank-math-html-sitemap__link\">Configuraci\u00f3n del servidor<\/a><\/li><li class=\"rank-math-html-sitemap__item\"><a href=\"https:\/\/yorkshiredesign.co.uk\/es\/guia-de-velocidad-de-pagina\/instalar-complementos\/\" class=\"rank-math-html-sitemap__link\">Instalar complementos<\/a><\/li><li class=\"rank-math-html-sitemap__item\"><a href=\"https:\/\/yorkshiredesign.co.uk\/es\/guia-de-velocidad-de-pagina\/consejos-de-velocidad-de-pagina\/\" class=\"rank-math-html-sitemap__link\">Consejos de velocidad de p\u00e1gina<\/a><\/li><li class=\"rank-math-html-sitemap__item\"><a href=\"https:\/\/yorkshiredesign.co.uk\/es\/guia-de-velocidad-de-pagina\/analisis-de-vuelo\/\" class=\"rank-math-html-sitemap__link\">An\u00e1lisis de vuelo<\/a><\/li><li class=\"rank-math-html-sitemap__item\"><a href=\"https:\/\/yorkshiredesign.co.uk\/es\/guia-de-velocidad-de-pagina\/limpieza-de-activos-pro\/\" class=\"rank-math-html-sitemap__link\">Limpieza de activos profesional<\/a><\/li><li class=\"rank-math-html-sitemap__item\"><a href=\"https:\/\/yorkshiredesign.co.uk\/es\/guia-de-velocidad-de-pagina\/dios-mio-font\/\" class=\"rank-math-html-sitemap__link\">Dios m\u00edo<\/a><\/li><\/ul><\/li><li class=\"rank-math-html-sitemap__item\"><a href=\"https:\/\/yorkshiredesign.co.uk\/es\/portfolio\/\" class=\"rank-math-html-sitemap__link\">portafolio<\/a><\/li><li class=\"rank-math-html-sitemap__item\"><a href=\"https:\/\/yorkshiredesign.co.uk\/es\/mapa-del-sitio\/\" class=\"rank-math-html-sitemap__link\">Mapa del sitio<\/a><\/li><li class=\"rank-math-html-sitemap__item\"><a href=\"https:\/\/yorkshiredesign.co.uk\/es\/terminos-y-condiciones\/\" class=\"rank-math-html-sitemap__link\">T\u00e9rminos y condiciones<\/a><\/li><li class=\"rank-math-html-sitemap__item\"><a href=\"https:\/\/yorkshiredesign.co.uk\/es\/terminos\/\" class=\"rank-math-html-sitemap__link\">T\u00e9rminos<\/a><\/li><li class=\"rank-math-html-sitemap__item\"><a href=\"https:\/\/yorkshiredesign.co.uk\/es\/el-sobre-nosotros\/\" class=\"rank-math-html-sitemap__link\">Sobre nosotros<\/a><\/li><li class=\"rank-math-html-sitemap__item\"><a href=\"https:\/\/yorkshiredesign.co.uk\/es\/tienda-virtual\/\" class=\"rank-math-html-sitemap__link\">Tienda virtual<\/a><\/li><li class=\"rank-math-html-sitemap__item\"><a href=\"https:\/\/yorkshiredesign.co.uk\/es\/contactenos\/\" class=\"rank-math-html-sitemap__link\">Cont\u00e1ctenos<\/a><\/li><\/ul><\/div><div class=\"rank-math-html-sitemap__section rank-math-html-sitemap__section--post-type rank-math-html-sitemap__section--portfolio-item\"><h2 class=\"rank-math-html-sitemap__title\">portafolio<\/h2><ul class=\"rank-math-html-sitemap__list\"><li class=\"rank-math-html-sitemap__item\"><a href=\"https:\/\/yorkshiredesign.co.uk\/es\/blog\/portfolio\/godiva-physiotherapy\/\" class=\"rank-math-html-sitemap__link\">Godiva Physiotherapy<\/a><\/li><li class=\"rank-math-html-sitemap__item\"><a href=\"https:\/\/yorkshiredesign.co.uk\/es\/blog\/portfolio\/bedford-electrician\/\" class=\"rank-math-html-sitemap__link\">Bedford Electrician<\/a><\/li><li class=\"rank-math-html-sitemap__item\"><a href=\"https:\/\/yorkshiredesign.co.uk\/es\/blog\/portfolio\/envy-websites\/\" class=\"rank-math-html-sitemap__link\">Envy Websites<\/a><\/li><li class=\"rank-math-html-sitemap__item\"><a href=\"https:\/\/yorkshiredesign.co.uk\/es\/blog\/portfolio\/carrera-mas-inteligente\/\" class=\"rank-math-html-sitemap__link\">Carrera m\u00e1s inteligente<\/a><\/li><li class=\"rank-math-html-sitemap__item\"><a href=\"https:\/\/yorkshiredesign.co.uk\/es\/blog\/portfolio\/maestros-de-comunicaciones\/\" class=\"rank-math-html-sitemap__link\">Maestros de las comunicaciones<\/a><\/li><li class=\"rank-math-html-sitemap__item\"><a href=\"https:\/\/yorkshiredesign.co.uk\/es\/blog\/portfolio\/el-rana\/\" class=\"rank-math-html-sitemap__link\">rana<\/a><\/li><li class=\"rank-math-html-sitemap__item\"><a href=\"https:\/\/yorkshiredesign.co.uk\/es\/blog\/portfolio\/encuentrame-ahoras\/\" class=\"rank-math-html-sitemap__link\">Encu\u00e9ntrame ahora<\/a><\/li><li class=\"rank-math-html-sitemap__item\"><a href=\"https:\/\/yorkshiredesign.co.uk\/es\/blog\/portfolio\/adyield-web\/\" class=\"rank-math-html-sitemap__link\">Adyield<\/a><\/li><li class=\"rank-math-html-sitemap__item\"><a href=\"https:\/\/yorkshiredesign.co.uk\/es\/blog\/portfolio\/el-paredes-en-crecimiento\/\" class=\"rank-math-html-sitemap__link\">Muros en crecimiento<\/a><\/li><li class=\"rank-math-html-sitemap__item\"><a href=\"https:\/\/yorkshiredesign.co.uk\/es\/blog\/portfolio\/paisajes-de-cesped-bolton\/\" class=\"rank-math-html-sitemap__link\">C\u00e9sped y paisajes de Bolton<\/a><\/li><li class=\"rank-math-html-sitemap__item\"><a href=\"https:\/\/yorkshiredesign.co.uk\/es\/blog\/portfolio\/almacenamiento-mudanzas-bedford\/\" class=\"rank-math-html-sitemap__link\">Mudanzas y almacenamiento en Bedford<\/a><\/li><li class=\"rank-math-html-sitemap__item\"><a href=\"https:\/\/yorkshiredesign.co.uk\/es\/blog\/portfolio\/constructores-el-oyce\/\" class=\"rank-math-html-sitemap__link\">Constructores Joyce<\/a><\/li><li class=\"rank-math-html-sitemap__item\"><a href=\"https:\/\/yorkshiredesign.co.uk\/es\/blog\/portfolio\/el-teatro-de-la-garzas\/\" class=\"rank-math-html-sitemap__link\">El teatro garza<\/a><\/li><li class=\"rank-math-html-sitemap__item\"><a href=\"https:\/\/yorkshiredesign.co.uk\/es\/blog\/portfolio\/jardineros-de-bedford\/\" class=\"rank-math-html-sitemap__link\">Jardinero de Bedford<\/a><\/li><li class=\"rank-math-html-sitemap__item\"><a href=\"https:\/\/yorkshiredesign.co.uk\/es\/blog\/portfolio\/diseno-de-yorkshire-design\/\" class=\"rank-math-html-sitemap__link\">Dise\u00f1o de Yorkshire<\/a><\/li><li class=\"rank-math-html-sitemap__item\"><a href=\"https:\/\/yorkshiredesign.co.uk\/es\/blog\/portfolio\/el-vacaciones-que-admiten-mascotas\/\" class=\"rank-math-html-sitemap__link\">Vacaciones que admiten mascotas<\/a><\/li><li class=\"rank-math-html-sitemap__item\"><a href=\"https:\/\/yorkshiredesign.co.uk\/es\/blog\/portfolio\/libelula-video\/\" class=\"rank-math-html-sitemap__link\">Lib\u00e9lula<\/a><\/li><\/ul><\/div><div class=\"rank-math-html-sitemap__section rank-math-html-sitemap__section--post-type rank-math-html-sitemap__section--product\"><h2 class=\"rank-math-html-sitemap__title\">Productos<\/h2><ul class=\"rank-math-html-sitemap__list\"><li class=\"rank-math-html-sitemap__item\"><a href=\"https:\/\/yorkshiredesign.co.uk\/es\/producto\/ajuste-de-velocidad-de-pagina\/\" class=\"rank-math-html-sitemap__link\">Ajuste de velocidad de p\u00e1gina<\/a><\/li><li class=\"rank-math-html-sitemap__item\"><a href=\"https:\/\/yorkshiredesign.co.uk\/es\/producto\/diseno-de-paginas-a-webs\/\" class=\"rank-math-html-sitemap__link\">Dise\u00f1o de p\u00e1ginas web<\/a><\/li><li class=\"rank-math-html-sitemap__item\"><a href=\"https:\/\/yorkshiredesign.co.uk\/es\/producto\/mantenimiento-del-sitio-web\/\" class=\"rank-math-html-sitemap__link\">Mantenimiento del sitio web<\/a><\/li><\/ul><\/div><\/div>\n\t\t<\/div>\n\t<\/div>\n<\/div><\/div><\/div><\/div><\/div><\/div><div class=\"vc_row wpb_row vc_row-fluid\" ><div class=\"wpb_column vc_column_container vc_col-sm-12 vc_hidden-xs\"><div class=\"vc_column-inner\"><div class=\"wpb_wrapper\"><div class=\"vc_empty_space\"   style=\"height: 30px\"><span class=\"vc_empty_space_inner\"><\/span><\/div><\/div><\/div><\/div><\/div><div data-vc-full-width=\"true\" data-vc-full-width-init=\"false\" class=\"vc_row wpb_row vc_row-fluid vc_custom_1627982228435 vc_row-has-fill edgtf-content-aligment-center\" style=\"background-color:#203a53\"><div class=\"wpb_column vc_column_container vc_col-sm-12\"><div class=\"vc_column-inner\"><div class=\"wpb_wrapper\">\n\t<div class=\"wpb_text_column wpb_content_element\" >\n\t\t<div class=\"wpb_wrapper\">\n\t\t\t<p class=\"h3big\" style=\"text-align: center; color: #ffffff;\">Dise\u00f1o web &amp; <span style=\"color: #fc0;\">SEO<\/span><\/p>\n\n\t\t<\/div>\n\t<\/div>\n<\/div><\/div><\/div><\/div><div class=\"vc_row-full-width vc_clearfix\"><\/div>\n<\/div>","protected":false},"excerpt":{"rendered":"<p>Mapa del sitio de dise\u00f1o de Yorkshire<\/p>","protected":false},"author":1,"featured_media":0,"parent":0,"menu_order":0,"comment_status":"closed","ping_status":"closed","template":"full-width.php","meta":{"footnotes":""},"categories":[],"tags":[],"class_list":["post-28790","page","type-page","status-publish","hentry"],"_links":{"self":[{"href":"https:\/\/yorkshiredesign.co.uk\/es\/wp-json\/wp\/v2\/pages\/28790","targetHints":{"allow":["GET"]}}],"collection":[{"href":"https:\/\/yorkshiredesign.co.uk\/es\/wp-json\/wp\/v2\/pages"}],"about":[{"href":"https:\/\/yorkshiredesign.co.uk\/es\/wp-json\/wp\/v2\/types\/page"}],"author":[{"embeddable":true,"href":"https:\/\/yorkshiredesign.co.uk\/es\/wp-json\/wp\/v2\/users\/1"}],"replies":[{"embeddable":true,"href":"https:\/\/yorkshiredesign.co.uk\/es\/wp-json\/wp\/v2\/comments?post=28790"}],"version-history":[{"count":2,"href":"https:\/\/yorkshiredesign.co.uk\/es\/wp-json\/wp\/v2\/pages\/28790\/revisions"}],"predecessor-version":[{"id":37410,"href":"https:\/\/yorkshiredesign.co.uk\/es\/wp-json\/wp\/v2\/pages\/28790\/revisions\/37410"}],"wp:attachment":[{"href":"https:\/\/yorkshiredesign.co.uk\/es\/wp-json\/wp\/v2\/media?parent=28790"}],"wp:term":[{"taxonomy":"category","embeddable":true,"href":"https:\/\/yorkshiredesign.co.uk\/es\/wp-json\/wp\/v2\/categories?post=28790"},{"taxonomy":"post_tag","embeddable":true,"href":"https:\/\/yorkshiredesign.co.uk\/es\/wp-json\/wp\/v2\/tags?post=28790"}],"curies":[{"name":"wp","href":"https:\/\/api.w.org\/{rel}","templated":true}]}}