{"id":528,"date":"2020-09-02T09:10:37","date_gmt":"2020-09-02T09:10:37","guid":{"rendered":"http:\/\/pxlz.edge-themes.com\/?page_id=528"},"modified":"2025-05-12T17:49:45","modified_gmt":"2025-05-12T16:49:45","slug":"el-sobre-nosotros","status":"publish","type":"page","link":"https:\/\/yorkshiredesign.co.uk\/es\/el-sobre-nosotros\/","title":{"rendered":"Sobre nosotros"},"content":{"rendered":"<div class=\"wpb-content-wrapper\"><div class=\"vc_row wpb_row vc_row-fluid tabbyup edgtf-content-aligment-center\" ><div class=\"tabbyup wpb_column vc_column_container vc_col-sm-12 vc_hidden-lg vc_hidden-md vc_hidden-sm\"><div class=\"vc_column-inner\"><div class=\"wpb_wrapper\"><div class=\"vc_empty_space\"   style=\"height: 100px\"><span class=\"vc_empty_space_inner\"><\/span><\/div><\/div><\/div><\/div><\/div><div class=\"vc_row wpb_row vc_row-fluid slidetabdown vc_row-o-content-top vc_row-flex\" ><div class=\"slidetabber wpb_column vc_column_container vc_col-sm-12\"><div class=\"vc_column-inner vc_custom_1744909398658\"><div class=\"wpb_wrapper\">\n\t\t\t<!-- START Web Design Blog REVOLUTION SLIDER 6.7.34 --><p class=\"rs-p-wp-fix\"><\/p>\n\t\t\t<rs-module-wrap id=\"rev_slider_109_1_wrapper\" data-source=\"gallery\" style=\"visibility:hidden;background:transparent;padding:0;margin:0px auto;margin-top:0;margin-bottom:0;\">\n\t\t\t\t<rs-module id=\"rev_slider_109_1\" class=\"rs-ov-hidden\" style=\"\" data-version=\"6.7.34\">\n\t\t\t\t\t<rs-slides style=\"overflow: hidden; position: absolute;\">\n\t\t\t\t\t\t<rs-slide style=\"position: absolute;\" data-key=\"rs-175\" data-title=\"Slide\" data-duration=\"7490\" data-anim=\"adpr:false;ms:10;\" data-in=\"o:1;\" data-out=\"a:false;\">\n\t\t\t\t\t\t\t<img decoding=\"async\" src=\"\/\/yorkshiredesign.co.uk\/wp-content\/plugins\/revslider\/sr6\/assets\/assets\/dummy.png\" alt=\"\" class=\"rev-slidebg tp-rs-img rs-lazyload\" data-lazyload=\"\/\/yorkshiredesign.co.uk\/wp-content\/uploads\/revslider\/video-media\/UX-Banner_175.jpeg\" data-parallax=\"14\" data-no-retina title=\"\">\n\t\t\t\t\t\t\t<rs-bgvideo \n\t\t\t\t\t\t\t\tdata-video=\"w:100%;h:100%;nse:false;l:true;ptimer:false;vfc:true;\"\n\t\t\t\t\t\t\t\tdata-mp4=\"\/\/yorkshiredesign.co.uk\/wp-content\/uploads\/2022\/03\/UX-Banner.mp4\"\n\t\t\t\t\t\t\t><\/rs-bgvideo>\n<!--\n\t\t\t\t\t\t\t--><h1\n\t\t\t\t\t\t\t\tid=\"slider-109-slide-175-layer-11\" \n\t\t\t\t\t\t\t\tclass=\"rs-layer\"\n\t\t\t\t\t\t\t\tdata-type=\"text\"\n\t\t\t\t\t\t\t\tdata-bsh=\"c:rgba(0,0,0,0.5);\"\n\t\t\t\t\t\t\t\tdata-tsh=\"c:rgba(0,0,0,0.75);h:7px,4px,2px,0px;v:7px,4px,2px,0px;b:10px,7px,5px,2px;\"\n\t\t\t\t\t\t\t\tdata-rsp_ch=\"on\"\n\t\t\t\t\t\t\t\ttitle=\"Nuestros clientes son exclusivos\"\n\t\t\t\t\t\t\t\tdata-xy=\"x:l,l,c,c;xo:38px,27px,0,0;y:m;yo:60px,70px,20px,40px;\"\n\t\t\t\t\t\t\t\tdata-text=\"w:normal;s:80,80,80,60;l:100,100,100,70;fw:500;a:inherit,inherit,center,center;\"\n\t\t\t\t\t\t\t\tdata-dim=\"w:1308px,1163px,552px,415px;\"\n\t\t\t\t\t\t\t\tdata-tst=\"w:2px;c:#1d1d1d;\"\n\t\t\t\t\t\t\t\tdata-border=\"bor:0%,0%,0%,0%;\"\n\t\t\t\t\t\t\t\tdata-frame_0=\"o:1;\"\n\t\t\t\t\t\t\t\tdata-frame_0_chars=\"d:5;x:ran(-250|250);y:ran(-150|150);sX:ran(0|1);sY:ran(0|1);o:0;rX:ran(-90|90);rY:ran(-90|90);rZ:ran(-360|360);\"\n\t\t\t\t\t\t\t\tdata-frame_1=\"e:power4.inOut;sp:2000;sR:10;\"\n\t\t\t\t\t\t\t\tdata-frame_1_chars=\"d:5;\"\n\t\t\t\t\t\t\t\tdata-frame_999=\"x:-20px,-14px,-10px,-4px;o:0;e:power1.inOut;st:w;sp:500;sR:4430;\"\n\t\t\t\t\t\t\t\tstyle=\"z-index:5;font-family:'Oswald';text-transform:uppercase;\"\n\t\t\t\t\t\t\t>Acerca de m\u00ed\n \n\t\t\t\t\t\t\t<\/h1><!--\n-->\t\t\t\t\t<\/rs-slide>\n\t\t\t\t\t<\/rs-slides>\n\t\t\t\t<\/rs-module>\n\t\t\t\t<script>\n\t\t\t\t\tsetREVStartSize({c: 'rev_slider_109_1',rl:[1920,1280,1023,480],el:[500,430,600,430],gw:[1920,1368,1024,480],gh:[500,430,600,430],type:'hero',justify:'',layout:'fullwidth',mh:\"0\"});if (window.RS_MODULES!==undefined && window.RS_MODULES.modules!==undefined && window.RS_MODULES.modules[\"revslider1091\"]!==undefined) {window.RS_MODULES.modules[\"revslider1091\"].once = false;window.revapi109 = undefined;if (window.RS_MODULES.checkMinimal!==undefined) window.RS_MODULES.checkMinimal()}\n\t\t\t\t<\/script>\n\t\t\t<\/rs-module-wrap>\n\t\t\t<!-- END REVOLUTION SLIDER -->\n<\/div><\/div><\/div><\/div><div class=\"vc_row wpb_row vc_row-fluid vc_row-o-equal-height vc_row-o-content-middle vc_row-flex edgtf-content-aligment-center\" ><div class=\"wpb_column vc_column_container vc_col-sm-12 vc_col-lg-offset-0 vc_col-lg-4 vc_col-md-offset-0 vc_col-md-4 vc_col-sm-offset-0 vc_hidden-sm vc_col-xs-12 vc_hidden-xs vc_col-has-fill\"><div class=\"vc_column-inner vc_custom_1703980332934\"><div class=\"wpb_wrapper\"><div class=\"edgtf-elements-holder   edgtf-one-column  edgtf-responsive-mode-768\" ><div class=\"edgtf-eh-item   edgtf-horizontal-alignment-center\"  data-item-class=\"edgtf-eh-custom-8594\" data-1280-1600=\"0 0 62px 2%\" data-1024-1280=\"0 0 62px 3.5%\" data-768-1024=\"106px 0 166px 0\" data-680-768=\"106px 0 166px 0\" data-680=\"65px 0 123px 0\">\n    <div class=\"edgtf-eh-item-inner\">\n        <div class=\"edgtf-eh-item-content edgtf-eh-custom-8594\" >\n            \n\t<div  class=\"wpb_single_image wpb_content_element vc_align_center wpb_content_element vc_custom_1691405674228\">\n\t\t\n\t\t<figure class=\"wpb_wrapper vc_figure\">\n\t\t\t<div class=\"vc_single_image-wrapper vc_box_rounded  vc_box_border_grey\"><img loading=\"lazy\" decoding=\"async\" width=\"512\" height=\"512\" src=\"https:\/\/yorkshiredesign.co.uk\/wp-content\/uploads\/2020\/12\/YD-Splash.png\" class=\"vc_single_image-img attachment-full\" alt=\"Pantalla de presentaci\u00f3n de dise\u00f1o de Yorkshire\" title=\"YD-Splash\" srcset=\"https:\/\/yorkshiredesign.co.uk\/wp-content\/uploads\/2020\/12\/YD-Splash.png 512w, https:\/\/yorkshiredesign.co.uk\/wp-content\/uploads\/2020\/12\/YD-Splash-300x300.png 300w, https:\/\/yorkshiredesign.co.uk\/wp-content\/uploads\/2020\/12\/YD-Splash-150x150.png 150w, https:\/\/yorkshiredesign.co.uk\/wp-content\/uploads\/2020\/12\/YD-Splash-12x12.png 12w, https:\/\/yorkshiredesign.co.uk\/wp-content\/uploads\/2020\/12\/YD-Splash-100x100.png 100w\" sizes=\"auto, (max-width: 512px) 100vw, 512px\" \/><\/div>\n\t\t<\/figure>\n\t<\/div>\n        <\/div>\n    <\/div>\n<\/div><\/div><\/div><\/div><\/div><div class=\"wpb_column vc_column_container vc_col-sm-12 vc_col-lg-offset-0 vc_col-lg-4 vc_col-md-offset-0 vc_col-md-8 vc_col-sm-offset-0 vc_col-xs-12 vc_col-has-fill\"><div class=\"vc_column-inner vc_custom_1683091333453\"><div class=\"wpb_wrapper\"><div class=\"edgtf-elements-holder   edgtf-one-column  edgtf-responsive-mode-768\" ><div class=\"edgtf-eh-item  edgtf-vertical-alignment-top edgtf-horizontal-alignment-center\"  data-item-class=\"edgtf-eh-custom-5412\">\n    <div class=\"edgtf-eh-item-inner\">\n        <div class=\"edgtf-eh-item-content edgtf-eh-custom-5412\" style=\"padding: 0px 20px 0px 20px\">\n            \n\t<div class=\"wpb_text_column wpb_content_element vc_custom_1747067791109\" >\n\t\t<div class=\"wpb_wrapper\">\n\t\t\t<h1 class=\"h1yellow\">A GENUINE <span style=\"color: #ffcc00;\">ESPECIALISTA<\/span><\/h1>\n\n\t\t<\/div>\n\t<\/div>\n\n\t<div class=\"wpb_text_column wpb_content_element vc_custom_1747068279067\" >\n\t\t<div class=\"wpb_wrapper\">\n\t\t\t<p style=\"line-height: 33px; text-align: justify; margin-bottom: 20px;\">I&#8217;m Simon, a full stack website developer who can bring your vision to life with my 20+ years of experience with both web design and SEO. I also have over 15 years of experience with WordPress.<\/p>\n<p style=\"line-height: 33px; text-align: justify;\">Pewrforming every single facet of web design and SEO, you can be assured that you are in good hands. You can also see my other more modern website at <strong><a title=\"Envy Websites\" href=\"https:\/\/envywebsites.com\" target=\"_new\" rel=\"noopener\">Envy Websites<\/a><\/strong><strong>, <\/strong>where you can see my more modern design techniques with Elementor.<\/p>\n<p style=\"line-height: 33px; text-align: justify;\">Todos los sitios web nuevos est\u00e1n centrados en el cliente y est\u00e1n dise\u00f1ados para funcionar teniendo en cuenta la velocidad, el SEO y la usabilidad.<\/p>\n\n\t\t<\/div>\n\t<\/div>\n        <\/div>\n    <\/div>\n<\/div><\/div><\/div><\/div><\/div><div class=\"mobpadsa wpb_column vc_column_container vc_col-sm-12 vc_col-lg-offset-0 vc_col-lg-4 vc_col-md-offset-0 vc_col-md-4 vc_hidden-md vc_col-sm-offset-0 vc_hidden-sm vc_col-xs-12 vc_hidden-xs vc_col-has-fill\"><div class=\"vc_column-inner vc_custom_1744906432172\"><div class=\"wpb_wrapper\">\n\t<div  class=\"wpb_single_image wpb_content_element vc_align_center wpb_content_element vc_custom_1747068046360\">\n\t\t\n\t\t<figure class=\"wpb_wrapper vc_figure\">\n\t\t\t<div class=\"vc_single_image-wrapper vc_box_shadow_3d  vc_box_border_grey\"><img loading=\"lazy\" decoding=\"async\" width=\"1015\" height=\"751\" src=\"https:\/\/yorkshiredesign.co.uk\/wp-content\/uploads\/2025\/05\/Envy.webp\" class=\"vc_single_image-img attachment-full\" alt=\"Screenshot of a website homepage for Envy Online, a design agency, featuring bold text &quot;Web Design &amp; Local SEO,&quot; a navigation menu, and a yellow button labeled &quot;VIEW OUR WORK.&quot; Red curved lines accent the background design.\" title=\"Screenshot of a website homepage for Envy Online, a design agency, featuring bold text &quot;Web Design &amp; Local SEO,&quot; a navigation menu, and a yellow button labeled &quot;VIEW OUR WORK.&quot; Red curved lines accent the background design.\" srcset=\"https:\/\/yorkshiredesign.co.uk\/wp-content\/uploads\/2025\/05\/Envy.webp 1015w, https:\/\/yorkshiredesign.co.uk\/wp-content\/uploads\/2025\/05\/Envy-300x222.webp 300w, https:\/\/yorkshiredesign.co.uk\/wp-content\/uploads\/2025\/05\/Envy-768x568.webp 768w, https:\/\/yorkshiredesign.co.uk\/wp-content\/uploads\/2025\/05\/Envy-16x12.webp 16w, https:\/\/yorkshiredesign.co.uk\/wp-content\/uploads\/2025\/05\/Envy-600x444.webp 600w\" sizes=\"auto, (max-width: 1015px) 100vw, 1015px\" \/><\/div>\n\t\t<\/figure>\n\t<\/div>\n<div class=\"vc_empty_space  nodesk\"   style=\"height: 40px\"><span class=\"vc_empty_space_inner\"><\/span><\/div><\/div><\/div><\/div><\/div><div class=\"vc_row wpb_row vc_row-fluid vc_row-o-equal-height vc_row-o-content-middle vc_row-flex\" ><div class=\"wpb_column vc_column_container vc_col-sm-12 vc_col-lg-offset-0 vc_col-lg-4 vc_col-md-offset-0 vc_col-md-4 vc_col-sm-offset-0 vc_hidden-sm vc_col-xs-12 vc_hidden-xs vc_col-has-fill\"><div class=\"vc_column-inner vc_custom_1744906315602\"><div class=\"wpb_wrapper\"><div class=\"edgtf-elements-holder   edgtf-one-column  edgtf-responsive-mode-768\" ><div class=\"edgtf-eh-item   edgtf-horizontal-alignment-center\"  data-item-class=\"edgtf-eh-custom-3690\">\n    <div class=\"edgtf-eh-item-inner\">\n        <div class=\"edgtf-eh-item-content edgtf-eh-custom-3690\" style=\"padding: 0% 5% 0% 5%\">\n            \n\t<div class=\"wpb_text_column wpb_content_element nomob\" >\n\t\t<div class=\"wpb_wrapper\">\n\t\t\t<p class=\"h3big\" style=\"margin-top: -30px;\"><span style=\"color: #ffcc00;\">Local<\/span><span style=\"color: #ffffff;\"> Consultor de Internet<\/span><\/p>\n\n\t\t<\/div>\n\t<\/div>\n\n\t<div class=\"wpb_text_column wpb_content_element nodesk\" >\n\t\t<div class=\"wpb_wrapper\">\n\t\t\t<p class=\"h3big\" style=\"margin: 0px 0px 30px 0px;\"><span style=\"color: #ffcc00;\">Local<\/span><span style=\"color: #ffffff;\"> Consultor<\/span><\/p>\n\n\t\t<\/div>\n\t<\/div>\n        <\/div>\n    <\/div>\n<\/div><\/div><\/div><\/div><\/div><div class=\"wpb_column vc_column_container vc_col-sm-12 vc_col-lg-offset-0 vc_col-lg-4 vc_col-md-offset-0 vc_col-md-4 vc_col-sm-offset-0 vc_hidden-sm vc_col-xs-12 vc_hidden-xs vc_col-has-fill\"><div class=\"vc_column-inner vc_custom_1744908191782\"><div class=\"wpb_wrapper\"><div class=\"vc_row wpb_row vc_inner vc_row-fluid edgtf-content-aligment-center\" ><div class=\"wpb_column vc_column_container vc_col-sm-12\"><div class=\"vc_column-inner vc_custom_1683190927066\"><div class=\"wpb_wrapper\">\n\t<div  class=\"wpb_single_image wpb_content_element vc_align_center wpb_content_element vc_custom_1706962826147\">\n\t\t\n\t\t<figure class=\"wpb_wrapper vc_figure\">\n\t\t\t<div class=\"vc_single_image-wrapper vc_box_shadow_3d  vc_box_border_grey\"><img loading=\"lazy\" decoding=\"async\" width=\"600\" height=\"450\" src=\"https:\/\/yorkshiredesign.co.uk\/wp-content\/uploads\/2024\/01\/Optimising-Images.jpg\" class=\"vc_single_image-img attachment-full\" alt=\"Port\u00e1til optimizado sobre mesa de caf\u00e9 de madera.\" title=\"Port\u00e1til optimizado sobre mesa de caf\u00e9 de madera.\" srcset=\"https:\/\/yorkshiredesign.co.uk\/wp-content\/uploads\/2024\/01\/Optimising-Images.jpg 600w, https:\/\/yorkshiredesign.co.uk\/wp-content\/uploads\/2024\/01\/Optimising-Images-300x225.jpg 300w, https:\/\/yorkshiredesign.co.uk\/wp-content\/uploads\/2024\/01\/Optimising-Images-16x12.jpg 16w\" sizes=\"auto, (max-width: 600px) 100vw, 600px\" \/><\/div>\n\t\t<\/figure>\n\t<\/div>\n<\/div><\/div><\/div><\/div><\/div><\/div><\/div><div class=\"tabbyup wpb_column vc_column_container vc_col-sm-12 vc_col-lg-offset-0 vc_col-lg-4 vc_col-md-offset-0 vc_col-md-4 vc_col-sm-offset-0 vc_col-xs-12 vc_col-has-fill\"><div class=\"vc_column-inner vc_custom_1744906518145\"><div class=\"wpb_wrapper\"><div class=\"edgtf-elements-holder   edgtf-one-column  edgtf-responsive-mode-768\" ><div class=\"edgtf-eh-item  edgtf-vertical-alignment-top edgtf-horizontal-alignment-center\"  data-item-class=\"edgtf-eh-custom-6947\">\n    <div class=\"edgtf-eh-item-inner\">\n        <div class=\"edgtf-eh-item-content edgtf-eh-custom-6947\" style=\"padding: 0% 20px 0% 20px\">\n            \n\t<div class=\"wpb_text_column wpb_content_element\" >\n\t\t<div class=\"wpb_wrapper\">\n\t\t\t<p class=\"hblack\" style=\"margin-bottom: 20px;\">CONSEGUIR <span style=\"color: #ffcc00;\">T\u00da<\/span> OBSERV\u00d3<\/p>\n\n\t\t<\/div>\n\t<\/div>\n\n\t<div class=\"wpb_text_column wpb_content_element vc_custom_1747068579543\" >\n\t\t<div class=\"wpb_wrapper\">\n\t\t\t<p style=\"line-height: 33px; text-align: justify; margin-bottom: 20px;\">From WordPress <a href=\"https:\/\/yorkshiredesign.co.uk\/es\/portfolio\/\"><strong>dise\u00f1o web hasta asistencia t\u00e9cnica<\/strong><\/a>, I am a web consultant that help get you noticed online. I take pride in a professional service that will really take your website to the next level.<\/p>\n<p style=\"line-height: 33px; text-align: justify;\">A medida que conozca su negocio, puedo aconsejarle sobre c\u00f3mo ser encontrado siempre en l\u00ednea. Llegar\u00e1s a pensar en m\u00ed como tu propio departamento personal de Internet.<\/p>\n<p style=\"line-height: 33px; text-align: justify;\">Whether it is a new website, or kick starting an existing website, I can be your right hand man. I specialise in the technical nuances of SEO, and can also manage your Google Business Profile to help increase visibility.<\/p>\n\n\t\t<\/div>\n\t<\/div>\n        <\/div>\n    <\/div>\n<\/div><\/div><\/div><\/div><\/div><\/div><div class=\"vc_row wpb_row vc_row-fluid vc_row-o-equal-height vc_row-o-content-middle vc_row-flex edgtf-content-aligment-center\" ><div class=\"wpb_column vc_column_container vc_col-sm-12 vc_col-lg-offset-0 vc_col-lg-4 vc_col-md-offset-0 vc_col-md-4 vc_col-sm-offset-0 vc_col-xs-12 vc_col-has-fill\"><div class=\"vc_column-inner vc_custom_1607656031034\"><div class=\"wpb_wrapper\"><div class=\"edgtf-elements-holder   edgtf-one-column  edgtf-responsive-mode-768\" ><div class=\"edgtf-eh-item   edgtf-horizontal-alignment-center\"  data-item-class=\"edgtf-eh-custom-2218\">\n    <div class=\"edgtf-eh-item-inner\">\n        <div class=\"edgtf-eh-item-content edgtf-eh-custom-2218\" style=\"padding: 0% 5% 0% 5%\">\n            \n\t<div class=\"wpb_text_column wpb_content_element vc_custom_1606660649428\" >\n\t\t<div class=\"wpb_wrapper\">\n\t\t\t<p class=\"h3big\"><span style=\"color: #ffffff;\">DISE\u00d1O <\/span><span style=\"color: #ffcc00;\">SERVICIOS<\/span><\/p>\n\n\t\t<\/div>\n\t<\/div>\n        <\/div>\n    <\/div>\n<\/div><\/div><\/div><\/div><\/div><div class=\"wpb_column vc_column_container vc_col-sm-12 vc_col-lg-offset-0 vc_col-lg-4 vc_col-md-offset-0 vc_col-md-4 vc_col-sm-offset-0 vc_col-xs-12 vc_col-has-fill\"><div class=\"vc_column-inner vc_custom_1642268088800\"><div class=\"wpb_wrapper\"><div class=\"edgtf-elements-holder   edgtf-one-column  edgtf-responsive-mode-768\" ><div class=\"edgtf-eh-item\"  data-item-class=\"edgtf-eh-custom-9407\">\n    <div class=\"edgtf-eh-item-inner\">\n        <div class=\"edgtf-eh-item-content edgtf-eh-custom-9407\" style=\"padding: 0px 20px 0px 20px\">\n            \n\t<div class=\"wpb_text_column wpb_content_element vc_custom_1606689110528\" >\n\t\t<div class=\"wpb_wrapper\">\n\t\t\t<h2 class=\"hblack\" style=\"text-align: center;\" align=\"justify\">Experiencia<span style=\"color: #ffcc00;\">\u00a0Asuntos<\/span><\/h2>\n\n\t\t<\/div>\n\t<\/div>\n\n\t<div class=\"wpb_text_column wpb_content_element vc_custom_1671117520156\" >\n\t\t<div class=\"wpb_wrapper\">\n\t\t\t<p style=\"line-height: 33px; text-align: justify;\">Si tiene un sitio web existente que necesita una actualizaci\u00f3n o es una empresa nueva que necesita llevar su negocio a Internet, p\u00f3ngase en contacto. Podr\u00e9 ayudarte de principio a fin.<\/p>\n\n\t\t<\/div>\n\t<\/div>\n<a itemprop=\"url\" href=\"https:\/\/yorkshiredesign.co.uk\/es\/disenadores-web\/\" target=\"_self\" style=\"color: #ffffff;background-color: #1d1d1d;border-color: #1d1d1d\" class=\"edgtf-btn edgtf-btn-medium edgtf-btn-solid edgtf-btn-custom-hover-bg edgtf-btn-custom-border-hover edgtf-btn-custom-hover-color edgtf-btn-with-cover-fx\" data-hover-color=\"#1d1d1d\" data-hover-bg-color=\"#ffcc00\" data-hover-border-color=\"#ffcc00\">\n    <span class=\"edgtf-btn-text\">Dise\u00f1o web<\/span>\n        \t    <div class=\"edgtf-btn-cover\">\n\t    \t<span class=\"edgtf-btn-text edgtf-btn-cover-text\" style=\"color: #1d1d1d\">\n\t    \t\t<span>\n\t    \t\t\tDise\u00f1o web\t\t\t\t<\/span>\t\n\t    \t<\/span>\n\t    \t\t    \t<div class=\"edgtf-btn-cover-bgrnd\" style=\"background-color: #ffcc00;border-color: #ffcc00\"><\/div>\n\t    <\/div>\n\t<\/a><div class=\"vc_empty_space\"   style=\"height: 50px\"><span class=\"vc_empty_space_inner\"><\/span><\/div>        <\/div>\n    <\/div>\n<\/div><\/div><\/div><\/div><\/div><div class=\"wpb_column vc_column_container vc_col-sm-12 vc_col-lg-offset-0 vc_col-lg-4 vc_col-md-offset-0 vc_col-md-4 vc_col-sm-offset-0 vc_col-xs-12 vc_col-has-fill\"><div class=\"vc_column-inner vc_custom_1644189822439\"><div class=\"wpb_wrapper\"><div class=\"edgtf-elements-holder   edgtf-one-column  edgtf-responsive-mode-768\" ><div class=\"edgtf-eh-item\"  data-item-class=\"edgtf-eh-custom-3428\">\n    <div class=\"edgtf-eh-item-inner\">\n        <div class=\"edgtf-eh-item-content edgtf-eh-custom-3428\" style=\"padding: 0px 20px 0px 20px\">\n            \n\t<div class=\"wpb_text_column wpb_content_element vc_custom_1671117617820\" >\n\t\t<div class=\"wpb_wrapper\">\n\t\t\t<p class=\"hblack\" style=\"text-align: center;\" align=\"justify\"><span style=\"color: #ffcc00;\">HABLAR <\/span>A MI<\/p>\n\n\t\t<\/div>\n\t<\/div>\n\n\t<div class=\"wpb_text_column wpb_content_element vc_custom_1707070611812\" >\n\t\t<div class=\"wpb_wrapper\">\n\t\t\t<p style=\"line-height: 33px; text-align: justify;\">Ponga en marcha sus planes con solo un dep\u00f3sito de 25% para su <a href=\"https:\/\/yorkshiredesign.co.uk\/es\/producto\/diseno-de-paginas-a-webs\/\">nuevo sitio web<\/a>. Me encontrar\u00e1 muy amigable con mi enfoque sensato y espero trabajar con usted.<\/p>\n\n\t\t<\/div>\n\t<\/div>\n<a itemprop=\"url\" href=\"https:\/\/yorkshiredesign.co.uk\/es\/contactenos\/\" target=\"_self\" style=\"color: #000000;background-color: #ffcc00\" class=\"edgtf-btn edgtf-btn-medium edgtf-btn-solid edgtf-btn-with-cover-fx\">\n    <span class=\"edgtf-btn-text\">Cont\u00e1ctame<\/span>\n        \t    <div class=\"edgtf-btn-cover\">\n\t    \t<span class=\"edgtf-btn-text edgtf-btn-cover-text\" >\n\t    \t\t<span>\n\t    \t\t\tCont\u00e1ctame\t\t\t\t<\/span>\t\n\t    \t<\/span>\n\t    \t\t    \t<div class=\"edgtf-btn-cover-bgrnd\" ><\/div>\n\t    <\/div>\n\t<\/a><div class=\"vc_empty_space\"   style=\"height: 50px\"><span class=\"vc_empty_space_inner\"><\/span><\/div>        <\/div>\n    <\/div>\n<\/div><\/div><\/div><\/div><\/div><\/div>\n<\/div>","protected":false},"excerpt":{"rendered":"<p>Aseguro una comunicaci\u00f3n fluida para que obtengas los resultados que mereces. Su sitio web se crear\u00e1 seg\u00fan est\u00e1ndares exigentes para que se clasifique en Google y en los principales motores de b\u00fasqueda. Con mi servicio de dise\u00f1o t\u00e9cnico, tu negocio no se perder\u00e1 online.<\/p>","protected":false},"author":1,"featured_media":21271,"parent":0,"menu_order":0,"comment_status":"closed","ping_status":"closed","template":"full-width.php","meta":{"footnotes":""},"categories":[],"tags":[],"class_list":["post-528","page","type-page","status-publish","has-post-thumbnail","hentry"],"_links":{"self":[{"href":"https:\/\/yorkshiredesign.co.uk\/es\/wp-json\/wp\/v2\/pages\/528","targetHints":{"allow":["GET"]}}],"collection":[{"href":"https:\/\/yorkshiredesign.co.uk\/es\/wp-json\/wp\/v2\/pages"}],"about":[{"href":"https:\/\/yorkshiredesign.co.uk\/es\/wp-json\/wp\/v2\/types\/page"}],"author":[{"embeddable":true,"href":"https:\/\/yorkshiredesign.co.uk\/es\/wp-json\/wp\/v2\/users\/1"}],"replies":[{"embeddable":true,"href":"https:\/\/yorkshiredesign.co.uk\/es\/wp-json\/wp\/v2\/comments?post=528"}],"version-history":[{"count":49,"href":"https:\/\/yorkshiredesign.co.uk\/es\/wp-json\/wp\/v2\/pages\/528\/revisions"}],"predecessor-version":[{"id":33084,"href":"https:\/\/yorkshiredesign.co.uk\/es\/wp-json\/wp\/v2\/pages\/528\/revisions\/33084"}],"wp:featuredmedia":[{"embeddable":true,"href":"https:\/\/yorkshiredesign.co.uk\/es\/wp-json\/wp\/v2\/media\/21271"}],"wp:attachment":[{"href":"https:\/\/yorkshiredesign.co.uk\/es\/wp-json\/wp\/v2\/media?parent=528"}],"wp:term":[{"taxonomy":"category","embeddable":true,"href":"https:\/\/yorkshiredesign.co.uk\/es\/wp-json\/wp\/v2\/categories?post=528"},{"taxonomy":"post_tag","embeddable":true,"href":"https:\/\/yorkshiredesign.co.uk\/es\/wp-json\/wp\/v2\/tags?post=528"}],"curies":[{"name":"wp","href":"https:\/\/api.w.org\/{rel}","templated":true}]}}