{"id":12204,"date":"2020-03-19T23:42:55","date_gmt":"2020-03-19T23:42:55","guid":{"rendered":"https:\/\/yorkshiredesign.co.uk\/?post_type=product&#038;p=12204"},"modified":"2025-04-17T00:24:04","modified_gmt":"2025-04-16T23:24:04","slug":"diseno-de-paginas-a-webs","status":"publish","type":"product","link":"https:\/\/yorkshiredesign.co.uk\/es\/producto\/diseno-de-paginas-a-webs\/","title":{"rendered":"Dise\u00f1o de p\u00e1ginas web"},"content":{"rendered":"<p>Proporcionar\u00e9 un sitio web que retratar\u00e1 su marca a la perfecci\u00f3n. El precio incluye un nombre de dominio, alojamiento y todos los complementos necesarios para iniciar su negocio en l\u00ednea. Todos los sitios web se crean desde una perspectiva t\u00e9cnica teniendo en cuenta el rendimiento de Google.<\/p>","protected":false},"excerpt":{"rendered":"<p style=\"text-align: justify; margin-bottom: 20px;\">Para todos <a href=\"https:\/\/yorkshiredesign.co.uk\/es\/\"><i>dise\u00f1o web<\/i><\/a> Paquetes, ll\u00e1mame para discutir tus necesidades.<\/p>\n<p style=\"text-align: justify; margin-bottom: 20px;\">Aproveche mis m\u00e1s de 20 a\u00f1os de experiencia y solicite un <a href=\"\/es\/blog\/seo\/cuanto-tiempo-se-tarda-en-clasificar-un-nuevo-sitio-web\/\"><i>nuevo sitio web<\/i><\/a> eso se construir\u00e1 personalmente mi yo.<\/p>\n<p style=\"text-align: justify; margin-bottom: 20px;\">Todos los sitios web nuevos se crean meticulosamente con Wordpress y cumplir\u00e1n con todos los est\u00e1ndares de Google, lo que garantiza una mayor probabilidad de obtener una clasificaci\u00f3n alta en los motores de b\u00fasqueda. Este es un servicio completo que le liberar\u00e1 tiempo. Todo el trabajo &quot;invisible&quot; se completar\u00e1, permiti\u00e9ndole administrar su negocio en lugar de <a href=\"https:\/\/yorkshiredesign.co.uk\/es\/blog\/diseno-webs\/contratar-a-un-profesional-independiente-para-crear-un-sitio-web\/\">construyendo un sitio web<\/a> t\u00fa mismo.<\/p>\n<p style=\"text-align: justify; margin-bottom: 20px;\">Todo est\u00e1 configurado para usted de principio a fin. Se incluye un nombre de dominio y 12 meses de alojamiento, y tendr\u00e1 acceso completo al back-end de su sitio web en todo momento.<\/p>\n<p style=\"text-align: justify; margin-bottom: 20px;\">Para obtener m\u00e1s informaci\u00f3n, visite mi <a href=\"\/es\/disenadores-web\/\"><i>dise\u00f1adores web<\/i><\/a> p\u00e1gina.<\/p>\n<p style=\"text-align: justify; margin-bottom: 20px;\">Al realizar el pedido, seleccione &quot;Pagar contra factura&quot;. Ofrezco este servicio con un dep\u00f3sito de 25% por adelantado y luego el saldo a pagar al finalizar. Le enviar\u00e9 una factura de dep\u00f3sito inicial despu\u00e9s de su pedido y nuestra consulta inicial.<\/p>","protected":false},"featured_media":29327,"template":"","meta":[],"product_brand":[],"product_cat":[145,15],"product_tag":[95,1769,1767,1768],"class_list":{"0":"post-12204","1":"product","2":"type-product","3":"status-publish","4":"has-post-thumbnail","6":"product_cat-web-design","7":"product_cat-website-design","8":"product_tag-design","9":"product_tag-make-me-a-website","10":"product_tag-web-design","11":"product_tag-website-design","13":"first","14":"instock","15":"featured","16":"purchasable","17":"product-type-variable","18":"has-default-attributes"},"_links":{"self":[{"href":"https:\/\/yorkshiredesign.co.uk\/es\/wp-json\/wp\/v2\/product\/12204","targetHints":{"allow":["GET"]}}],"collection":[{"href":"https:\/\/yorkshiredesign.co.uk\/es\/wp-json\/wp\/v2\/product"}],"about":[{"href":"https:\/\/yorkshiredesign.co.uk\/es\/wp-json\/wp\/v2\/types\/product"}],"wp:featuredmedia":[{"embeddable":true,"href":"https:\/\/yorkshiredesign.co.uk\/es\/wp-json\/wp\/v2\/media\/29327"}],"wp:attachment":[{"href":"https:\/\/yorkshiredesign.co.uk\/es\/wp-json\/wp\/v2\/media?parent=12204"}],"wp:term":[{"taxonomy":"product_brand","embeddable":true,"href":"https:\/\/yorkshiredesign.co.uk\/es\/wp-json\/wp\/v2\/product_brand?post=12204"},{"taxonomy":"product_cat","embeddable":true,"href":"https:\/\/yorkshiredesign.co.uk\/es\/wp-json\/wp\/v2\/product_cat?post=12204"},{"taxonomy":"product_tag","embeddable":true,"href":"https:\/\/yorkshiredesign.co.uk\/es\/wp-json\/wp\/v2\/product_tag?post=12204"}],"curies":[{"name":"wp","href":"https:\/\/api.w.org\/{rel}","templated":true}]}}