{"id":24439,"date":"2022-01-06T07:41:25","date_gmt":"2022-01-06T07:41:25","guid":{"rendered":"https:\/\/yorkshiredesign.co.uk\/?post_type=product&#038;p=24439"},"modified":"2025-04-17T00:23:38","modified_gmt":"2025-04-16T23:23:38","slug":"ajuste-de-velocidad-de-pagina","status":"publish","type":"product","link":"https:\/\/yorkshiredesign.co.uk\/es\/producto\/ajuste-de-velocidad-de-pagina\/","title":{"rendered":"Ajuste de velocidad de p\u00e1gina"},"content":{"rendered":"<div class=\"wpb-content-wrapper\"><div class=\"vc_row wpb_row vc_row-fluid\" ><div class=\"wpb_column vc_column_container vc_col-sm-12\"><div class=\"vc_column-inner\"><div class=\"wpb_wrapper\">\n\t<div class=\"wpb_text_column wpb_content_element\" >\n\t\t<div class=\"wpb_wrapper\">\n\t\t\t<p>Aumente su puntuaci\u00f3n de Google Insights con mi servicio personal de Pagespeed Tuning. Conservar\u00e9 toda la funcionalidad del sitio mediante pruebas exhaustivas del mismo. Aumente la velocidad del sitio, reduzca la tasa de rebote y mejore la participaci\u00f3n del cliente: todos indicadores que aumentar\u00e1n su clasificaci\u00f3n en Google.<\/p>\n\n\t\t<\/div>\n\t<\/div>\n<\/div><\/div><\/div><\/div>\n<\/div>","protected":false},"excerpt":{"rendered":"<p style=\"text-align: justify; margin-bottom: 20px;\">Mi servicio personal sigue los pasos de mi <a class=\"whitebg\" href=\"\/es\/pasar-los-elementos-basicos-de-la-web\/\"><b>Gu\u00eda de velocidad de p\u00e1gina<\/b><\/a> pero a un nivel personalizado, por lo que se adapta a su propio sitio web de Wordpress.<\/p>\n<p style=\"text-align: justify; margin-bottom: 20px;\">Su sitio web se optimizar\u00e1 en todo el sitio, lo que garantizar\u00e1 que sus p\u00e1ginas m\u00e1s importantes sean r\u00e1pidas y compatibles con Google. Este servicio incluye una instalaci\u00f3n con licencia completa de cualquiera de los dos <a class=\"whitebg\" href=\"\/es\/guia-de-velocidad-de-pagina\/limpieza-de-activos-pro\/\"><b>Limpieza de activos profesional<\/b><\/a> o <a class=\"whitebg\" href=\"\/es\/guia-de-velocidad-de-pagina\/cohete-wp\/\"><b>cohete WP,<\/b><\/a> as\u00ed como una suscripci\u00f3n anual a <a href=\"\/es\/guia-de-velocidad-de-pagina\/carga-rapida\/\"><b>Carga r\u00e1pida<\/b><\/a> para purificaci\u00f3n CSS.<\/p>\n<p><span class=\"hblacksmaller\" style=\"margin-bottom: 20px;\">Las sesiones comienzan a las <span style=\"color: #fc0;\">10 a.m.<\/span>, O <span style=\"color: #fc0;\">3 p.m.<\/span><\/span><\/p>\n<p style=\"text-align: justify; margin-bottom: 20px; margin-top: 20px;\">Puedo realizar este servicio a trav\u00e9s de Google Meet, en tu presencia. Tambi\u00e9n puede dedicar el tiempo a interrogar al autor de este sitio web sobre todo lo relacionado con Wordpress o <a class=\"whitebg\" href=\"https:\/\/yorkshiredesign.co.uk\/es\/blog\/velocidad-de-pagina\/grandes-beneficios-de-aumentar-la-velocidad-de-la-pagina\/\">velocidad de p\u00e1gina<\/a> relacionados para ayudarle a aprovechar al m\u00e1ximo su sitio web!<\/p>\n<p style=\"text-align: justify; margin-bottom: 20px;\">El proceso toma <b>2-4 horas<\/b> para completar, as\u00ed que si deseas sentarte y verme trabajar, reserva una ma\u00f1ana o una tarde y \u00fanete a m\u00ed.<\/p>\n<p style=\"text-align: justify; margin-bottom: 20px;\">Totalmente reembolsable hasta 24 horas antes de la hora de inicio.<\/p>\n<p><a class=\"single_add_to_cart_button edgtf-btn-plus-sign edgtf-btn-with-cover-fx edgtf-btn\" href=\"https:\/\/pagespeed.web.dev\/\" target=\"_new\" rel=\"noopener\">Comprueba tu puntuaci\u00f3n<\/a><\/p>\n<p style=\"text-align: justify; margin-bottom: 20px; margin-top: 20px;\"><strong>Seleccione el d\u00eda para la optimizaci\u00f3n de su sitio web a continuaci\u00f3n.<\/strong><\/p>","protected":false},"featured_media":29300,"template":"","meta":[],"product_brand":[],"product_cat":[1462],"product_tag":[1795,1461,1587,1586],"class_list":{"0":"post-24439","1":"product","2":"type-product","3":"status-publish","4":"has-post-thumbnail","6":"product_cat-faster-pagespeed","7":"product_tag-faster-website","8":"product_tag-pagespeed","9":"product_tag-pagespeed-booster","10":"product_tag-speed-up-my-website","11":"mvvwb_bookable","13":"first","14":"instock","15":"featured","16":"virtual","17":"sold-individually","18":"purchasable","19":"product-type-simple"},"_links":{"self":[{"href":"https:\/\/yorkshiredesign.co.uk\/es\/wp-json\/wp\/v2\/product\/24439","targetHints":{"allow":["GET"]}}],"collection":[{"href":"https:\/\/yorkshiredesign.co.uk\/es\/wp-json\/wp\/v2\/product"}],"about":[{"href":"https:\/\/yorkshiredesign.co.uk\/es\/wp-json\/wp\/v2\/types\/product"}],"wp:featuredmedia":[{"embeddable":true,"href":"https:\/\/yorkshiredesign.co.uk\/es\/wp-json\/wp\/v2\/media\/29300"}],"wp:attachment":[{"href":"https:\/\/yorkshiredesign.co.uk\/es\/wp-json\/wp\/v2\/media?parent=24439"}],"wp:term":[{"taxonomy":"product_brand","embeddable":true,"href":"https:\/\/yorkshiredesign.co.uk\/es\/wp-json\/wp\/v2\/product_brand?post=24439"},{"taxonomy":"product_cat","embeddable":true,"href":"https:\/\/yorkshiredesign.co.uk\/es\/wp-json\/wp\/v2\/product_cat?post=24439"},{"taxonomy":"product_tag","embeddable":true,"href":"https:\/\/yorkshiredesign.co.uk\/es\/wp-json\/wp\/v2\/product_tag?post=24439"}],"curies":[{"name":"wp","href":"https:\/\/api.w.org\/{rel}","templated":true}]}}