{"id":11073,"date":"2020-03-10T20:19:51","date_gmt":"2020-03-10T20:19:51","guid":{"rendered":"https:\/\/yorkshiredesign.co.uk\/?page_id=11073"},"modified":"2025-09-25T11:38:40","modified_gmt":"2025-09-25T10:38:40","slug":"compte","status":"publish","type":"page","link":"https:\/\/yorkshiredesign.co.uk\/fr\/compte\/","title":{"rendered":"Compte"},"content":{"rendered":"<div class=\"wpb-content-wrapper\"><div class=\"vc_row wpb_row vc_row-fluid\" ><div class=\"wpb_column vc_column_container vc_col-sm-12\"><div class=\"vc_column-inner\"><div class=\"wpb_wrapper\"><div class=\"vc_empty_space  uptab\"   style=\"height: 120px\"><span class=\"vc_empty_space_inner\"><\/span><\/div><\/div><\/div><\/div><\/div><div class=\"vc_row wpb_row vc_row-fluid\" ><div class=\"wpb_column vc_column_container vc_col-sm-12 vc_hidden-sm vc_hidden-xs\"><div class=\"vc_column-inner\"><div class=\"wpb_wrapper\"><div class=\"vc_empty_space  uptab\"   style=\"height: 40px\"><span class=\"vc_empty_space_inner\"><\/span><\/div><\/div><\/div><\/div><\/div><div class=\"edgtf-row-grid-section-wrapper edgtf-content-aligment-left\"  ><div class=\"edgtf-row-grid-section\"><div class=\"vc_row wpb_row vc_row-fluid vc_custom_1639928366239\" ><div class=\"wpb_column vc_column_container vc_col-sm-12 vc_hidden-xs\"><div class=\"vc_column-inner vc_custom_1710151168936\"><div class=\"wpb_wrapper\">\n\t<div class=\"wpb_text_column wpb_content_element\" >\n\t\t<div class=\"wpb_wrapper\">\n\t\t\t\n\n\t\t<\/div>\n\t<\/div>\n<\/div><\/div><\/div><\/div><\/div><\/div><div class=\"edgtf-row-grid-section-wrapper\"  ><div class=\"edgtf-row-grid-section\"><div class=\"vc_row wpb_row vc_row-fluid boxbordertop vc_custom_1747067645945 vc_row-has-fill\" ><div class=\"wpb_column vc_column_container vc_col-sm-12 vc_hidden-xs vc_col-has-fill\"><div class=\"vc_column-inner vc_custom_1643934671049\"><div class=\"wpb_wrapper\">\n\t<div class=\"wpb_raw_code wpb_raw_html wpb_content_element\" >\n\t\t<div class=\"wpb_wrapper\">\n\t\t\t<div align=\"right\"><a href=\"\/fr\/magasin-en-lignes\/\"><img loading=\"lazy\" decoding=\"async\" width=\"204\" height=\"80\" alt=\"Yorkshire-Design-Store-Logo\" title=\"Boutique en ligne de conception du Yorkshire\" src=\"https:\/\/yorkshiredesign.co.uk\/wp-content\/uploads\/2024\/01\/Yorkshire-Design-Shop-Logo.png\" align=\"left\" style=\"margin-top: -15px\"\/><\/a>\n\n\n<a itemprop=\"url\" href=\"https:\/\/yorkshiredesign.co.uk\/fr\/compte\/\" target=\"_self\" style=\"color: #1d1d1d;background-color: #ffcc00;border-color: #ffcc00\" class=\"edgtf-btn edgtf-btn-medium edgtf-btn-solid edgtf-btn-custom-hover-bg edgtf-btn-custom-border-hover edgtf-btn-custom-hover-color edgtf-btn-plus-sign edgtf-btn-with-cover-fx\" data-hover-color=\"#ffffff\" data-hover-bg-color=\"#1d1d1d\" data-hover-border-color=\"#1d1d1d\">\n<span class=\"edgtf-btn-text\">Mon compte<\/span>\n<div class=\"edgtf-btn-cover\">\n<span class=\"edgtf-btn-text edgtf-btn-cover-text\" style=\"color: #ffffff\">\n<span>Mon compte<\/span><\/span>\n<div class=\"edgtf-btn-cover-bgrnd\" style=\"background-color: #1d1d1d;border-color: #1d1d1d\"><\/div>\n<\/div><\/a>\n\n\n<a itemprop=\"url\" href=\"https:\/\/yorkshiredesign.co.uk\/fr\/chariot\/\" target=\"_self\" style=\"color: #ffffff;background-color: #1d1d1d;border-color: #1d1d1d\" class=\"edgtf-btn edgtf-btn-medium edgtf-btn-solid edgtf-btn-custom-hover-bg edgtf-btn-custom-border-hover edgtf-btn-custom-hover-color edgtf-btn-plus-sign edgtf-btn-with-cover-fx\" data-hover-color=\"#1d1d1d\" data-hover-bg-color=\"#ffcc00\" data-hover-border-color=\"#ffcc00\">\n<span class=\"edgtf-btn-text\">Dans le chariot<\/span>\n<div class=\"edgtf-btn-cover\">\n<span class=\"edgtf-btn-text edgtf-btn-cover-text\" style=\"color: #1d1d1d\">\n<span>Dans le chariot<\/span><\/span>\n<div class=\"edgtf-btn-cover-bgrnd\" style=\"background-color: #ffcc00;border-color: #ffcc00\"><\/div>\n<\/div><\/a>\n\n\n<a itemprop=\"url\" href=\"https:\/\/yorkshiredesign.co.uk\/fr\/checkout\/\" target=\"_self\" style=\"color: #ffffff;background-color: #1d1d1d;border-color: #1d1d1d\" class=\"edgtf-btn edgtf-btn-medium edgtf-btn-solid edgtf-btn-custom-hover-bg edgtf-btn-custom-border-hover edgtf-btn-custom-hover-color edgtf-btn-plus-sign edgtf-btn-with-cover-fx\" data-hover-color=\"#1d1d1d\" data-hover-bg-color=\"#ffcc00\" data-hover-border-color=\"#ffcc00\">\n<span class=\"edgtf-btn-text\">V\u00e9rifier<\/span>\n<div class=\"edgtf-btn-cover\">\n<span class=\"edgtf-btn-text edgtf-btn-cover-text\" style=\"color: #1d1d1d\">\n<span>V\u00e9rifier<\/span><\/span>\n<div class=\"edgtf-btn-cover-bgrnd\" style=\"background-color: #ffcc00;border-color: #ffcc00\"><\/div>\n<\/div><\/a>\n\n\t\t<\/div>\n\t<\/div>\n<\/div><\/div><\/div><\/div><\/div><\/div><div class=\"edgtf-row-grid-section-wrapper\"  ><div class=\"edgtf-row-grid-section\"><div class=\"vc_row wpb_row vc_row-fluid boxborderbottom vc_custom_1607217406592 vc_row-has-fill vc_row-o-content-top vc_row-flex\" ><div class=\"wpb_column vc_column_container vc_col-sm-12 vc_hidden-xs\"><div class=\"vc_column-inner vc_custom_1643934515911\"><div class=\"wpb_wrapper\">\n\t<div class=\"wpb_text_column wpb_content_element\" >\n\t\t<div class=\"wpb_wrapper\">\n\t\t\t<h1 class=\"webpicbig\" style=\"text-align: center; width: 100%; background: #1d1d1d; border-radius: 5px; color: #ffffff; margin-left: 10px; margin-right: 10px;\"><span style=\"color: #ffcc00;\">Accueillir<\/span> \u00c0 votre compte<\/h1>\n<p style=\"line-height: 33px; text-align: center;\">Pour toute demande, veuillez nous appeler au <strong>07757 245656<\/strong><\/p>\n\n\t\t<\/div>\n\t<\/div>\n<div class=\"vc_empty_space\"   style=\"height: 60px\"><span class=\"vc_empty_space_inner\"><\/span><\/div><div class=\"edgtf-elements-holder   edgtf-two-columns  edgtf-responsive-mode-768\" ><div class=\"edgtf-eh-item  edgtf-vertical-alignment-top\" style=\"background-color: #ffffff\" data-item-class=\"edgtf-eh-custom-6203\">\n    <div class=\"edgtf-eh-item-inner\">\n        <div class=\"edgtf-eh-item-content edgtf-eh-custom-6203\" style=\"padding: 0px 0px 0px 10px\">\n            \n\t<div class=\"wpb_text_column wpb_content_element\" >\n\t\t<div class=\"wpb_wrapper\">\n\t\t\t<div class=\"woocommerce\"><\/div>\n\n\t\t<\/div>\n\t<\/div>\n        <\/div>\n    <\/div>\n<\/div><\/div><\/div><\/div><\/div><\/div><\/div><\/div><div class=\"vc_row wpb_row vc_row-fluid vc_custom_1706823748884 vc_row-has-fill vc_row-o-content-top vc_row-flex\" ><div class=\"wpb_column vc_column_container vc_col-sm-12 vc_hidden-lg vc_hidden-md vc_hidden-sm\"><div class=\"vc_column-inner vc_custom_1706824539735\"><div class=\"wpb_wrapper\">\n\t<div class=\"wpb_text_column wpb_content_element\" >\n\t\t<div class=\"wpb_wrapper\">\n\t\t\t<h1 class=\"webpicbig\" style=\"text-align: center; background: #1d1d1d; border-radius: 5px; color: #ffffff; margin-left: 10px; margin-right: 10px;\"><span style=\"color: #ffcc00;\">Accueillir <\/span>Dos<\/h1>\n<p style=\"line-height: 33px; text-align: center; padding-left: 10px;\">Pour toute demande, veuillez nous appeler au<\/p>\n<p style=\"line-height: 33px; text-align: center; padding-left: 10px;\"><strong>07757 245656<\/strong><\/p>\n\n\t\t<\/div>\n\t<\/div>\n<div class=\"vc_empty_space\"   style=\"height: 30px\"><span class=\"vc_empty_space_inner\"><\/span><\/div><div class=\"edgtf-elements-holder   edgtf-one-column  edgtf-responsive-mode-768\" ><div class=\"edgtf-eh-item  edgtf-vertical-alignment-top\" style=\"background-color: #ffffff\" data-item-class=\"edgtf-eh-custom-9149\">\n    <div class=\"edgtf-eh-item-inner\">\n        <div class=\"edgtf-eh-item-content edgtf-eh-custom-9149\" style=\"padding: 0px 0px 0px 0px\">\n            \n\t<div class=\"wpb_text_column wpb_content_element\" >\n\t\t<div class=\"wpb_wrapper\">\n\t\t\t<div class=\"woocommerce\"><\/div>\n\n\t\t<\/div>\n\t<\/div>\n        <\/div>\n    <\/div>\n<\/div><\/div><\/div><\/div><\/div><\/div><div data-vc-full-width=\"true\" data-vc-full-width-init=\"false\" class=\"vc_row wpb_row vc_row-fluid\" ><div class=\"wpb_column vc_column_container vc_col-sm-12 vc_hidden-sm vc_hidden-xs\"><div class=\"vc_column-inner\"><div class=\"wpb_wrapper\"><div class=\"vc_empty_space\"   style=\"height: 30px\"><span class=\"vc_empty_space_inner\"><\/span><\/div><\/div><\/div><\/div><\/div><div class=\"vc_row-full-width vc_clearfix\"><\/div><div data-vc-full-width=\"true\" data-vc-full-width-init=\"false\" data-vc-stretch-content=\"true\" class=\"vc_row wpb_row vc_row-fluid\" ><div class=\"wpb_column vc_column_container vc_col-sm-12\"><div class=\"vc_column-inner\"><div class=\"wpb_wrapper\">\n\t<div class=\"wpb_raw_code wpb_raw_html wpb_content_element\" >\n\t\t<div class=\"wpb_wrapper\">\n\t\t\t<\/div><\/div><\/div><\/div><\/div><\/div><\/div><\/div><\/div>\n\t\t<\/div>\n\t<\/div>\n\n\t<div class=\"wpb_raw_code wpb_raw_html wpb_content_element vc_custom_1736238717818\" >\n\t\t<div class=\"wpb_wrapper\">\n\t\t\t<footer class=\"edgtf-page-footer\">\n        <div class=\"edgtf-footer-top-holder\">\n    <div class=\"edgtf-footer-top-inner edgtf-grid\">\n        <div class=\"edgtf-grid-row edgtf-footer-top-alignment-left\">\n                            <div class=\"edgtf-column-content edgtf-grid-col-3\">\n                    <div id=\"media_image-3\" class=\"extendedwopts-hide extendedwopts-mobile feet widget edgtf-footer-column-1 widget_media_image\"><div class=\"edgtf-widget-title-holder\"><h5 class=\"edgtf-widget-title\">Les pieds du site<\/h5><\/div><div style=\"width: 160px\" class=\"wp-caption alignnone\"><a href=\"https:\/\/yorkshiredesign.co.uk\/fr\/propos-de-nous\/\"><img loading=\"lazy\" width=\"150\" height=\"170\" src=\"https:\/\/yorkshiredesign.co.uk\/wp-content\/uploads\/2020\/03\/Websites-Feet.jpg\" class=\"image wp-image-12483  attachment-full size-full\" alt=\"Pied de page de conception du Yorkshire\" style=\"max-width: 100%; height: auto;\" title=\"The Website&#039;s Feet\" decoding=\"async\" \/><\/a><\/div><\/div>                <\/div>\n<div class=\"edgtf-column-content edgtf-grid-col-3\">\n<div id=\"text-4\" class=\"extendedwopts-show extendedwopts-desktop extendedwopts-tablet extendedwopts-md-center feetright widget edgtf-footer-column-2 widget_text\"><div class=\"edgtf-widget-title-holder\"><h5 class=\"edgtf-widget-title\">\u00c0 propos de Yorkshire Design<\/h5><\/div><div class=\"textwidget\"><p style=\"font-size: 14px; text-align: justify; color: #fff\">Yorkshire Design se concentre sur la cr\u00e9ation de sites Web hautes performances. Je r\u00e9pare et r\u00e9organise \u00e9galement les sites Web existants et identifie les obstacles qui peuvent survenir en ce qui concerne les probl\u00e8mes de r\u00e9f\u00e9rencement et de performances des \u00ab Core Web Vitals \u00bb.<\/p>\n<p>&nbsp;<\/p>\n<\/div><\/div><\/div>\n<div class=\"edgtf-column-content edgtf-grid-col-3\">\n<div id=\"nav_menu-2\" class=\"extendedwopts-md-center widget edgtf-footer-column-3 widget_nav_menu\"><div class=\"edgtf-widget-title-holder\"><h5 class=\"edgtf-widget-title\">Navigation essentielle<\/h5><\/div><div class=\"menu-footer-custom-menu-container\"><ul id=\"menu-footer-custom-menu\" class=\"menu\"><li id=\"menu-item-28748\" class=\"menu-item menu-item-type-post_type menu-item-object-page menu-item-28748\"><a href=\"https:\/\/yorkshiredesign.co.uk\/fr\/blog\/\">Blogues<\/a><\/li>\n<li id=\"menu-item-21661\" class=\"menu-item menu-item-type-custom menu-item-object-custom menu-item-21661\"><a href=\"\/fr\/magasin-en-lignes\/\">Magasin en ligne<\/a><\/li>\n<li id=\"menu-item-7364\" class=\"menu-item menu-item-type-post_type menu-item-object-page menu-item-7364\"><a href=\"https:\/\/yorkshiredesign.co.uk\/fr\/concepteurs-de-sites-web\/\">Cr\u00e9ation de sites web<\/a><\/li>\n<li id=\"menu-item-16701\" class=\"menu-item menu-item-type-post_type menu-item-object-page menu-item-16701\"><a href=\"https:\/\/yorkshiredesign.co.uk\/fr\/vitesse-de-page-plus-rapide\/\">R\u00e9glage de la vitesse de page<\/a><\/li>\n<li id=\"menu-item-28795\" class=\"menu-item menu-item-type-post_type menu-item-object-page menu-item-28795\"><a href=\"https:\/\/yorkshiredesign.co.uk\/fr\/plan-du-site\/\">Plan du site<\/a><\/li>\n<\/ul><\/div><\/div>                <\/div>\n                            <div class=\"edgtf-column-content edgtf-grid-col-3\">\n                    <div id=\"custom_html-14\" class=\"widget_text extendedwopts-md-center widget edgtf-footer-column-4 widget_custom_html\" style=\"padding-bottom: 60px\"><div class=\"edgtf-widget-title-holder\"><h5 class=\"edgtf-widget-title\">Conception du Yorkshire<\/h5><\/div><div class=\"textwidget custom-html-widget\"><span style=\"color: #fff;\">Beaumont, promenade Stonycroft<br\/>\nArnside, LA5 0EE<\/span>\n<br\/>\n<a href=\"\/fr\/t\u00e9l:07757245656\/\"><span style=\"color: #fff;\">07757 245656<\/span><\/a><br\/>\n<a style=\"color: #ffcc00;\" href=\"\/fr\/contactez-nous\/\">Contactez moi<\/a>\n<br\/>\n<a style=\"color: #ffcc00;\" href=\"https:\/\/yorkshiredesign.co.uk\/fr\/termes\/\">Conditions g\u00e9n\u00e9rales de vente<\/a><\/div><\/div><\/div><\/div><\/div>\n<\/div><div class=\"edgtf-footer-bottom-holder\">\n    <div class=\"edgtf-footer-bottom-inner edgtf-grid\">\n        <div class=\"edgtf-grid-row\">\n                            <div class=\"edgtf-grid-col-12\">\n                    <div id=\"custom_html-9\" class=\"widget_text footdot widget edgtf-footer-bottom-column-1 widget_custom_html\"><div class=\"textwidget custom-html-widget\"><div style=\"border-top: 1px solid #fc0; margin-left: -400px; margin-right: -400px\"><p align=\"center\" style=\"font-size: 14px; margin-top: 20px\"><span style=\"color: #fff\">droits d&#039;auteur<\/span> <a href=\"https:\/\/yorkshiredesign.co.uk\/fr\/\"><span style=\"color: #fc0\">Conception du Yorkshire<\/span><\/a><span style=\"color: #fff\"> - 2025<\/span><\/p><\/div><\/div><\/div><\/div><\/div><\/div><\/div><\/footer>\n\t\t<\/div>\n\t<\/div>\n<\/div><\/div><\/div><\/div><div class=\"vc_row-full-width vc_clearfix\"><\/div>\n<\/div>","protected":false},"excerpt":{"rendered":"[...]","protected":false},"author":1,"featured_media":29428,"parent":0,"menu_order":0,"comment_status":"closed","ping_status":"closed","template":"","meta":{"footnotes":""},"categories":[],"tags":[],"class_list":["post-11073","page","type-page","status-publish","has-post-thumbnail","hentry"],"_links":{"self":[{"href":"https:\/\/yorkshiredesign.co.uk\/fr\/wp-json\/wp\/v2\/pages\/11073","targetHints":{"allow":["GET"]}}],"collection":[{"href":"https:\/\/yorkshiredesign.co.uk\/fr\/wp-json\/wp\/v2\/pages"}],"about":[{"href":"https:\/\/yorkshiredesign.co.uk\/fr\/wp-json\/wp\/v2\/types\/page"}],"author":[{"embeddable":true,"href":"https:\/\/yorkshiredesign.co.uk\/fr\/wp-json\/wp\/v2\/users\/1"}],"replies":[{"embeddable":true,"href":"https:\/\/yorkshiredesign.co.uk\/fr\/wp-json\/wp\/v2\/comments?post=11073"}],"version-history":[{"count":3,"href":"https:\/\/yorkshiredesign.co.uk\/fr\/wp-json\/wp\/v2\/pages\/11073\/revisions"}],"predecessor-version":[{"id":33074,"href":"https:\/\/yorkshiredesign.co.uk\/fr\/wp-json\/wp\/v2\/pages\/11073\/revisions\/33074"}],"wp:featuredmedia":[{"embeddable":true,"href":"https:\/\/yorkshiredesign.co.uk\/fr\/wp-json\/wp\/v2\/media\/29428"}],"wp:attachment":[{"href":"https:\/\/yorkshiredesign.co.uk\/fr\/wp-json\/wp\/v2\/media?parent=11073"}],"wp:term":[{"taxonomy":"category","embeddable":true,"href":"https:\/\/yorkshiredesign.co.uk\/fr\/wp-json\/wp\/v2\/categories?post=11073"},{"taxonomy":"post_tag","embeddable":true,"href":"https:\/\/yorkshiredesign.co.uk\/fr\/wp-json\/wp\/v2\/tags?post=11073"}],"curies":[{"name":"wp","href":"https:\/\/api.w.org\/{rel}","templated":true}]}}