{"id":143,"date":"2017-10-31T13:43:33","date_gmt":"2017-10-31T13:43:33","guid":{"rendered":"http:\/\/pxlz.edge-themes.com\/?page_id=143"},"modified":"2025-04-16T12:27:56","modified_gmt":"2025-04-16T11:27:56","slug":"contactez-nous","status":"publish","type":"page","link":"https:\/\/yorkshiredesign.co.uk\/fr\/contactez-nous\/","title":{"rendered":"Contactez-nous"},"content":{"rendered":"<div class=\"wpb-content-wrapper\"><div class=\"vc_row wpb_row vc_row-fluid\" ><div class=\"wpb_column vc_column_container vc_col-sm-12\"><div class=\"vc_column-inner\"><div class=\"wpb_wrapper\"><div class=\"vc_empty_space  uptab\"   style=\"height: 40px\"><span class=\"vc_empty_space_inner\"><\/span><\/div><\/div><\/div><\/div><\/div><div class=\"vc_row wpb_row vc_row-fluid\" ><div class=\"wpb_column vc_column_container vc_col-sm-12\"><div class=\"vc_column-inner\"><div class=\"wpb_wrapper\">\n\t\t\t<!-- START Contact Us REVOLUTION SLIDER 6.7.34 --><p class=\"rs-p-wp-fix\"><\/p>\n\t\t\t<rs-module-wrap id=\"rev_slider_41_1_wrapper\" data-source=\"gallery\" style=\"visibility:hidden;background:transparent;padding:0;margin:0px auto;margin-top:0;margin-bottom:0;\">\n\t\t\t\t<rs-module id=\"rev_slider_41_1\" class=\"rs-ov-hidden\" style=\"\" data-version=\"6.7.34\">\n\t\t\t\t\t<rs-slides style=\"overflow: hidden; position: absolute;\">\n\t\t\t\t\t\t<rs-slide style=\"position: absolute;\" data-key=\"rs-78\" data-title=\"Slide\" data-duration=\"7490\" data-anim=\"adpr:false;ms:10;\" data-in=\"o:1;\" data-out=\"a:false;\" data-mediafilter=\"mayfair\">\n\t\t\t\t\t\t\t<img decoding=\"async\" src=\"\/\/yorkshiredesign.co.uk\/wp-content\/plugins\/revslider\/sr6\/assets\/assets\/dummy.png\" alt=\"\" title=\"Products-Banner_78.jpeg\" width=\"1280\" height=\"720\" class=\"rev-slidebg tp-rs-img rs-lazyload\" data-lazyload=\"\/\/yorkshiredesign.co.uk\/wp-content\/uploads\/revslider\/video-media\/Products-Banner_78.jpeg\" data-parallax=\"14\" data-no-retina>\n\t\t\t\t\t\t\t<rs-bgvideo \n\t\t\t\t\t\t\t\tdata-video=\"w:100%;h:100%;nse:false;rwd:false;l:true;ptimer:false;vfc:true;\"\n\t\t\t\t\t\t\t\tdata-mp4=\"\/\/yorkshiredesign.co.uk\/wp-content\/uploads\/2022\/03\/Products-Banner.mp4\"\n\t\t\t\t\t\t\t><\/rs-bgvideo>\n<!--\n\t\t\t\t\t\t\t--><rs-layer\n\t\t\t\t\t\t\t\tid=\"slider-41-slide-78-layer-11\" \n\t\t\t\t\t\t\t\tdata-type=\"text\"\n\t\t\t\t\t\t\t\tdata-tsh=\"c:rgba(0,0,0,0.75);h:7px,4px,2px,0px;v:7px,4px,2px,0px;b:10px,7px,5px,2px;\"\n\t\t\t\t\t\t\t\tdata-rsp_ch=\"on\"\n\t\t\t\t\t\t\t\ttitle=\"Contacter Yorkshire Design\"\n\t\t\t\t\t\t\t\tdata-xy=\"x:l,l,c,c;xo:38px,27px,0,0;y:m;yo:45px,45px,45px,35px;\"\n\t\t\t\t\t\t\t\tdata-text=\"w:normal;s:80,80,80,60;l:100,100,100,70;fw:500;a:inherit,inherit,center,center;\"\n\t\t\t\t\t\t\t\tdata-dim=\"w:677px,657px,575px,419px;\"\n\t\t\t\t\t\t\t\tdata-tst=\"w:2px;c:#1d1d1d;\"\n\t\t\t\t\t\t\t\tdata-border=\"bor:0%,0%,0%,0%;\"\n\t\t\t\t\t\t\t\tdata-frame_0=\"o:1;\"\n\t\t\t\t\t\t\t\tdata-frame_0_chars=\"d:5;x:ran(-250|250);y:ran(-150|150);sX:ran(0|1);sY:ran(0|1);o:0;rX:ran(-90|90);rY:ran(-90|90);rZ:ran(-360|360);\"\n\t\t\t\t\t\t\t\tdata-frame_1=\"e:power4.inOut;sp:2000;sR:10;\"\n\t\t\t\t\t\t\t\tdata-frame_1_chars=\"d:5;\"\n\t\t\t\t\t\t\t\tdata-frame_999=\"x:-20px,-14px,-10px,-4px;o:0;e:power1.inOut;st:w;sp:500;sR:4430;\"\n\t\t\t\t\t\t\t\tstyle=\"z-index:5;font-family:'Oswald';text-transform:uppercase;\"\n\t\t\t\t\t\t\t>Contactez moi\n \n\t\t\t\t\t\t\t<\/rs-layer><!--\n-->\t\t\t\t\t<\/rs-slide>\n\t\t\t\t\t<\/rs-slides>\n\t\t\t\t<\/rs-module>\n\t\t\t\t<script>\n\t\t\t\t\tsetREVStartSize({c: 'rev_slider_41_1',rl:[1920,1280,1023,480],el:[500,430,600,430],gw:[1920,1368,1024,480],gh:[500,430,600,430],type:'hero',justify:'',layout:'fullwidth',mh:\"0\"});if (window.RS_MODULES!==undefined && window.RS_MODULES.modules!==undefined && window.RS_MODULES.modules[\"revslider411\"]!==undefined) {window.RS_MODULES.modules[\"revslider411\"].once = false;window.revapi41 = undefined;if (window.RS_MODULES.checkMinimal!==undefined) window.RS_MODULES.checkMinimal()}\n\t\t\t\t<\/script>\n\t\t\t<\/rs-module-wrap>\n\t\t\t<!-- END REVOLUTION SLIDER -->\n<\/div><\/div><\/div><\/div><div class=\"edgtf-row-grid-section-wrapper edgtf-content-aligment-left\"  ><div class=\"edgtf-row-grid-section\"><div class=\"vc_row wpb_row vc_row-fluid\" ><div class=\"wpb_column vc_column_container vc_col-sm-12 vc_hidden-xs\"><div class=\"vc_column-inner\"><div class=\"wpb_wrapper\">\n\t<div class=\"wpb_text_column wpb_content_element\" >\n\t\t<div class=\"wpb_wrapper\">\n\t\t\t\n\n\t\t<\/div>\n\t<\/div>\n<\/div><\/div><\/div><\/div><\/div><\/div><div class=\"edgtf-row-grid-section-wrapper edgtf-content-aligment-left\"  ><div class=\"edgtf-row-grid-section\"><div class=\"vc_row wpb_row vc_row-fluid vc_row-o-content-top vc_row-flex\" ><div class=\"wpb_column vc_column_container vc_col-sm-12 vc_hidden-sm vc_hidden-xs vc_col-has-fill\"><div class=\"vc_column-inner vc_custom_1644050163613\"><div class=\"wpb_wrapper\"><div class=\"vc_row wpb_row vc_inner vc_row-fluid\" ><div class=\"wpb_column vc_column_container vc_col-sm-6 vc_hidden-sm vc_hidden-xs\"><div class=\"vc_column-inner vc_custom_1648640179382\"><div class=\"wpb_wrapper\">\n\t<div class=\"wpb_text_column wpb_content_element vc_custom_1744802870657\" >\n\t\t<div class=\"wpb_wrapper\">\n\t\t\t<h1 class=\"h1yellow\" style=\"text-align: center;\"><span style=\"color: #fc0;\">Contact<\/span> Me<\/h1>\n\n\t\t<\/div>\n\t<\/div>\n\n<div class=\"wpcf7 no-js\" id=\"wpcf7-f4339-o1\" lang=\"en-US\" dir=\"ltr\" data-wpcf7-id=\"4339\">\n<div class=\"screen-reader-response\"><p role=\"status\" aria-live=\"polite\" aria-atomic=\"true\"><\/p> <ul><\/ul><\/div>\n<form action=\"\/fr\/wp-json\/wp\/v2\/pages\/143#wpcf7-f4339-o1\" method=\"post\" class=\"wpcf7-form init cf7_custom_style_3\" aria-label=\"Formulaire de contact\" novalidate=\"novalidate\" data-status=\"init\" data-trp-original-action=\"\/fr\/wp-json\/wp\/v2\/pages\/143#wpcf7-f4339-o1\">\n<fieldset class=\"hidden-fields-container\"><input type=\"hidden\" name=\"_wpcf7\" value=\"4339\" \/><input type=\"hidden\" name=\"_wpcf7_version\" value=\"6.1.4\" \/><input type=\"hidden\" name=\"_wpcf7_locale\" value=\"en_US\" \/><input type=\"hidden\" name=\"_wpcf7_unit_tag\" value=\"wpcf7-f4339-o1\" \/><input type=\"hidden\" name=\"_wpcf7_container_post\" value=\"0\" \/><input type=\"hidden\" name=\"_wpcf7_posted_data_hash\" value=\"\" \/>\n<\/fieldset>\n<div>\n\t<p><span class=\"wpcf7-form-control-wrap\" data-name=\"edgtf-comment\"><textarea cols=\"40\" rows=\"10\" maxlength=\"2000\" class=\"wpcf7-form-control wpcf7-textarea\" aria-invalid=\"false\" placeholder=\"Comment puis-je aider?\" name=\"edgtf-comment\"><\/textarea><\/span>\n\t<\/p>\n\t<div class=\"edgtf-grid-row edgtf-grid-small-gutter\">\n\t\t<div class=\"edgtf-grid-col-6\">\n\t\t\t<p><span class=\"wpcf7-form-control-wrap\" data-name=\"edgtf-text\"><input size=\"40\" maxlength=\"400\" class=\"wpcf7-form-control wpcf7-text wpcf7-validates-as-required\" aria-required=\"true\" aria-invalid=\"false\" placeholder=\"votre nom\" value=\"\" type=\"text\" name=\"edgtf-text\" \/><\/span>\n\t\t\t<\/p>\n\t\t<\/div>\n\t\t<div class=\"edgtf-grid-col-6\">\n\t\t\t<p><span class=\"wpcf7-form-control-wrap\" data-name=\"edgtf-email\"><input size=\"40\" maxlength=\"400\" class=\"wpcf7-form-control wpcf7-email wpcf7-text wpcf7-validates-as-email\" aria-invalid=\"false\" placeholder=\"Adresse e-mail\" value=\"\" type=\"email\" name=\"edgtf-email\" \/><\/span>\n\t\t\t<\/p>\n\t\t<\/div>\n\t<\/div>\n\t<p><input class=\"wpcf7-form-control wpcf7-submit has-spinner\" type=\"submit\" value=\"Soumettre\" \/>\n\t<\/p>\n<\/div><input type=\"hidden\" id=\"ct_checkjs_cf7_7b13b2203029ed80337f27127a9f1d28\" name=\"ct_checkjs_cf7\" value=\"0\" \/><input\n                    class=\"apbct_special_field apbct_email_id__wp_contact_form_7\"\n                    name=\"apbct__email_id__wp_contact_form_7\"\n                    aria-label=\"apbct__label_id__wp_contact_form_7\"\n                    type=\"text\" size=\"30\" maxlength=\"200\" autocomplete=\"off\"\n                    value=\"\"\n                \/><div class=\"wpcf7-response-output\" aria-hidden=\"true\"><\/div>\n<input type=\"hidden\" name=\"trp-form-language\" value=\"fr\"\/><\/form>\n<\/div>\n<\/div><\/div><\/div><div class=\"wpb_column vc_column_container vc_col-sm-6 vc_hidden-sm vc_hidden-xs\"><div class=\"vc_column-inner vc_custom_1644160814560\"><div class=\"wpb_wrapper\">\n\t<div class=\"wpb_text_column wpb_content_element vc_custom_1675888830117\" >\n\t\t<div class=\"wpb_wrapper\">\n\t\t\t<h2 class=\"hblack\">COMMENT JE <span style=\"color: #ffcc00;\">PEUT<\/span> T&#039;AIDER<\/h2>\n\n\t\t<\/div>\n\t<\/div>\n\n\t<div class=\"wpb_text_column wpb_content_element\" >\n\t\t<div class=\"wpb_wrapper\">\n\t\t\t<p style=\"line-height: 33px; text-align: justify; margin-bottom: 20px;\">G\u00e9ographiquement, je peux travailler n&#039;importe o\u00f9 dans le monde et je peux vous tenir au courant via Google Meet. Je rencontre \u00e9galement des clients en personne dans les r\u00e9gions du Yorkshire, de Cumbria et du Lancashire. Mon service personnalis\u00e9 me permet de r\u00e9ellement transf\u00e9rer votre personnalit\u00e9 sur votre site Internet. Vos clients b\u00e9n\u00e9ficieront d\u2019une pr\u00e9sence Web sur mesure qui repr\u00e9sentera parfaitement votre activit\u00e9 en ligne.<\/p>\n<p style=\"line-height: 33px; text-align: justify;\">Vous pouvez soit m&#039;appeler pour discuter de vos besoins, soit m&#039;envoyer un e-mail et je vous r\u00e9pondrai dans la journ\u00e9e. J&#039;ai h\u00e2te de vous parler et de discuter de vos objectifs en ligne.<\/p>\n\n\t\t<\/div>\n\t<\/div>\n\n\t<div  class=\"wpb_single_image wpb_content_element vc_align_left wpb_content_element vc_custom_1705448066875\">\n\t\t\n\t\t<figure class=\"wpb_wrapper vc_figure\">\n\t\t\t<div class=\"vc_single_image-wrapper   vc_box_border_grey\"><img loading=\"lazy\" decoding=\"async\" width=\"350\" height=\"150\" src=\"https:\/\/yorkshiredesign.co.uk\/wp-content\/uploads\/2022\/12\/my-signature.png\" class=\"vc_single_image-img attachment-full\" alt=\"Simon Parker Yorkshire Design is a web design agency in Yorkshire. Contact us for all your website needs.\" title=\"Simon Parker Yorkshire Design is a web design agency in Yorkshire. Contact us for all your website needs.\" srcset=\"https:\/\/yorkshiredesign.co.uk\/wp-content\/uploads\/2022\/12\/my-signature.png 350w, https:\/\/yorkshiredesign.co.uk\/wp-content\/uploads\/2022\/12\/my-signature-300x129.png 300w, https:\/\/yorkshiredesign.co.uk\/wp-content\/uploads\/2022\/12\/my-signature-18x8.png 18w\" sizes=\"auto, (max-width: 350px) 100vw, 350px\" \/><\/div>\n\t\t<\/figure>\n\t<\/div>\n<\/div><\/div><\/div><\/div><\/div><\/div><\/div><\/div><\/div><\/div><div class=\"edgtf-row-grid-section-wrapper edgtf-content-aligment-left\"  ><div class=\"edgtf-row-grid-section\"><div class=\"vc_row wpb_row vc_row-fluid\" ><div class=\"wpb_column vc_column_container vc_col-sm-12 vc_hidden-lg vc_hidden-md vc_hidden-xs vc_col-has-fill\"><div class=\"vc_column-inner vc_custom_1644050111208\"><div class=\"wpb_wrapper\"><div class=\"vc_row wpb_row vc_inner vc_row-fluid\" ><div class=\"wpb_column vc_column_container vc_col-sm-12\"><div class=\"vc_column-inner vc_custom_1648142747254\"><div class=\"wpb_wrapper\">\n\t<div class=\"wpb_text_column wpb_content_element vc_custom_1644073324793\" >\n\t\t<div class=\"wpb_wrapper\">\n\t\t\t<p class=\"h1yellow\" style=\"text-align: center;\">formulaire<\/p>\n\n\t\t<\/div>\n\t<\/div>\n\n<div class=\"wpcf7 no-js\" id=\"wpcf7-f4339-o2\" lang=\"en-US\" dir=\"ltr\" data-wpcf7-id=\"4339\">\n<div class=\"screen-reader-response\"><p role=\"status\" aria-live=\"polite\" aria-atomic=\"true\"><\/p> <ul><\/ul><\/div>\n<form action=\"\/fr\/wp-json\/wp\/v2\/pages\/143#wpcf7-f4339-o2\" method=\"post\" class=\"wpcf7-form init cf7_custom_style_3\" aria-label=\"Formulaire de contact\" novalidate=\"novalidate\" data-status=\"init\" data-trp-original-action=\"\/fr\/wp-json\/wp\/v2\/pages\/143#wpcf7-f4339-o2\">\n<fieldset class=\"hidden-fields-container\"><input type=\"hidden\" name=\"_wpcf7\" value=\"4339\" \/><input type=\"hidden\" name=\"_wpcf7_version\" value=\"6.1.4\" \/><input type=\"hidden\" name=\"_wpcf7_locale\" value=\"en_US\" \/><input type=\"hidden\" name=\"_wpcf7_unit_tag\" value=\"wpcf7-f4339-o2\" \/><input type=\"hidden\" name=\"_wpcf7_container_post\" value=\"0\" \/><input type=\"hidden\" name=\"_wpcf7_posted_data_hash\" value=\"\" \/>\n<\/fieldset>\n<div>\n\t<p><span class=\"wpcf7-form-control-wrap\" data-name=\"edgtf-comment\"><textarea cols=\"40\" rows=\"10\" maxlength=\"2000\" class=\"wpcf7-form-control wpcf7-textarea\" aria-invalid=\"false\" placeholder=\"Comment puis-je aider?\" name=\"edgtf-comment\"><\/textarea><\/span>\n\t<\/p>\n\t<div class=\"edgtf-grid-row edgtf-grid-small-gutter\">\n\t\t<div class=\"edgtf-grid-col-6\">\n\t\t\t<p><span class=\"wpcf7-form-control-wrap\" data-name=\"edgtf-text\"><input size=\"40\" maxlength=\"400\" class=\"wpcf7-form-control wpcf7-text wpcf7-validates-as-required\" aria-required=\"true\" aria-invalid=\"false\" placeholder=\"votre nom\" value=\"\" type=\"text\" name=\"edgtf-text\" \/><\/span>\n\t\t\t<\/p>\n\t\t<\/div>\n\t\t<div class=\"edgtf-grid-col-6\">\n\t\t\t<p><span class=\"wpcf7-form-control-wrap\" data-name=\"edgtf-email\"><input size=\"40\" maxlength=\"400\" class=\"wpcf7-form-control wpcf7-email wpcf7-text wpcf7-validates-as-email\" aria-invalid=\"false\" placeholder=\"Adresse e-mail\" value=\"\" type=\"email\" name=\"edgtf-email\" \/><\/span>\n\t\t\t<\/p>\n\t\t<\/div>\n\t<\/div>\n\t<p><input class=\"wpcf7-form-control wpcf7-submit has-spinner\" type=\"submit\" value=\"Soumettre\" \/>\n\t<\/p>\n<\/div><input type=\"hidden\" id=\"ct_checkjs_cf7_e70611883d2760c8bbafb4acb29e3446\" name=\"ct_checkjs_cf7\" value=\"0\" \/><input\n                    class=\"apbct_special_field apbct_email_id__wp_contact_form_7\"\n                    name=\"apbct__email_id__wp_contact_form_7\"\n                    aria-label=\"apbct__label_id__wp_contact_form_7\"\n                    type=\"text\" size=\"30\" maxlength=\"200\" autocomplete=\"off\"\n                    value=\"\"\n                \/><div class=\"wpcf7-response-output\" aria-hidden=\"true\"><\/div>\n<input type=\"hidden\" name=\"trp-form-language\" value=\"fr\"\/><\/form>\n<\/div>\n<\/div><\/div><\/div><\/div><\/div><\/div><\/div><\/div><\/div><\/div><div class=\"edgtf-row-grid-section-wrapper edgtf-content-aligment-left\"  ><div class=\"edgtf-row-grid-section\"><div class=\"vc_row wpb_row vc_row-fluid\" ><div class=\"wpb_column vc_column_container vc_col-sm-12 vc_hidden-xs\"><div class=\"vc_column-inner\"><div class=\"wpb_wrapper\"><div class=\"vc_empty_space\"   style=\"height: 30px\"><span class=\"vc_empty_space_inner\"><\/span><\/div><\/div><\/div><\/div><\/div><\/div><\/div><div class=\"vc_row wpb_row vc_row-fluid edgtf-content-aligment-left\" ><div class=\"wpb_column vc_column_container vc_col-sm-12 vc_hidden-lg vc_hidden-md vc_hidden-sm vc_col-has-fill\"><div class=\"vc_column-inner vc_custom_1644050239320\"><div class=\"wpb_wrapper\"><div class=\"vc_row wpb_row vc_inner vc_row-fluid edgtf-content-aligment-left\" ><div class=\"wpb_column vc_column_container vc_col-sm-12\"><div class=\"vc_column-inner vc_custom_1639876696195\"><div class=\"wpb_wrapper\">\n\t<div class=\"wpb_text_column wpb_content_element vc_custom_1708593297659\" >\n\t\t<div class=\"wpb_wrapper\">\n\t\t\t<p class=\"h1yellow\" style=\"text-align: center;\"><span style=\"color: #fc0;\">Enqu\u00eate<\/span> Formulaire<\/p>\n\n\t\t<\/div>\n\t<\/div>\n\n<div class=\"wpcf7 no-js\" id=\"wpcf7-f4339-o3\" lang=\"en-US\" dir=\"ltr\" data-wpcf7-id=\"4339\">\n<div class=\"screen-reader-response\"><p role=\"status\" aria-live=\"polite\" aria-atomic=\"true\"><\/p> <ul><\/ul><\/div>\n<form action=\"\/fr\/wp-json\/wp\/v2\/pages\/143#wpcf7-f4339-o3\" method=\"post\" class=\"wpcf7-form init cf7_custom_style_3\" aria-label=\"Formulaire de contact\" novalidate=\"novalidate\" data-status=\"init\" data-trp-original-action=\"\/fr\/wp-json\/wp\/v2\/pages\/143#wpcf7-f4339-o3\">\n<fieldset class=\"hidden-fields-container\"><input type=\"hidden\" name=\"_wpcf7\" value=\"4339\" \/><input type=\"hidden\" name=\"_wpcf7_version\" value=\"6.1.4\" \/><input type=\"hidden\" name=\"_wpcf7_locale\" value=\"en_US\" \/><input type=\"hidden\" name=\"_wpcf7_unit_tag\" value=\"wpcf7-f4339-o3\" \/><input type=\"hidden\" name=\"_wpcf7_container_post\" value=\"0\" \/><input type=\"hidden\" name=\"_wpcf7_posted_data_hash\" value=\"\" \/>\n<\/fieldset>\n<div>\n\t<p><span class=\"wpcf7-form-control-wrap\" data-name=\"edgtf-comment\"><textarea cols=\"40\" rows=\"10\" maxlength=\"2000\" class=\"wpcf7-form-control wpcf7-textarea\" aria-invalid=\"false\" placeholder=\"Comment puis-je aider?\" name=\"edgtf-comment\"><\/textarea><\/span>\n\t<\/p>\n\t<div class=\"edgtf-grid-row edgtf-grid-small-gutter\">\n\t\t<div class=\"edgtf-grid-col-6\">\n\t\t\t<p><span class=\"wpcf7-form-control-wrap\" data-name=\"edgtf-text\"><input size=\"40\" maxlength=\"400\" class=\"wpcf7-form-control wpcf7-text wpcf7-validates-as-required\" aria-required=\"true\" aria-invalid=\"false\" placeholder=\"votre nom\" value=\"\" type=\"text\" name=\"edgtf-text\" \/><\/span>\n\t\t\t<\/p>\n\t\t<\/div>\n\t\t<div class=\"edgtf-grid-col-6\">\n\t\t\t<p><span class=\"wpcf7-form-control-wrap\" data-name=\"edgtf-email\"><input size=\"40\" maxlength=\"400\" class=\"wpcf7-form-control wpcf7-email wpcf7-text wpcf7-validates-as-email\" aria-invalid=\"false\" placeholder=\"Adresse e-mail\" value=\"\" type=\"email\" name=\"edgtf-email\" \/><\/span>\n\t\t\t<\/p>\n\t\t<\/div>\n\t<\/div>\n\t<p><input class=\"wpcf7-form-control wpcf7-submit has-spinner\" type=\"submit\" value=\"Soumettre\" \/>\n\t<\/p>\n<\/div><input type=\"hidden\" id=\"ct_checkjs_cf7_f1c1592588411002af340cbaedd6fc33\" name=\"ct_checkjs_cf7\" value=\"0\" \/><input\n                    class=\"apbct_special_field apbct_email_id__wp_contact_form_7\"\n                    name=\"apbct__email_id__wp_contact_form_7\"\n                    aria-label=\"apbct__label_id__wp_contact_form_7\"\n                    type=\"text\" size=\"30\" maxlength=\"200\" autocomplete=\"off\"\n                    value=\"\"\n                \/><div class=\"wpcf7-response-output\" aria-hidden=\"true\"><\/div>\n<input type=\"hidden\" name=\"trp-form-language\" value=\"fr\"\/><\/form>\n<\/div>\n<\/div><\/div><\/div><\/div><div class=\"vc_row wpb_row vc_inner vc_row-fluid edgtf-content-aligment-left\" ><div class=\"wpb_column vc_column_container vc_col-sm-12\"><div class=\"vc_column-inner\"><div class=\"wpb_wrapper\">\n\t<div class=\"wpb_text_column wpb_content_element vc_custom_1705447907293\" >\n\t\t<div class=\"wpb_wrapper\">\n\t\t\t<p style=\"line-height: 33px; text-align: left;\">Vous pouvez soit m&#039;appeler pour discuter de vos besoins, soit m&#039;envoyer un e-mail et nous vous r\u00e9pondrons dans la journ\u00e9e. J&#039;ai h\u00e2te de vous parler et de discuter de vos objectifs en ligne.<\/p>\n\n\t\t<\/div>\n\t<\/div>\n<\/div><\/div><\/div><\/div><\/div><\/div><\/div><\/div><div class=\"edgtf-row-grid-section-wrapper edgtf-content-aligment-center\"  style=\"background-color:#ffcc00\"><div class=\"edgtf-row-grid-section\"><div class=\"vc_row wpb_row vc_row-fluid vc_custom_1671114588525 vc_row-has-fill vc_row-o-equal-height vc_row-o-content-middle vc_row-flex\" ><div class=\"wpb_column vc_column_container vc_col-sm-8 vc_hidden-xs\"><div class=\"vc_column-inner vc_custom_1644160838695\"><div class=\"wpb_wrapper\"><div class=\"edgtf-banner-holder clearfix  edgtf-with-image\">\n    <div class=\"edgtf-banner\">\n\n                    <div class=\"edgtf-banner-image\">\n                <img loading=\"lazy\" decoding=\"async\" width=\"600\" height=\"450\" src=\"https:\/\/yorkshiredesign.co.uk\/wp-content\/uploads\/2021\/12\/Fast-Server.png\" class=\"attachment-full size-full\" alt=\"Une carte du monde bleue avec des lignes et des lumi\u00e8res, optimis\u00e9e pour une vitesse de page plus rapide.\" srcset=\"https:\/\/yorkshiredesign.co.uk\/wp-content\/uploads\/2021\/12\/Fast-Server.png 600w, https:\/\/yorkshiredesign.co.uk\/wp-content\/uploads\/2021\/12\/Fast-Server-300x225.png 300w, https:\/\/yorkshiredesign.co.uk\/wp-content\/uploads\/2021\/12\/Fast-Server-16x12.png 16w\" sizes=\"auto, (max-width: 600px) 100vw, 600px\" title=\"\">            <\/div>\n        \n        \n            <div class=\"edgtf-banner-content\" >\n\n                                    <div class=\"edgtf-banner-title\" style=\"color: #ffcc00\">\n                    Contactez moi                    <\/div>\n                \n                                    <span class=\"edgtf-banner-text\" >Laissez-moi faire conna\u00eetre votre entreprise en ligne. J&#039;aide les particuliers et les entreprises dans le monde entier et je reste toujours en contact.<\/span>\n                \n                \n            <\/div><!-- .content -->\n\n        \n    <\/div>\n<\/div><div class=\"vc_empty_space\"   style=\"height: 60px\"><span class=\"vc_empty_space_inner\"><\/span><\/div><\/div><\/div><\/div><div class=\"wpb_column vc_column_container vc_col-sm-4 vc_hidden-xs\"><div class=\"vc_column-inner\"><div class=\"wpb_wrapper\"><div class=\"edgtf-elements-holder  edgtf-eh-full-height edgtf-two-columns  edgtf-responsive-mode-680 edgtf-one-column-alignment-center\" ><div class=\"edgtf-eh-item  edgtf-vertical-alignment-top  edgtf-element-from-right\"  data-item-class=\"edgtf-eh-custom-1589\" data-animation=\"edgtf-element-from-right\" data-1280-1600=\"0px 0% 0 41%\" data-1024-1280=\"0px 0% 0 31.5%\" data-768-1024=\"0px 0% 57px 21%\" data-680-768=\"0 0 57px 20%\" data-680=\"1px 0% 0 8%\">\n    <div class=\"edgtf-eh-item-inner\">\n        <div class=\"edgtf-eh-item-content edgtf-eh-custom-1589\" style=\"padding: 0px 5% 0px 0px\">\n            \n\t<div class=\"wpb_text_column wpb_content_element vc_custom_1705242121254\" >\n\t\t<div class=\"wpb_wrapper\">\n\t\t\t<p style=\"text-align: right; color: #1d1d1d; font-family; lato; font-weight: 500;\"><strong>CONCEPTION DU YORKSHIRE<\/strong><br \/>\nBEAUMONT<br \/>\nPROMENADE STONYCROFT<br \/>\nARNSIDE<br \/>\nLA5 0EE<\/p>\n<p style=\"text-align: right; color: #1d1d1d; font-family; lato; font-weight: 700;\">T\u00e9l : (+44) 07757 245656<br \/>\nLundi \u2013 samedi : 9h \u2013 19h<\/p>\n\n\t\t<\/div>\n\t<\/div>\n        <\/div>\n    <\/div>\n<\/div><\/div><div class=\"vc_empty_space\"   style=\"height: 60px\"><span class=\"vc_empty_space_inner\"><\/span><\/div><\/div><\/div><\/div><\/div><\/div><\/div><div class=\"vc_row wpb_row vc_row-fluid vc_custom_1671114321476 vc_row-has-fill vc_row-o-equal-height vc_row-o-content-middle vc_row-flex edgtf-content-aligment-center\" style=\"background-color:#ffcc00\"><div class=\"wpb_column vc_column_container vc_col-sm-8 vc_hidden-lg vc_hidden-md vc_hidden-sm\"><div class=\"vc_column-inner vc_custom_1648202275398\"><div class=\"wpb_wrapper\"><div class=\"edgtf-banner-holder clearfix  edgtf-with-image\">\n    <div class=\"edgtf-banner\">\n\n                    <div class=\"edgtf-banner-image\">\n                <img loading=\"lazy\" decoding=\"async\" width=\"600\" height=\"450\" src=\"https:\/\/yorkshiredesign.co.uk\/wp-content\/uploads\/2021\/12\/Fast-Server.png\" class=\"attachment-full size-full\" alt=\"Une carte du monde bleue avec des lignes et des lumi\u00e8res, optimis\u00e9e pour une vitesse de page plus rapide.\" srcset=\"https:\/\/yorkshiredesign.co.uk\/wp-content\/uploads\/2021\/12\/Fast-Server.png 600w, https:\/\/yorkshiredesign.co.uk\/wp-content\/uploads\/2021\/12\/Fast-Server-300x225.png 300w, https:\/\/yorkshiredesign.co.uk\/wp-content\/uploads\/2021\/12\/Fast-Server-16x12.png 16w\" sizes=\"auto, (max-width: 600px) 100vw, 600px\" title=\"\">            <\/div>\n        \n        \n            <div class=\"edgtf-banner-content\" >\n\n                                    <div class=\"edgtf-banner-title\" style=\"color: #ffcc00\">\n                    Contactez moi                    <\/div>\n                \n                                    <span class=\"edgtf-banner-text\" >Laissez-vous remarquer en ligne.<\/span>\n                \n                \n            <\/div><!-- .content -->\n\n        \n    <\/div>\n<\/div><\/div><\/div><\/div><div class=\"wpb_column vc_column_container vc_col-sm-4 vc_hidden-lg vc_hidden-md vc_hidden-sm\"><div class=\"vc_column-inner vc_custom_1648202287470\"><div class=\"wpb_wrapper\"><div class=\"edgtf-elements-holder  edgtf-eh-full-height edgtf-two-columns  edgtf-responsive-mode-680 edgtf-one-column-alignment-center\" ><div class=\"edgtf-eh-item\"  data-item-class=\"edgtf-eh-custom-4499\" data-1280-1600=\"0px 0% 0 41%\" data-1024-1280=\"0px 0% 0 31.5%\" data-768-1024=\"0px 0% 57px 21%\" data-680-768=\"0 0 57px 20%\" data-680=\"1px 0% 0 8%\">\n    <div class=\"edgtf-eh-item-inner\">\n        <div class=\"edgtf-eh-item-content edgtf-eh-custom-4499\" style=\"padding: 1% 20px 1% 20px\">\n            \n\t<div class=\"wpb_text_column wpb_content_element vc_custom_1671115482546\" >\n\t\t<div class=\"wpb_wrapper\">\n\t\t\t<p style=\"text-align: right; color: #1d1d1d; font-family; lato; font-weight: 500;\"><strong>CONCEPTION DU YORKSHIRE<\/strong><br \/>\nBEAUMONT<br \/>\nPROMENADE STONYCROFT<br \/>\nARNSIDE<br \/>\nLA5 0EE<\/p>\n<h5 style=\"text-align: right; color: #1d1d1d; font-family; lato; font-weight: 500;\">07757 245656<\/h5>\n<p style=\"text-align: right; color: #1d1d1d; font-family; lato; font-weight: 500; margin-top: -18px;\">Lundi \u2013 samedi : 9h \u2013 19h<\/p>\n\n\t\t<\/div>\n\t<\/div>\n<div class=\"vc_empty_space\"   style=\"height: 40px\"><span class=\"vc_empty_space_inner\"><\/span><\/div>        <\/div>\n    <\/div>\n<\/div><\/div><\/div><\/div><\/div><\/div>\n<\/div>","protected":false},"excerpt":{"rendered":"<p>Mon service personnalis\u00e9 me permet de r\u00e9ellement transf\u00e9rer votre personnalit\u00e9 sur votre site Internet. Vos clients b\u00e9n\u00e9ficieront d\u2019une pr\u00e9sence Web sur mesure qui repr\u00e9sentera parfaitement votre activit\u00e9 en ligne.<\/p>","protected":false},"author":1,"featured_media":23911,"parent":0,"menu_order":0,"comment_status":"closed","ping_status":"closed","template":"full-width.php","meta":{"footnotes":""},"class_list":["post-143","page","type-page","status-publish","has-post-thumbnail","hentry"],"_links":{"self":[{"href":"https:\/\/yorkshiredesign.co.uk\/fr\/wp-json\/wp\/v2\/pages\/143","targetHints":{"allow":["GET"]}}],"collection":[{"href":"https:\/\/yorkshiredesign.co.uk\/fr\/wp-json\/wp\/v2\/pages"}],"about":[{"href":"https:\/\/yorkshiredesign.co.uk\/fr\/wp-json\/wp\/v2\/types\/page"}],"author":[{"embeddable":true,"href":"https:\/\/yorkshiredesign.co.uk\/fr\/wp-json\/wp\/v2\/users\/1"}],"replies":[{"embeddable":true,"href":"https:\/\/yorkshiredesign.co.uk\/fr\/wp-json\/wp\/v2\/comments?post=143"}],"version-history":[{"count":6,"href":"https:\/\/yorkshiredesign.co.uk\/fr\/wp-json\/wp\/v2\/pages\/143\/revisions"}],"predecessor-version":[{"id":32681,"href":"https:\/\/yorkshiredesign.co.uk\/fr\/wp-json\/wp\/v2\/pages\/143\/revisions\/32681"}],"wp:featuredmedia":[{"embeddable":true,"href":"https:\/\/yorkshiredesign.co.uk\/fr\/wp-json\/wp\/v2\/media\/23911"}],"wp:attachment":[{"href":"https:\/\/yorkshiredesign.co.uk\/fr\/wp-json\/wp\/v2\/media?parent=143"}],"curies":[{"name":"wp","href":"https:\/\/api.w.org\/{rel}","templated":true}]}}