{"id":28790,"date":"2024-01-02T20:08:42","date_gmt":"2024-01-02T20:08:42","guid":{"rendered":"https:\/\/yorkshiredesign.co.uk\/?page_id=28790"},"modified":"2025-09-25T11:41:47","modified_gmt":"2025-09-25T10:41:47","slug":"plan-du-site","status":"publish","type":"page","link":"https:\/\/yorkshiredesign.co.uk\/fr\/plan-du-site\/","title":{"rendered":"Plan du site"},"content":{"rendered":"<div class=\"wpb-content-wrapper\"><div class=\"vc_row wpb_row vc_row-fluid\" ><div class=\"wpb_column vc_column_container vc_col-sm-12 vc_hidden-sm vc_hidden-xs\"><div class=\"vc_column-inner\"><div class=\"wpb_wrapper\"><div class=\"vc_empty_space  uptab\"   style=\"height: 160px\"><span class=\"vc_empty_space_inner\"><\/span><\/div><\/div><\/div><\/div><\/div><div class=\"vc_row wpb_row vc_row-fluid\" ><div class=\"wpb_column vc_column_container vc_col-sm-12 vc_hidden-lg vc_hidden-md\"><div class=\"vc_column-inner\"><div class=\"wpb_wrapper\"><div class=\"vc_empty_space  uptab\"   style=\"height: 80px\"><span class=\"vc_empty_space_inner\"><\/span><\/div><\/div><\/div><\/div><\/div><div class=\"edgtf-row-grid-section-wrapper edgtf-content-aligment-left\"  ><div class=\"edgtf-row-grid-section\"><div class=\"vc_row wpb_row vc_row-fluid\" ><div class=\"wpb_column vc_column_container vc_col-sm-12 vc_hidden-xs\"><div class=\"vc_column-inner\"><div class=\"wpb_wrapper\">\n\t<div class=\"wpb_text_column wpb_content_element\" >\n\t\t<div class=\"wpb_wrapper\">\n\t\t\t\n\n\t\t<\/div>\n\t<\/div>\n<\/div><\/div><\/div><\/div><\/div><\/div><div class=\"edgtf-row-grid-section-wrapper edgtf-content-aligment-left\"  ><div class=\"edgtf-row-grid-section\"><div class=\"vc_row wpb_row vc_row-fluid vc_custom_1704135074605 vc_row-has-fill\" ><div class=\"wpb_column vc_column_container vc_col-sm-12 vc_col-has-fill\"><div class=\"vc_column-inner vc_custom_1704246285894\"><div class=\"wpb_wrapper\"><div class=\"vc_row wpb_row vc_inner vc_row-fluid\" ><div class=\"wpb_column vc_column_container vc_col-sm-12 vc_hidden-lg vc_hidden-md\"><div class=\"vc_column-inner\"><div class=\"wpb_wrapper\"><div class=\"vc_empty_space\"   style=\"height: 10px\"><span class=\"vc_empty_space_inner\"><\/span><\/div><\/div><\/div><\/div><\/div>\n\t<div class=\"wpb_text_column wpb_content_element vc_custom_1707678427921\" >\n\t\t<div class=\"wpb_wrapper\">\n\t\t\t<h1 class=\"hblack\" style=\"text-align: center; text-color: #ffffff;\">Conception du Yorkshire <span style=\"color: #ffcc00;\">Plan du site<\/span><\/h1>\n\n\t\t<\/div>\n\t<\/div>\n\n\t<div class=\"wpb_raw_code wpb_raw_html wpb_content_element vc_custom_1704246332965\" >\n\t\t<div class=\"wpb_wrapper\">\n\t\t\t<div class=\"rank-math-html-sitemap\"><div class=\"rank-math-html-sitemap__section rank-math-html-sitemap__section--post-type rank-math-html-sitemap__section--post\"><h2 class=\"rank-math-html-sitemap__title\">Des articles<\/h2><ul class=\"rank-math-html-sitemap__list\"><li class=\"rank-math-html-sitemap__item\"><a href=\"https:\/\/yorkshiredesign.co.uk\/fr\/blog\/vitesse-de-page\/nitropack-optimisation-de-la-vitesse-trompeuse\/\" class=\"rank-math-html-sitemap__link\">Examen du NitroPack. Maximise-t-il les performances du site Web\u00a0?<\/a><\/li><li class=\"rank-math-html-sitemap__item\"><a href=\"https:\/\/yorkshiredesign.co.uk\/fr\/blog\/contenu\/creation-de-contenu-ia\/\" class=\"rank-math-html-sitemap__link\">Cr\u00e9ation de contenu IA<\/a><\/li><li class=\"rank-math-html-sitemap__item\"><a href=\"https:\/\/yorkshiredesign.co.uk\/fr\/blog\/referencement\/gagner-de-lautorite-et-la-confiance\/\" class=\"rank-math-html-sitemap__link\">Gagner l\u2019autorit\u00e9 et la confiance<\/a><\/li><li class=\"rank-math-html-sitemap__item\"><a href=\"https:\/\/yorkshiredesign.co.uk\/fr\/blog\/hebergement-web\/ameliorer-votre-temps-jusquau-premier-octet\/\" class=\"rank-math-html-sitemap__link\">Am\u00e9liorer votre temps jusqu&#039;au premier octet<\/a><\/li><li class=\"rank-math-html-sitemap__item\"><a href=\"https:\/\/yorkshiredesign.co.uk\/fr\/blog\/creation-de-sites-webs\/tendances-du-design-wordpress-en-2024\/\" class=\"rank-math-html-sitemap__link\">Tendances de conception WordPress en 2024<\/a><\/li><li class=\"rank-math-html-sitemap__item\"><a href=\"https:\/\/yorkshiredesign.co.uk\/fr\/blog\/contenu\/creer-du-contenu-pour-loptimisation-du-site-web\/\" class=\"rank-math-html-sitemap__link\">Cr\u00e9ation de contenu pour l&#039;optimisation de sites Web<\/a><\/li><li class=\"rank-math-html-sitemap__item\"><a href=\"https:\/\/yorkshiredesign.co.uk\/fr\/blog\/contenu\/exploiter-la-puissance-des-images-ia\/\" class=\"rank-math-html-sitemap__link\">Exploiter la puissance des images IA<\/a><\/li><li class=\"rank-math-html-sitemap__item\"><a href=\"https:\/\/yorkshiredesign.co.uk\/fr\/blog\/contenu\/le-role-de-lia-dans-la-redaction-de-contenu\/\" class=\"rank-math-html-sitemap__link\">Le r\u00f4le de l&#039;IA dans la r\u00e9daction de contenu<\/a><\/li><li class=\"rank-math-html-sitemap__item\"><a href=\"https:\/\/yorkshiredesign.co.uk\/fr\/blog\/hebergement-web\/pourquoi-un-cdn-ralentit-les-entreprises-locales-et-les-performances-des-page\/\" class=\"rank-math-html-sitemap__link\">Pourquoi un CDN ralentit les entreprises locales et les performances des pages<\/a><\/li><li class=\"rank-math-html-sitemap__item\"><a href=\"https:\/\/yorkshiredesign.co.uk\/fr\/blog\/vitesse-de-page\/pourquoi-lexperience-utilisateur-lemporte-sur-les-scores-de-vitesse-de-page\/\" class=\"rank-math-html-sitemap__link\">Pourquoi l&#039;exp\u00e9rience utilisateur l&#039;emporte sur les scores PageSpeed<\/a><\/li><li class=\"rank-math-html-sitemap__item\"><a href=\"https:\/\/yorkshiredesign.co.uk\/fr\/blog\/hebergement-web\/lhebergeur-fournit-il-le-meilleur-rapport-qualite-prix\/\" class=\"rank-math-html-sitemap__link\">Hostinger offre-t-il le meilleur rapport qualit\u00e9-prix\u00a0?<\/a><\/li><li class=\"rank-math-html-sitemap__item\"><a href=\"https:\/\/yorkshiredesign.co.uk\/fr\/blog\/hebergement-web\/lhebergement-kinsta-wordpress-est-il-excessif\/\" class=\"rank-math-html-sitemap__link\">L\u2019h\u00e9bergement Kinsta Wordpress est-il excessif ?<\/a><\/li><li class=\"rank-math-html-sitemap__item\"><a href=\"https:\/\/yorkshiredesign.co.uk\/fr\/blog\/vitesse-de-page\/equilibrer-les-performances-et-lexperience-utilisateur\/\" class=\"rank-math-html-sitemap__link\">\u00c9quilibrer les performances et l\u2019exp\u00e9rience utilisateur<\/a><\/li><li class=\"rank-math-html-sitemap__item\"><a href=\"https:\/\/yorkshiredesign.co.uk\/fr\/blog\/referencement\/combien-de-temps-faut-il-pour-classer-un-nouveau-site-web\/\" class=\"rank-math-html-sitemap__link\">Combien de temps faut-il pour classer un nouveau site Web<\/a><\/li><li class=\"rank-math-html-sitemap__item\"><a href=\"https:\/\/yorkshiredesign.co.uk\/fr\/blog\/referencement\/maitriser-la-creation-de-liens-internes\/\" class=\"rank-math-html-sitemap__link\">Ma\u00eetriser la cr\u00e9ation de liens internes<\/a><\/li><li class=\"rank-math-html-sitemap__item\"><a href=\"https:\/\/yorkshiredesign.co.uk\/fr\/blog\/referencement\/maitre-de-la-console-de-recherche-google\/\" class=\"rank-math-html-sitemap__link\">Ma\u00eetrisez la console de recherche Google<\/a><\/li><li class=\"rank-math-html-sitemap__item\"><a href=\"https:\/\/yorkshiredesign.co.uk\/fr\/blog\/referencement\/expliquer-les-fluctuations-du-classement-google\/\" class=\"rank-math-html-sitemap__link\">Naviguer dans les fluctuations du classement Google<\/a><\/li><li class=\"rank-math-html-sitemap__item\"><a href=\"https:\/\/yorkshiredesign.co.uk\/fr\/blog\/referencement\/quest-ce-que-lanalyse-des-concurrents\/\" class=\"rank-math-html-sitemap__link\">Qu&#039;est-ce que l&#039;analyse des concurrents<\/a><\/li><li class=\"rank-math-html-sitemap__item\"><a href=\"https:\/\/yorkshiredesign.co.uk\/fr\/blog\/referencement\/demeler-les-limites-des-verificateurs-de-classement-seo\/\" class=\"rank-math-html-sitemap__link\">D\u00e9m\u00ealer les limites des v\u00e9rificateurs de classement SEO<\/a><\/li><li class=\"rank-math-html-sitemap__item\"><a href=\"https:\/\/yorkshiredesign.co.uk\/fr\/blog\/creation-de-sites-webs\/les-plus-grands-sites-web-dont-vous-naviez-pas-conscience-etaient-wordpress\/\" class=\"rank-math-html-sitemap__link\">Les sites Web dont vous ne saviez pas qu&#039;ils \u00e9taient Wordpress<\/a><\/li><li class=\"rank-math-html-sitemap__item\"><a href=\"https:\/\/yorkshiredesign.co.uk\/fr\/blog\/creation-de-sites-webs\/en-utilisant-des-extraits-de-code-personnalises-generes-par-lia\/\" class=\"rank-math-html-sitemap__link\">Utilisation d&#039;extraits de code personnalis\u00e9s g\u00e9n\u00e9r\u00e9s par l&#039;IA<\/a><\/li><li class=\"rank-math-html-sitemap__item\"><a href=\"https:\/\/yorkshiredesign.co.uk\/fr\/blog\/creation-de-sites-webs\/les-meilleurs-ctas-de-contact-pour-votre-site-web\/\" class=\"rank-math-html-sitemap__link\">Comprendre les CTA de contact sur votre site Web<\/a><\/li><li class=\"rank-math-html-sitemap__item\"><a href=\"https:\/\/yorkshiredesign.co.uk\/fr\/blog\/creation-de-sites-webs\/embaucher-un-independant-pour-creer-un-site-web\/\" class=\"rank-math-html-sitemap__link\">Embaucher un pigiste pour cr\u00e9er un site Web<\/a><\/li><li class=\"rank-math-html-sitemap__item\"><a href=\"https:\/\/yorkshiredesign.co.uk\/fr\/blog\/creation-de-sites-webs\/combien-danimation-est-trop-sur-un-site-web\/\" class=\"rank-math-html-sitemap__link\">Combien d&#039;animation est trop important sur un site Web<\/a><\/li><li class=\"rank-math-html-sitemap__item\"><a href=\"https:\/\/yorkshiredesign.co.uk\/fr\/blog\/creation-de-sites-webs\/devoilant-les-meilleurs-themes-wordpress\/\" class=\"rank-math-html-sitemap__link\">D\u00e9voilement des meilleurs th\u00e8mes WordPress<\/a><\/li><li class=\"rank-math-html-sitemap__item\"><a href=\"https:\/\/yorkshiredesign.co.uk\/fr\/blog\/creation-de-sites-webs\/eviter-de-sur-optimiser-les-images-pour-wordpress\/\" class=\"rank-math-html-sitemap__link\">\u00c9viter la sur-optimisation des images pour WordPress<\/a><\/li><li class=\"rank-math-html-sitemap__item\"><a href=\"https:\/\/yorkshiredesign.co.uk\/fr\/blog\/wordpress\/erreurs-courantes-sur-les-sites-wordpress\/\" class=\"rank-math-html-sitemap__link\">Erreurs courantes sur les sites Web WordPress<\/a><\/li><li class=\"rank-math-html-sitemap__item\"><a href=\"https:\/\/yorkshiredesign.co.uk\/fr\/blog\/creation-de-sites-webs\/elements-essentiels-dun-site-wordpress-de-haute-qualite\/\" class=\"rank-math-html-sitemap__link\">\u00c9l\u00e9ments essentiels d&#039;un site Web WordPress<\/a><\/li><li class=\"rank-math-html-sitemap__item\"><a href=\"https:\/\/yorkshiredesign.co.uk\/fr\/blog\/vitesse-de-page\/devoilant-les-avantages-et-les-inconvenients-de-wp-rocket\/\" class=\"rank-math-html-sitemap__link\">D\u00e9voilement des avantages et des inconv\u00e9nients de WP Rocket<\/a><\/li><li class=\"rank-math-html-sitemap__item\"><a href=\"https:\/\/yorkshiredesign.co.uk\/fr\/blog\/vitesse-de-page\/les-pieges-de-lembauche-de-pigistes-incompetents\/\" class=\"rank-math-html-sitemap__link\">Les pi\u00e8ges de l\u2019embauche de pigistes incomp\u00e9tents<\/a><\/li><li class=\"rank-math-html-sitemap__item\"><a href=\"https:\/\/yorkshiredesign.co.uk\/fr\/blog\/vitesse-de-page\/devoiler-les-futurs-core-web-vitals-en-2024\/\" class=\"rank-math-html-sitemap__link\">D\u00e9voiler l&#039;avenir - Les principaux \u00e9l\u00e9ments essentiels du Web en 2024<\/a><\/li><li class=\"rank-math-html-sitemap__item\"><a href=\"https:\/\/yorkshiredesign.co.uk\/fr\/blog\/vitesse-de-page\/mesurer-linteraction-et-la-prochaine-peinture\/\" class=\"rank-math-html-sitemap__link\">Mesurer l&#039;interaction et la prochaine peinture<\/a><\/li><li class=\"rank-math-html-sitemap__item\"><a href=\"https:\/\/yorkshiredesign.co.uk\/fr\/blog\/vitesse-de-page\/comprendre-le-changement-de-disposition-cumulatif\/\" class=\"rank-math-html-sitemap__link\">Comprendre le changement de mise en page cumulatif<\/a><\/li><li class=\"rank-math-html-sitemap__item\"><a href=\"https:\/\/yorkshiredesign.co.uk\/fr\/blog\/vitesse-de-page\/la-puissance-invisible-de-la-vitesse-des-pages\/\" class=\"rank-math-html-sitemap__link\">La puissance invisible de la vitesse des pages<\/a><\/li><li class=\"rank-math-html-sitemap__item\"><a href=\"https:\/\/yorkshiredesign.co.uk\/fr\/blog\/vitesse-de-page\/comprendre-les-elements-essentiels-du-web\/\" class=\"rank-math-html-sitemap__link\">Comprendre les \u00e9l\u00e9ments essentiels du Web<\/a><\/li><li class=\"rank-math-html-sitemap__item\"><a href=\"https:\/\/yorkshiredesign.co.uk\/fr\/blog\/vitesse-de-page\/avantages-profonds-de-laugmentation-de-la-vitesse-des-pages\/\" class=\"rank-math-html-sitemap__link\">Avantages profonds de l\u2019augmentation de la vitesse des pages<\/a><\/li><li class=\"rank-math-html-sitemap__item\"><a href=\"https:\/\/yorkshiredesign.co.uk\/fr\/blog\/vitesse-de-page\/devoilant-les-scores-enigmatiques-de-google-et-de-pagespeed\/\" class=\"rank-math-html-sitemap__link\">D\u00e9voilement de l&#039;\u00e9nigme - Scores PageSpeed<\/a><\/li><\/ul><\/div><div class=\"rank-math-html-sitemap__section rank-math-html-sitemap__section--post-type rank-math-html-sitemap__section--page\"><h2 class=\"rank-math-html-sitemap__title\">Pages<\/h2><ul class=\"rank-math-html-sitemap__list\"><li class=\"rank-math-html-sitemap__item\"><a href=\"https:\/\/yorkshiredesign.co.uk\/fr\/passer-les-elements-essentiels-du-web\/\" class=\"rank-math-html-sitemap__link\">Passer les \u00e9l\u00e9ments essentiels du Web<\/a><\/li><li class=\"rank-math-html-sitemap__item\"><a href=\"https:\/\/yorkshiredesign.co.uk\/fr\/espace-client\/\" class=\"rank-math-html-sitemap__link\">Espace Client<\/a><\/li><li class=\"rank-math-html-sitemap__item\"><a href=\"https:\/\/yorkshiredesign.co.uk\/fr\/\" class=\"rank-math-html-sitemap__link\">Maison<\/a><\/li><li class=\"rank-math-html-sitemap__item\"><a href=\"https:\/\/yorkshiredesign.co.uk\/fr\/concepteurs-de-sites-web\/\" class=\"rank-math-html-sitemap__link\">Concepteurs Web<\/a><\/li><li class=\"rank-math-html-sitemap__item\"><a href=\"https:\/\/yorkshiredesign.co.uk\/fr\/maintenance-du-site\/\" class=\"rank-math-html-sitemap__link\">Maintenance du site<\/a><\/li><li class=\"rank-math-html-sitemap__item\"><a href=\"https:\/\/yorkshiredesign.co.uk\/fr\/vitesse-de-page-plus-rapide\/\" class=\"rank-math-html-sitemap__link\">Vitesse de page plus rapide<\/a><\/li><li class=\"rank-math-html-sitemap__item\"><a href=\"https:\/\/yorkshiredesign.co.uk\/fr\/blog\/\" class=\"rank-math-html-sitemap__link\">Blog<\/a><ul class=\"rank-math-html-sitemap__list\"><li class=\"rank-math-html-sitemap__item\"><a href=\"https:\/\/yorkshiredesign.co.uk\/fr\/blog\/hebergement-web\/\" class=\"rank-math-html-sitemap__link\">H\u00e9bergement Web<\/a><\/li><li class=\"rank-math-html-sitemap__item\"><a href=\"https:\/\/yorkshiredesign.co.uk\/fr\/blog\/creation-de-sites-webs\/\" class=\"rank-math-html-sitemap__link\">Cr\u00e9ation de sites web<\/a><\/li><li class=\"rank-math-html-sitemap__item\"><a href=\"https:\/\/yorkshiredesign.co.uk\/fr\/blog\/vitesse-de-page\/\" class=\"rank-math-html-sitemap__link\">Vitesse de page<\/a><\/li><li class=\"rank-math-html-sitemap__item\"><a href=\"https:\/\/yorkshiredesign.co.uk\/fr\/blog\/wordpress\/\" class=\"rank-math-html-sitemap__link\">WordPress<\/a><\/li><li class=\"rank-math-html-sitemap__item\"><a href=\"https:\/\/yorkshiredesign.co.uk\/fr\/blog\/contenu\/\" class=\"rank-math-html-sitemap__link\">Contenu<\/a><\/li><li class=\"rank-math-html-sitemap__item\"><a href=\"https:\/\/yorkshiredesign.co.uk\/fr\/blog\/referencement\/\" class=\"rank-math-html-sitemap__link\">R\u00e9f\u00e9rencement<\/a><\/li><\/ul><\/li><li class=\"rank-math-html-sitemap__item\"><a href=\"https:\/\/yorkshiredesign.co.uk\/fr\/guide-de-vitesse-de-page\/\" class=\"rank-math-html-sitemap__link\">Guide de vitesse de page<\/a><ul class=\"rank-math-html-sitemap__list\"><li class=\"rank-math-html-sitemap__item\"><a href=\"https:\/\/yorkshiredesign.co.uk\/fr\/guide-de-vitesse-de-page\/organisateur-de-plugins\/\" class=\"rank-math-html-sitemap__link\">Organisateur de plugins<\/a><\/li><li class=\"rank-math-html-sitemap__item\"><a href=\"https:\/\/yorkshiredesign.co.uk\/fr\/guide-de-vitesse-de-page\/fusee-wp\/\" class=\"rank-math-html-sitemap__link\">WP Fus\u00e9e<\/a><\/li><li class=\"rank-math-html-sitemap__item\"><a href=\"https:\/\/yorkshiredesign.co.uk\/fr\/guide-de-vitesse-de-page\/chargement-rapide\/\" class=\"rank-math-html-sitemap__link\">Chargement rapide<\/a><\/li><li class=\"rank-math-html-sitemap__item\"><a href=\"https:\/\/yorkshiredesign.co.uk\/fr\/guide-de-vitesse-de-page\/optimisation-des-images\/\" class=\"rank-math-html-sitemap__link\">Optimisation des images<\/a><\/li><li class=\"rank-math-html-sitemap__item\"><a href=\"https:\/\/yorkshiredesign.co.uk\/fr\/guide-de-vitesse-de-page\/configuration-du-serveur\/\" class=\"rank-math-html-sitemap__link\">Configuration du serveur<\/a><\/li><li class=\"rank-math-html-sitemap__item\"><a href=\"https:\/\/yorkshiredesign.co.uk\/fr\/guide-de-vitesse-de-page\/installer-des-plugins\/\" class=\"rank-math-html-sitemap__link\">Installer des plugins<\/a><\/li><li class=\"rank-math-html-sitemap__item\"><a href=\"https:\/\/yorkshiredesign.co.uk\/fr\/guide-de-vitesse-de-page\/conseils-de-vitesse-de-page\/\" class=\"rank-math-html-sitemap__link\">Conseils de vitesse de page<\/a><\/li><li class=\"rank-math-html-sitemap__item\"><a href=\"https:\/\/yorkshiredesign.co.uk\/fr\/guide-de-vitesse-de-page\/analyse-de-vol\/\" class=\"rank-math-html-sitemap__link\">Analyse de vol<\/a><\/li><li class=\"rank-math-html-sitemap__item\"><a href=\"https:\/\/yorkshiredesign.co.uk\/fr\/guide-de-vitesse-de-page\/pro-du-nettoyage-des-actifs\/\" class=\"rank-math-html-sitemap__link\">Nettoyage des actifs Pro<\/a><\/li><li class=\"rank-math-html-sitemap__item\"><a href=\"https:\/\/yorkshiredesign.co.uk\/fr\/guide-de-vitesse-de-page\/mon-dieu\/\" class=\"rank-math-html-sitemap__link\">Oh mon Dieu<\/a><\/li><\/ul><\/li><li class=\"rank-math-html-sitemap__item\"><a href=\"https:\/\/yorkshiredesign.co.uk\/fr\/portfolio\/\" class=\"rank-math-html-sitemap__link\">Portefeuille<\/a><\/li><li class=\"rank-math-html-sitemap__item\"><a href=\"https:\/\/yorkshiredesign.co.uk\/fr\/plan-du-site\/\" class=\"rank-math-html-sitemap__link\">Plan du site<\/a><\/li><li class=\"rank-math-html-sitemap__item\"><a href=\"https:\/\/yorkshiredesign.co.uk\/fr\/termes-et-conditions\/\" class=\"rank-math-html-sitemap__link\">Termes et conditions<\/a><\/li><li class=\"rank-math-html-sitemap__item\"><a href=\"https:\/\/yorkshiredesign.co.uk\/fr\/termes\/\" class=\"rank-math-html-sitemap__link\">Termes<\/a><\/li><li class=\"rank-math-html-sitemap__item\"><a href=\"https:\/\/yorkshiredesign.co.uk\/fr\/propos-de-nous\/\" class=\"rank-math-html-sitemap__link\">\u00c0 propos de nous<\/a><\/li><li class=\"rank-math-html-sitemap__item\"><a href=\"https:\/\/yorkshiredesign.co.uk\/fr\/magasin-en-lignes\/\" class=\"rank-math-html-sitemap__link\">Magasin en ligne<\/a><\/li><li class=\"rank-math-html-sitemap__item\"><a href=\"https:\/\/yorkshiredesign.co.uk\/fr\/contactez-nous\/\" class=\"rank-math-html-sitemap__link\">Contactez-nous<\/a><\/li><\/ul><\/div><div class=\"rank-math-html-sitemap__section rank-math-html-sitemap__section--post-type rank-math-html-sitemap__section--portfolio-item\"><h2 class=\"rank-math-html-sitemap__title\">Portefeuille<\/h2><ul class=\"rank-math-html-sitemap__list\"><li class=\"rank-math-html-sitemap__item\"><a href=\"https:\/\/yorkshiredesign.co.uk\/fr\/blog\/portfolio\/godiva-physiotherapy\/\" class=\"rank-math-html-sitemap__link\">Godiva Physiotherapy<\/a><\/li><li class=\"rank-math-html-sitemap__item\"><a href=\"https:\/\/yorkshiredesign.co.uk\/fr\/blog\/portfolio\/bedford-electrician\/\" class=\"rank-math-html-sitemap__link\">Bedford Electrician<\/a><\/li><li class=\"rank-math-html-sitemap__item\"><a href=\"https:\/\/yorkshiredesign.co.uk\/fr\/blog\/portfolio\/envy-websites\/\" class=\"rank-math-html-sitemap__link\">Envy Websites<\/a><\/li><li class=\"rank-math-html-sitemap__item\"><a href=\"https:\/\/yorkshiredesign.co.uk\/fr\/blog\/portfolio\/une-carriere-plus-intelligente\/\" class=\"rank-math-html-sitemap__link\">Une carri\u00e8re plus intelligente<\/a><\/li><li class=\"rank-math-html-sitemap__item\"><a href=\"https:\/\/yorkshiredesign.co.uk\/fr\/blog\/portfolio\/maitres-de-la-communication\/\" class=\"rank-math-html-sitemap__link\">Ma\u00eetres de communication<\/a><\/li><li class=\"rank-math-html-sitemap__item\"><a href=\"https:\/\/yorkshiredesign.co.uk\/fr\/blog\/portfolio\/la-grenouille\/\" class=\"rank-math-html-sitemap__link\">Grenouille<\/a><\/li><li class=\"rank-math-html-sitemap__item\"><a href=\"https:\/\/yorkshiredesign.co.uk\/fr\/blog\/portfolio\/la-trouve-moi-maintenant\/\" class=\"rank-math-html-sitemap__link\">Trouvez-moi maintenant<\/a><\/li><li class=\"rank-math-html-sitemap__item\"><a href=\"https:\/\/yorkshiredesign.co.uk\/fr\/blog\/portfolio\/rendement-site\/\" class=\"rank-math-html-sitemap__link\">Rendement<\/a><\/li><li class=\"rank-math-html-sitemap__item\"><a href=\"https:\/\/yorkshiredesign.co.uk\/fr\/blog\/portfolio\/la-murs-en-croissance\/\" class=\"rank-math-html-sitemap__link\">Murs en croissance<\/a><\/li><li class=\"rank-math-html-sitemap__item\"><a href=\"https:\/\/yorkshiredesign.co.uk\/fr\/blog\/portfolio\/paysages-gazon-de-bolton\/\" class=\"rank-math-html-sitemap__link\">Gazon et paysages de Bolton<\/a><\/li><li class=\"rank-math-html-sitemap__item\"><a href=\"https:\/\/yorkshiredesign.co.uk\/fr\/blog\/portfolio\/entreposage-de-demenagements-et-bedford\/\" class=\"rank-math-html-sitemap__link\">D\u00e9m\u00e9nagements et entreposage \u00e0 Bedford<\/a><\/li><li class=\"rank-math-html-sitemap__item\"><a href=\"https:\/\/yorkshiredesign.co.uk\/fr\/blog\/portfolio\/joyce-constructeure\/\" class=\"rank-math-html-sitemap__link\">Joyce Constructeurs<\/a><\/li><li class=\"rank-math-html-sitemap__item\"><a href=\"https:\/\/yorkshiredesign.co.uk\/fr\/blog\/portfolio\/le-theatre-d-heron\/\" class=\"rank-math-html-sitemap__link\">Le Th\u00e9\u00e2tre du H\u00e9ron<\/a><\/li><li class=\"rank-math-html-sitemap__item\"><a href=\"https:\/\/yorkshiredesign.co.uk\/fr\/blog\/portfolio\/jardinier-de-bedford\/\" class=\"rank-math-html-sitemap__link\">Jardinier de Bedford<\/a><\/li><li class=\"rank-math-html-sitemap__item\"><a href=\"https:\/\/yorkshiredesign.co.uk\/fr\/blog\/portfolio\/conception-du-yorkshire-design\/\" class=\"rank-math-html-sitemap__link\">Conception du Yorkshire<\/a><\/li><li class=\"rank-math-html-sitemap__item\"><a href=\"https:\/\/yorkshiredesign.co.uk\/fr\/blog\/portfolio\/vacances-acceptant-les-animaux-de-compagnies\/\" class=\"rank-math-html-sitemap__link\">Vacances acceptant les animaux de compagnie<\/a><\/li><li class=\"rank-math-html-sitemap__item\"><a href=\"https:\/\/yorkshiredesign.co.uk\/fr\/blog\/portfolio\/libellule-video\/\" class=\"rank-math-html-sitemap__link\">Libellule<\/a><\/li><\/ul><\/div><div class=\"rank-math-html-sitemap__section rank-math-html-sitemap__section--post-type rank-math-html-sitemap__section--product\"><h2 class=\"rank-math-html-sitemap__title\">Produits<\/h2><ul class=\"rank-math-html-sitemap__list\"><li class=\"rank-math-html-sitemap__item\"><a href=\"https:\/\/yorkshiredesign.co.uk\/fr\/produit\/reglage-de-la-vitesse-des-pages\/\" class=\"rank-math-html-sitemap__link\">R\u00e9glage de la vitesse de page<\/a><\/li><li class=\"rank-math-html-sitemap__item\"><a href=\"https:\/\/yorkshiredesign.co.uk\/fr\/produit\/conception-de-site-web\/\" class=\"rank-math-html-sitemap__link\">Conception de sites Web<\/a><\/li><li class=\"rank-math-html-sitemap__item\"><a href=\"https:\/\/yorkshiredesign.co.uk\/fr\/produit\/maintenance-du-site\/\" class=\"rank-math-html-sitemap__link\">Maintenance du site<\/a><\/li><\/ul><\/div><\/div>\n\t\t<\/div>\n\t<\/div>\n<\/div><\/div><\/div><\/div><\/div><\/div><div class=\"vc_row wpb_row vc_row-fluid\" ><div class=\"wpb_column vc_column_container vc_col-sm-12 vc_hidden-xs\"><div class=\"vc_column-inner\"><div class=\"wpb_wrapper\"><div class=\"vc_empty_space\"   style=\"height: 30px\"><span class=\"vc_empty_space_inner\"><\/span><\/div><\/div><\/div><\/div><\/div><div data-vc-full-width=\"true\" data-vc-full-width-init=\"false\" class=\"vc_row wpb_row vc_row-fluid vc_custom_1627982228435 vc_row-has-fill edgtf-content-aligment-center\" style=\"background-color:#203a53\"><div class=\"wpb_column vc_column_container vc_col-sm-12\"><div class=\"vc_column-inner\"><div class=\"wpb_wrapper\">\n\t<div class=\"wpb_text_column wpb_content_element\" >\n\t\t<div class=\"wpb_wrapper\">\n\t\t\t<p class=\"h3big\" style=\"text-align: center; color: #ffffff;\">Cr\u00e9ation de sites web &amp; <span style=\"color: #fc0;\">R\u00e9f\u00e9rencement<\/span><\/p>\n\n\t\t<\/div>\n\t<\/div>\n<\/div><\/div><\/div><\/div><div class=\"vc_row-full-width vc_clearfix\"><\/div>\n<\/div>","protected":false},"excerpt":{"rendered":"<p>Plan du site de conception du Yorkshire<\/p>","protected":false},"author":1,"featured_media":0,"parent":0,"menu_order":0,"comment_status":"closed","ping_status":"closed","template":"full-width.php","meta":{"footnotes":""},"categories":[],"tags":[],"class_list":["post-28790","page","type-page","status-publish","hentry"],"_links":{"self":[{"href":"https:\/\/yorkshiredesign.co.uk\/fr\/wp-json\/wp\/v2\/pages\/28790","targetHints":{"allow":["GET"]}}],"collection":[{"href":"https:\/\/yorkshiredesign.co.uk\/fr\/wp-json\/wp\/v2\/pages"}],"about":[{"href":"https:\/\/yorkshiredesign.co.uk\/fr\/wp-json\/wp\/v2\/types\/page"}],"author":[{"embeddable":true,"href":"https:\/\/yorkshiredesign.co.uk\/fr\/wp-json\/wp\/v2\/users\/1"}],"replies":[{"embeddable":true,"href":"https:\/\/yorkshiredesign.co.uk\/fr\/wp-json\/wp\/v2\/comments?post=28790"}],"version-history":[{"count":2,"href":"https:\/\/yorkshiredesign.co.uk\/fr\/wp-json\/wp\/v2\/pages\/28790\/revisions"}],"predecessor-version":[{"id":37410,"href":"https:\/\/yorkshiredesign.co.uk\/fr\/wp-json\/wp\/v2\/pages\/28790\/revisions\/37410"}],"wp:attachment":[{"href":"https:\/\/yorkshiredesign.co.uk\/fr\/wp-json\/wp\/v2\/media?parent=28790"}],"wp:term":[{"taxonomy":"category","embeddable":true,"href":"https:\/\/yorkshiredesign.co.uk\/fr\/wp-json\/wp\/v2\/categories?post=28790"},{"taxonomy":"post_tag","embeddable":true,"href":"https:\/\/yorkshiredesign.co.uk\/fr\/wp-json\/wp\/v2\/tags?post=28790"}],"curies":[{"name":"wp","href":"https:\/\/api.w.org\/{rel}","templated":true}]}}