{"id":28804,"date":"2024-01-03T02:14:51","date_gmt":"2024-01-03T02:14:51","guid":{"rendered":"https:\/\/yorkshiredesign.co.uk\/?page_id=28804"},"modified":"2025-04-21T18:30:59","modified_gmt":"2025-04-21T17:30:59","slug":"portfolio","status":"publish","type":"page","link":"https:\/\/yorkshiredesign.co.uk\/fr\/portfolio\/","title":{"rendered":"Portefeuille"},"content":{"rendered":"<div class=\"wpb-content-wrapper\"><div class=\"vc_row wpb_row vc_row-fluid\" ><div class=\"wpb_column vc_column_container vc_col-sm-12 vc_hidden-lg vc_hidden-md vc_hidden-sm\"><div class=\"vc_column-inner\"><div class=\"wpb_wrapper\"><div class=\"vc_empty_space\"   style=\"height: 40px\"><span class=\"vc_empty_space_inner\"><\/span><\/div><\/div><\/div><\/div><\/div><div class=\"vc_row wpb_row vc_row-fluid\" ><div class=\"wpb_column vc_column_container vc_col-sm-12\"><div class=\"vc_column-inner\"><div class=\"wpb_wrapper\">\n\t\t\t<!-- START Portfolio Page REVOLUTION SLIDER 6.7.34 --><p class=\"rs-p-wp-fix\"><\/p>\n\t\t\t<rs-module-wrap id=\"rev_slider_107_1_wrapper\" data-source=\"gallery\" style=\"visibility:hidden;background:transparent;padding:0;margin:0px auto;margin-top:0;margin-bottom:0;\">\n\t\t\t\t<rs-module id=\"rev_slider_107_1\" class=\"rs-ov-hidden\" style=\"\" data-version=\"6.7.34\">\n\t\t\t\t\t<rs-slides style=\"overflow: hidden; position: absolute;\">\n\t\t\t\t\t\t<rs-slide style=\"position: absolute;\" data-key=\"rs-173\" data-title=\"Slide\" data-duration=\"7490\" data-anim=\"adpr:false;ms:10;\" data-in=\"o:1;\" data-out=\"a:false;\" data-mediafilter=\"mayfair\">\n\t\t\t\t\t\t\t<img decoding=\"async\" src=\"\/\/yorkshiredesign.co.uk\/wp-content\/plugins\/revslider\/sr6\/assets\/assets\/dummy.png\" alt=\"\" class=\"rev-slidebg tp-rs-img rs-lazyload\" data-lazyload=\"\/\/yorkshiredesign.co.uk\/wp-content\/uploads\/revslider\/video-media\/Portfolio-Banner_173.jpeg\" data-parallax=\"14\" data-no-retina title=\"\">\n\t\t\t\t\t\t\t<rs-bgvideo \n\t\t\t\t\t\t\t\tdata-video=\"w:100%;h:100%;nse:false;l:true;ptimer:false;vfc:true;\"\n\t\t\t\t\t\t\t\tdata-mp4=\"\/\/yorkshiredesign.co.uk\/wp-content\/uploads\/2024\/01\/Portfolio-Banner.mp4\"\n\t\t\t\t\t\t\t><\/rs-bgvideo>\n<!--\n\t\t\t\t\t\t\t--><rs-layer\n\t\t\t\t\t\t\t\tid=\"slider-107-slide-173-layer-11\" \n\t\t\t\t\t\t\t\tdata-type=\"text\"\n\t\t\t\t\t\t\t\tdata-bsh=\"c:rgba(0,0,0,0.5);\"\n\t\t\t\t\t\t\t\tdata-tsh=\"c:rgba(0,0,0,0.75);h:7px,4px,2px,0px;v:7px,4px,2px,0px;b:10px,7px,5px,2px;\"\n\t\t\t\t\t\t\t\tdata-rsp_ch=\"on\"\n\t\t\t\t\t\t\t\ttitle=\"Nos clients sont exclusifs\"\n\t\t\t\t\t\t\t\tdata-xy=\"x:l,l,c,c;xo:38px,27px,0,0;y:m;yo:45px,45px,45px,35px;\"\n\t\t\t\t\t\t\t\tdata-text=\"w:normal;s:80,80,80,60;l:100,100,100,70;fw:500;a:inherit,inherit,center,center;\"\n\t\t\t\t\t\t\t\tdata-dim=\"w:556px,482px,480px,382px;\"\n\t\t\t\t\t\t\t\tdata-tst=\"w:2px;c:#1d1d1d;\"\n\t\t\t\t\t\t\t\tdata-border=\"bor:0%,0%,0%,0%;\"\n\t\t\t\t\t\t\t\tdata-frame_0=\"o:1;\"\n\t\t\t\t\t\t\t\tdata-frame_0_chars=\"d:5;x:ran(-250|250);y:ran(-150|150);sX:ran(0|1);sY:ran(0|1);o:0;rX:ran(-90|90);rY:ran(-90|90);rZ:ran(-360|360);\"\n\t\t\t\t\t\t\t\tdata-frame_1=\"e:power4.inOut;sp:2000;sR:10;\"\n\t\t\t\t\t\t\t\tdata-frame_1_chars=\"d:5;\"\n\t\t\t\t\t\t\t\tdata-frame_999=\"x:-20px,-14px,-10px,-4px;o:0;e:power1.inOut;st:w;sp:500;sR:4430;\"\n\t\t\t\t\t\t\t\tstyle=\"z-index:5;font-family:'Oswald';text-transform:uppercase;\"\n\t\t\t\t\t\t\t>Portefeuille\n \n\t\t\t\t\t\t\t<\/rs-layer><!--\n-->\t\t\t\t\t<\/rs-slide>\n\t\t\t\t\t<\/rs-slides>\n\t\t\t\t<\/rs-module>\n\t\t\t\t<script>\n\t\t\t\t\tsetREVStartSize({c: 'rev_slider_107_1',rl:[1920,1280,1023,480],el:[500,430,600,430],gw:[1920,1368,1024,480],gh:[500,430,600,430],type:'hero',justify:'',layout:'fullwidth',mh:\"0\"});if (window.RS_MODULES!==undefined && window.RS_MODULES.modules!==undefined && window.RS_MODULES.modules[\"revslider1071\"]!==undefined) {window.RS_MODULES.modules[\"revslider1071\"].once = false;window.revapi107 = undefined;if (window.RS_MODULES.checkMinimal!==undefined) window.RS_MODULES.checkMinimal()}\n\t\t\t\t<\/script>\n\t\t\t<\/rs-module-wrap>\n\t\t\t<!-- END REVOLUTION SLIDER -->\n<\/div><\/div><\/div><\/div><div class=\"edgtf-row-grid-section-wrapper edgtf-content-aligment-left\"  ><div class=\"edgtf-row-grid-section\"><div class=\"vc_row wpb_row vc_row-fluid\" ><div class=\"wpb_column vc_column_container vc_col-sm-12 vc_hidden-xs\"><div class=\"vc_column-inner\"><div class=\"wpb_wrapper\">\n\t<div class=\"wpb_text_column wpb_content_element\" >\n\t\t<div class=\"wpb_wrapper\">\n\t\t\t\n\n\t\t<\/div>\n\t<\/div>\n<\/div><\/div><\/div><\/div><\/div><\/div><div class=\"edgtf-row-grid-section-wrapper edgtf-content-aligment-left\"  ><div class=\"edgtf-row-grid-section\"><div class=\"vc_row wpb_row vc_row-fluid vc_custom_1704135074605 vc_row-has-fill\" ><div class=\"wpb_column vc_column_container vc_col-sm-12 vc_col-has-fill\"><div class=\"vc_column-inner vc_custom_1709628819069\"><div class=\"wpb_wrapper\"><div class=\"vc_row wpb_row vc_inner vc_row-fluid\" ><div class=\"wpb_column vc_column_container vc_col-sm-12 vc_hidden-lg vc_hidden-md vc_hidden-sm\"><div class=\"vc_column-inner\"><div class=\"wpb_wrapper\"><div class=\"vc_empty_space\"   style=\"height: 10px\"><span class=\"vc_empty_space_inner\"><\/span><\/div><\/div><\/div><\/div><\/div>\n\t<div class=\"wpb_text_column wpb_content_element vc_custom_1709628872912\" >\n\t\t<div class=\"wpb_wrapper\">\n\t\t\t<h1 class=\"h1yellow\" style=\"text-align: center; text-color: #ffffff;\">Mon <span style=\"color: #ffcc00;\">Portefeuille<\/span><\/h1>\n\n\t\t<\/div>\n\t<\/div>\n\n\t<div class=\"wpb_text_column wpb_content_element vc_custom_1709628981649\" >\n\t\t<div class=\"wpb_wrapper\">\n\t\t\t<p style=\"text-align: center;\">Ceci est une liste de mes travaux les plus r\u00e9cents et historiques. Tout a \u00e9t\u00e9 fait personnellement par moi-m\u00eame. Si vous parlez de votre site Web, <a href=\"\/fr\/contactez-nous\/\"><b>Contactez-moi ici.<\/b><\/a><\/p>\n\n\t\t<\/div>\n\t<\/div>\n\n\t<div class=\"wpb_text_column wpb_content_element vc_custom_1709629031634\" >\n\t\t<div class=\"wpb_wrapper\">\n\t\t\t<h3 class=\"hblacksmaller\" style=\"text-align: center;\">Dernier <span style=\"color: #fc0;\">Projets<\/span><\/h3>\n\n\t\t<\/div>\n\t<\/div>\n<div class=\"vc_row wpb_row vc_inner vc_row-fluid vc_custom_1704361528701 vc_row-o-equal-height vc_row-flex edgtf-content-aligment-center\" ><div class=\"lesspadd wpb_column vc_column_container vc_col-sm-8 vc_col-has-fill\"><div class=\"vc_column-inner vc_custom_1704177605307\"><div class=\"wpb_wrapper\">\n<div class=\"vc_grid-container-wrapper vc_clearfix vc_grid-animation-none\">\n\t<div class=\"vc_grid-container vc_clearfix wpb_content_element vc_basic_grid vc_custom_1745256580568 portless\" data-initial-loading-animation=\"none\" data-vc-grid-settings=\"{&quot;page_id&quot;:28804,&quot;style&quot;:&quot;all&quot;,&quot;action&quot;:&quot;vc_get_vc_grid_data&quot;,&quot;shortcode_id&quot;:&quot;1745256615486-3c8baa2b-0745-9&quot;,&quot;tag&quot;:&quot;vc_basic_grid&quot;}\" data-vc-request=\"https:\/\/yorkshiredesign.co.uk\/wp-admin\/admin-ajax.php\" data-vc-post-id=\"28804\" data-vc-public-nonce=\"8aa754ae37\">\n\t\t<style data-type=\"vc_shortcodes-custom-css\">.vc_custom_1419251874438{background-color: #f9f9f9 !important;}.vc_custom_1419251931135{background-color: rgba(0,0,0,0.3) !important;*background-color: rgb(0,0,0) !important;}<\/style><div class=\"vc_grid vc_row vc_grid-gutter-20px vc_pageable-wrapper vc_hook_hover\" data-vc-pageable-content=\"true\"><div class=\"vc_pageable-slide-wrapper vc_clearfix\" data-vc-grid-content=\"true\"><div class=\"vc_grid-item vc_clearfix vc_col-sm-12 vc_grid-item-zone-c-bottom\"><div class=\"vc_grid-item-mini vc_clearfix\"><div class=\"vc_gitem-animated-block  vc_gitem-animate vc_gitem-animate-slideBottom\"  data-vc-animation=\"slideBottom\"><div class=\"vc_gitem-zone vc_gitem-zone-a vc-gitem-zone-height-mode-auto vc-gitem-zone-height-mode-auto-1-1 vc_gitem-is-link\" style=\"background-image: url('https:\/\/yorkshiredesign.co.uk\/wp-content\/uploads\/2025\/04\/Bedford-Electrician-Large-Featured-Image-1024x477.webp') !important;\"><a href=\"https:\/\/yorkshiredesign.co.uk\/fr\/blog\/portfolio\/bedford-electrician\/\" title=\"Bedford Electrician\" class=\"vc_gitem-link vc-zone-link\" ><\/a><img decoding=\"async\" class=\"vc_gitem-zone-img\" src=\"https:\/\/yorkshiredesign.co.uk\/wp-content\/uploads\/2025\/04\/Bedford-Electrician-Large-Featured-Image-1024x477.webp\" alt=\"Screenshot of the Bedford Electrician website, featuring a qualified Bedford Electrician at work on an electrical panel. Navigation menus, contact details, and service buttons are visible, emphasizing expert electrical services in Bedford.\" loading=\"lazy\" title=\"\"><div class=\"vc_gitem-zone-mini\"><\/div><\/div><div class=\"vc_gitem-zone vc_gitem-zone-b vc_custom_1419251931135 vc-gitem-zone-height-mode-auto vc_gitem-is-link\"><a href=\"https:\/\/yorkshiredesign.co.uk\/fr\/blog\/portfolio\/bedford-electrician\/\" title=\"Bedford Electrician\" class=\"vc_gitem-link vc-zone-link\" ><\/a><div class=\"vc_gitem-zone-mini\"><div class=\"vc_gitem_row vc_row vc_gitem-row-position-middle\"><div class=\"vc_col-sm-12 vc_gitem-col vc_gitem-col-align-\"><div class=\"vc_icon_element vc_icon_element-outer  vc_icon_element-align-center\"><div class=\"vc_icon_element-inner vc_icon_element-color-white  vc_icon_element-size-md  vc_icon_element-style- vc_icon_element-background-color-grey\" ><span class=\"vc_icon_element-icon fa fa-search\" ><\/span><\/div><\/div><\/div><\/div><\/div><\/div><\/div><div class=\"vc_gitem-zone vc_gitem-zone-c vc_custom_1419251874438\"><div class=\"vc_gitem-zone-mini\"><div class=\"vc_gitem_row vc_row vc_gitem-row-position-top\"><div class=\"vc_col-sm-12 vc_gitem-col vc_gitem-col-align-\"><div class=\"vc_custom_heading vc_gitem-post-data vc_gitem-post-data-source-post_title\" ><h4 style=\"text-align: center\" >Bedford Electrician<\/h4><\/div><div class=\"vc_custom_heading vc_gitem-post-data vc_gitem-post-data-source-post_excerpt\" ><p style=\"text-align: center\" > [...]<\/p><\/div><div class=\"vc_btn3-container vc_btn3-center\"><a class=\"vc_general vc_btn3 vc_btn3-size-md vc_btn3-shape-rounded vc_btn3-style-flat vc_btn3-color-juicy-pink\" a href=\"https:\/\/yorkshiredesign.co.uk\/fr\/blog\/portfolio\/bedford-electrician\/\" title=\"Voir le site Web\">Voir le site Web<\/a><\/div><\/div><\/div><\/div><\/div><\/div><div class=\"vc_clearfix\"><\/div><\/div><\/div><\/div>\n\t<\/div>\n<\/div><div class=\"vc_empty_space\"   style=\"height: 30px\"><span class=\"vc_empty_space_inner\"><\/span><\/div>\n<div class=\"vc_grid-container-wrapper vc_clearfix vc_grid-animation-none\">\n\t<div class=\"vc_grid-container vc_clearfix wpb_content_element vc_basic_grid vc_custom_1745256590280 portless\" data-initial-loading-animation=\"none\" data-vc-grid-settings=\"{&quot;page_id&quot;:28804,&quot;style&quot;:&quot;all&quot;,&quot;action&quot;:&quot;vc_get_vc_grid_data&quot;,&quot;shortcode_id&quot;:&quot;1745256615486-df6e1839-f758-10&quot;,&quot;tag&quot;:&quot;vc_basic_grid&quot;}\" data-vc-request=\"https:\/\/yorkshiredesign.co.uk\/wp-admin\/admin-ajax.php\" data-vc-post-id=\"28804\" data-vc-public-nonce=\"8aa754ae37\">\n\t\t<style data-type=\"vc_shortcodes-custom-css\">.vc_custom_1419251874438{background-color: #f9f9f9 !important;}.vc_custom_1419251931135{background-color: rgba(0,0,0,0.3) !important;*background-color: rgb(0,0,0) !important;}<\/style><div class=\"vc_grid vc_row vc_grid-gutter-20px vc_pageable-wrapper vc_hook_hover\" data-vc-pageable-content=\"true\"><div class=\"vc_pageable-slide-wrapper vc_clearfix\" data-vc-grid-content=\"true\"><div class=\"vc_grid-item vc_clearfix vc_col-sm-12 vc_grid-item-zone-c-bottom\"><div class=\"vc_grid-item-mini vc_clearfix\"><div class=\"vc_gitem-animated-block  vc_gitem-animate vc_gitem-animate-slideBottom\"  data-vc-animation=\"slideBottom\"><div class=\"vc_gitem-zone vc_gitem-zone-a vc-gitem-zone-height-mode-auto vc-gitem-zone-height-mode-auto-1-1 vc_gitem-is-link\" style=\"background-image: url('https:\/\/yorkshiredesign.co.uk\/wp-content\/uploads\/2025\/04\/Envy-Websites-Large-Featured-Image-1024x478.webp') !important;\"><a href=\"https:\/\/yorkshiredesign.co.uk\/fr\/blog\/portfolio\/envy-websites\/\" title=\"Envy Websites\" class=\"vc_gitem-link vc-zone-link\" ><\/a><img decoding=\"async\" class=\"vc_gitem-zone-img\" src=\"https:\/\/yorkshiredesign.co.uk\/wp-content\/uploads\/2025\/04\/Envy-Websites-Large-Featured-Image-1024x478.webp\" alt=\"Screenshot of an Envy Websites agency homepage featuring bold text \u201cWeb Design. SEO. For Real.\u201d and a 3D animated character with dark hair smiling on the right. The menu bar includes Home, Services, Blog, Portfolio, Shop, and Contact.\" loading=\"lazy\" title=\"\"><div class=\"vc_gitem-zone-mini\"><\/div><\/div><div class=\"vc_gitem-zone vc_gitem-zone-b vc_custom_1419251931135 vc-gitem-zone-height-mode-auto vc_gitem-is-link\"><a href=\"https:\/\/yorkshiredesign.co.uk\/fr\/blog\/portfolio\/envy-websites\/\" title=\"Envy Websites\" class=\"vc_gitem-link vc-zone-link\" ><\/a><div class=\"vc_gitem-zone-mini\"><div class=\"vc_gitem_row vc_row vc_gitem-row-position-middle\"><div class=\"vc_col-sm-12 vc_gitem-col vc_gitem-col-align-\"><div class=\"vc_icon_element vc_icon_element-outer  vc_icon_element-align-center\"><div class=\"vc_icon_element-inner vc_icon_element-color-white  vc_icon_element-size-md  vc_icon_element-style- vc_icon_element-background-color-grey\" ><span class=\"vc_icon_element-icon fa fa-search\" ><\/span><\/div><\/div><\/div><\/div><\/div><\/div><\/div><div class=\"vc_gitem-zone vc_gitem-zone-c vc_custom_1419251874438\"><div class=\"vc_gitem-zone-mini\"><div class=\"vc_gitem_row vc_row vc_gitem-row-position-top\"><div class=\"vc_col-sm-12 vc_gitem-col vc_gitem-col-align-\"><div class=\"vc_custom_heading vc_gitem-post-data vc_gitem-post-data-source-post_title\" ><h4 style=\"text-align: center\" >Envy Websites<\/h4><\/div><div class=\"vc_custom_heading vc_gitem-post-data vc_gitem-post-data-source-post_excerpt\" ><p style=\"text-align: center\" > [...]<\/p><\/div><div class=\"vc_btn3-container vc_btn3-center\"><a class=\"vc_general vc_btn3 vc_btn3-size-md vc_btn3-shape-rounded vc_btn3-style-flat vc_btn3-color-juicy-pink\" a href=\"https:\/\/yorkshiredesign.co.uk\/fr\/blog\/portfolio\/envy-websites\/\" title=\"Voir le site Web\">Voir le site Web<\/a><\/div><\/div><\/div><\/div><\/div><\/div><div class=\"vc_clearfix\"><\/div><\/div><\/div><\/div>\n\t<\/div>\n<\/div><\/div><\/div><\/div><div class=\"morepadd wpb_column vc_column_container vc_col-sm-4 vc_col-has-fill\"><div class=\"vc_column-inner vc_custom_1704177360705\"><div class=\"wpb_wrapper\">\n<div class=\"vc_grid-container-wrapper vc_clearfix vc_grid-animation-none\">\n\t<div class=\"vc_grid-container vc_clearfix wpb_content_element vc_basic_grid vc_custom_1745256629978\" data-initial-loading-animation=\"none\" data-vc-grid-settings=\"{&quot;page_id&quot;:28804,&quot;style&quot;:&quot;all&quot;,&quot;action&quot;:&quot;vc_get_vc_grid_data&quot;,&quot;shortcode_id&quot;:&quot;1745256615486-ccea1278-b053-0&quot;,&quot;tag&quot;:&quot;vc_basic_grid&quot;}\" data-vc-request=\"https:\/\/yorkshiredesign.co.uk\/wp-admin\/admin-ajax.php\" data-vc-post-id=\"28804\" data-vc-public-nonce=\"8aa754ae37\">\n\t\t\n\t<\/div>\n<\/div><\/div><\/div><\/div><\/div><div class=\"vc_empty_space  nomob\"   style=\"height: 20px\"><span class=\"vc_empty_space_inner\"><\/span><\/div><div class=\"vc_row wpb_row vc_inner vc_row-fluid vc_custom_1704177293830 vc_row-o-equal-height vc_row-flex\" ><div class=\"leftblog wpb_column vc_column_container vc_col-sm-12 vc_col-has-fill\"><div class=\"vc_column-inner vc_custom_1704185514576\"><div class=\"wpb_wrapper\">\n<div class=\"vc_grid-container-wrapper vc_clearfix vc_grid-animation-none\">\n\t<div class=\"vc_grid-container vc_clearfix wpb_content_element vc_basic_grid vc_custom_1745256642833\" data-initial-loading-animation=\"none\" data-vc-grid-settings=\"{&quot;page_id&quot;:28804,&quot;style&quot;:&quot;all&quot;,&quot;action&quot;:&quot;vc_get_vc_grid_data&quot;,&quot;shortcode_id&quot;:&quot;1745256615487-ae20b534-9d6b-7&quot;,&quot;tag&quot;:&quot;vc_basic_grid&quot;}\" data-vc-request=\"https:\/\/yorkshiredesign.co.uk\/wp-admin\/admin-ajax.php\" data-vc-post-id=\"28804\" data-vc-public-nonce=\"8aa754ae37\">\n\t\t\n\t<\/div>\n<\/div><\/div><\/div><\/div><\/div>\n\t<div class=\"wpb_text_column wpb_content_element vc_custom_1709628959598\" >\n\t\t<div class=\"wpb_wrapper\">\n\t\t\t<h3 class=\"hblacksmaller\" style=\"text-align: center;\">Historique <span style=\"color: #fc0;\">Projets<\/span><\/h3>\n\n\t\t<\/div>\n\t<\/div>\n\n\t<div class=\"wpb_text_column wpb_content_element vc_custom_1705360367917\" >\n\t\t<div class=\"wpb_wrapper\">\n\t\t\t<p style=\"text-align: center;\">Je cr\u00e9e des sites Web depuis plus de 20 ans. Ceux-ci sont des pr\u00e9-WordPress qui ont vraiment d\u00e9coll\u00e9 et d\u00e9montrent mon exp\u00e9rience.<\/p>\n\n\t\t<\/div>\n\t<\/div>\n<div class=\"vc_empty_space\"   style=\"height: 25px\"><span class=\"vc_empty_space_inner\"><\/span><\/div><div class=\"vc_row wpb_row vc_inner vc_row-fluid vc_custom_1704177293830 vc_row-o-equal-height vc_row-flex\" ><div class=\"leftblog wpb_column vc_column_container vc_col-sm-12 vc_col-has-fill\"><div class=\"vc_column-inner vc_custom_1704185514576\"><div class=\"wpb_wrapper\">\n<div class=\"vc_grid-container-wrapper vc_clearfix vc_grid-animation-none\">\n\t<div class=\"vc_grid-container vc_clearfix wpb_content_element vc_basic_grid vc_custom_1745256656262\" data-initial-loading-animation=\"none\" data-vc-grid-settings=\"{&quot;page_id&quot;:28804,&quot;style&quot;:&quot;all&quot;,&quot;action&quot;:&quot;vc_get_vc_grid_data&quot;,&quot;shortcode_id&quot;:&quot;1745256615487-ce429ff6-3303-2&quot;,&quot;tag&quot;:&quot;vc_basic_grid&quot;}\" data-vc-request=\"https:\/\/yorkshiredesign.co.uk\/wp-admin\/admin-ajax.php\" data-vc-post-id=\"28804\" data-vc-public-nonce=\"8aa754ae37\">\n\t\t\n\t<\/div>\n<\/div><\/div><\/div><\/div><\/div><div class=\"edgtf-elements-holder   edgtf-two-columns  edgtf-responsive-mode-1024\" ><div class=\"edgtf-eh-item  edgtf-vertical-alignment-top edgtf-horizontal-alignment-center\"  data-item-class=\"edgtf-eh-custom-5817\">\n    <div class=\"edgtf-eh-item-inner\">\n        <div class=\"edgtf-eh-item-content edgtf-eh-custom-5817\" style=\"padding: 10px 20px 0 20px\">\n            <div class=\"vc_empty_space\"   style=\"height: 20px\"><span class=\"vc_empty_space_inner\"><\/span><\/div>        <\/div>\n    <\/div>\n<\/div><\/div><\/div><\/div><\/div><\/div><\/div><\/div><div class=\"vc_row wpb_row vc_row-fluid\" ><div class=\"wpb_column vc_column_container vc_col-sm-12 vc_hidden-xs\"><div class=\"vc_column-inner\"><div class=\"wpb_wrapper\"><div class=\"vc_empty_space\"   style=\"height: 30px\"><span class=\"vc_empty_space_inner\"><\/span><\/div><\/div><\/div><\/div><\/div><div data-vc-full-width=\"true\" data-vc-full-width-init=\"false\" data-vc-stretch-content=\"true\" class=\"vc_row wpb_row vc_row-fluid vc_custom_1704548393045 vc_row-has-fill edgtf-content-aligment-center\" style=\"background-color:#203a53\"><div class=\"padleft wpb_column vc_column_container vc_col-sm-12\"><div class=\"vc_column-inner\"><div class=\"wpb_wrapper\">\n\t<div class=\"wpb_text_column wpb_content_element mobilebottompadding\" >\n\t\t<div class=\"wpb_wrapper\">\n\t\t\t<p class=\"h3big\" style=\"text-align: center; color: #ffffff;\">Cr\u00e9ation de sites web &amp; <span style=\"color: #fc0;\">R\u00e9f\u00e9rencement<\/span><\/p>\n\n\t\t<\/div>\n\t<\/div>\n<\/div><\/div><\/div><\/div><div class=\"vc_row-full-width vc_clearfix\"><\/div>\n<\/div>","protected":false},"excerpt":{"rendered":"<p>Ceci est une liste de mes travaux les plus r\u00e9cents et historiques. Tout a \u00e9t\u00e9 fait personnellement par moi-m\u00eame.<\/p>","protected":false},"author":1,"featured_media":29428,"parent":0,"menu_order":0,"comment_status":"closed","ping_status":"closed","template":"full-width.php","meta":{"footnotes":""},"categories":[],"tags":[],"class_list":["post-28804","page","type-page","status-publish","has-post-thumbnail","hentry"],"_links":{"self":[{"href":"https:\/\/yorkshiredesign.co.uk\/fr\/wp-json\/wp\/v2\/pages\/28804","targetHints":{"allow":["GET"]}}],"collection":[{"href":"https:\/\/yorkshiredesign.co.uk\/fr\/wp-json\/wp\/v2\/pages"}],"about":[{"href":"https:\/\/yorkshiredesign.co.uk\/fr\/wp-json\/wp\/v2\/types\/page"}],"author":[{"embeddable":true,"href":"https:\/\/yorkshiredesign.co.uk\/fr\/wp-json\/wp\/v2\/users\/1"}],"replies":[{"embeddable":true,"href":"https:\/\/yorkshiredesign.co.uk\/fr\/wp-json\/wp\/v2\/comments?post=28804"}],"version-history":[{"count":14,"href":"https:\/\/yorkshiredesign.co.uk\/fr\/wp-json\/wp\/v2\/pages\/28804\/revisions"}],"predecessor-version":[{"id":33049,"href":"https:\/\/yorkshiredesign.co.uk\/fr\/wp-json\/wp\/v2\/pages\/28804\/revisions\/33049"}],"wp:featuredmedia":[{"embeddable":true,"href":"https:\/\/yorkshiredesign.co.uk\/fr\/wp-json\/wp\/v2\/media\/29428"}],"wp:attachment":[{"href":"https:\/\/yorkshiredesign.co.uk\/fr\/wp-json\/wp\/v2\/media?parent=28804"}],"wp:term":[{"taxonomy":"category","embeddable":true,"href":"https:\/\/yorkshiredesign.co.uk\/fr\/wp-json\/wp\/v2\/categories?post=28804"},{"taxonomy":"post_tag","embeddable":true,"href":"https:\/\/yorkshiredesign.co.uk\/fr\/wp-json\/wp\/v2\/tags?post=28804"}],"curies":[{"name":"wp","href":"https:\/\/api.w.org\/{rel}","templated":true}]}}