{"id":11160,"date":"2020-03-12T10:37:04","date_gmt":"2020-03-12T10:37:04","guid":{"rendered":"https:\/\/yorkshiredesign.co.uk\/?post_type=product&#038;p=11160"},"modified":"2025-04-17T00:23:01","modified_gmt":"2025-04-16T23:23:01","slug":"maintenance-du-site","status":"publish","type":"product","link":"https:\/\/yorkshiredesign.co.uk\/fr\/produit\/maintenance-du-site\/","title":{"rendered":"Maintenance du site"},"content":{"rendered":"<p>Profitez de mes 20 ans d\u2019exp\u00e9rience avec mes services de maintenance de sites Web. Que vous ayez besoin de SEO, SEM, de nouveaux contenus ou de travaux de maintenance, je peux les r\u00e9aliser personnellement. Avec mon service de r\u00e9tention, vous achetez le nombre de jours convenu par mois. C&#039;est avec plaisir que je me retrouve sur Google Meet pour des consultations vid\u00e9o afin de conseiller, planifier et r\u00e9aliser les travaux.<\/p>","protected":false},"excerpt":{"rendered":"<p style=\"text-align: justify; margin-bottom: 20px;\">Que vous ayez besoin <a href=\"https:\/\/yorkshiredesign.co.uk\/fr\/blog\/referencement\/\"><i>R\u00e9f\u00e9rencement<\/i><\/a>, SEM, maintenance technique ou travail de contenu suppl\u00e9mentaire, utilisez mon service flexible de maintenance de site Web.<\/p>\n<p>&nbsp;<\/p>\n<p style=\"text-align: justify; margin-bottom: 20px;\">Je suis un programmeur full stack exp\u00e9riment\u00e9 et un sp\u00e9cialiste du marketing en ligne qui peut maximiser le potentiel de votre site Web. Tous les travaux sont effectu\u00e9s personnellement par moi-m\u00eame et je suis enti\u00e8rement joignable pendant les heures de travail.<\/p>\n<p>&nbsp;<\/p>\n<p style=\"text-align: justify; margin-bottom: 20px;\">C\u2019est un service pas comme les autres. Avec mon savoir comment vous gagnerez un <a href=\"https:\/\/yorkshiredesign.co.uk\/fr\/blog\/creation-de-sites-webs\/elements-essentiels-dun-site-wordpress-de-haute-qualite\/\"><em>Bras droit de Wordpress<\/em><\/a>. Les horaires de r\u00e9servation peuvent \u00eatre flexibles (sous r\u00e9serve de disponibilit\u00e9). Que vous ayez besoin d&#039;un jour par mois pour l&#039;entretien ou d&#039;un bloc de deux semaines solides, je me ferai un plaisir de vous aider.<\/p>\n<p>&nbsp;<\/p>\n<p style=\"text-align: justify; margin-bottom: 20px;\"><a href=\"\/fr\/maintenance-du-site\/\"><strong>Cliquez ici pour tous les d\u00e9tails<\/strong><\/a><\/p>","protected":false},"featured_media":29306,"template":"","meta":[],"product_brand":[],"product_cat":[1573],"product_tag":[1521,2335,2332,2334],"class_list":{"0":"post-11160","1":"product","2":"type-product","3":"status-publish","4":"has-post-thumbnail","6":"product_cat-website-maintenance","7":"product_tag-seo","8":"product_tag-technical-seo","9":"product_tag-website-maintenance","10":"product_tag-wordpress-plugins","12":"first","13":"instock","14":"featured","15":"purchasable","16":"product-type-variable","17":"has-default-attributes"},"_links":{"self":[{"href":"https:\/\/yorkshiredesign.co.uk\/fr\/wp-json\/wp\/v2\/product\/11160","targetHints":{"allow":["GET"]}}],"collection":[{"href":"https:\/\/yorkshiredesign.co.uk\/fr\/wp-json\/wp\/v2\/product"}],"about":[{"href":"https:\/\/yorkshiredesign.co.uk\/fr\/wp-json\/wp\/v2\/types\/product"}],"wp:featuredmedia":[{"embeddable":true,"href":"https:\/\/yorkshiredesign.co.uk\/fr\/wp-json\/wp\/v2\/media\/29306"}],"wp:attachment":[{"href":"https:\/\/yorkshiredesign.co.uk\/fr\/wp-json\/wp\/v2\/media?parent=11160"}],"wp:term":[{"taxonomy":"product_brand","embeddable":true,"href":"https:\/\/yorkshiredesign.co.uk\/fr\/wp-json\/wp\/v2\/product_brand?post=11160"},{"taxonomy":"product_cat","embeddable":true,"href":"https:\/\/yorkshiredesign.co.uk\/fr\/wp-json\/wp\/v2\/product_cat?post=11160"},{"taxonomy":"product_tag","embeddable":true,"href":"https:\/\/yorkshiredesign.co.uk\/fr\/wp-json\/wp\/v2\/product_tag?post=11160"}],"curies":[{"name":"wp","href":"https:\/\/api.w.org\/{rel}","templated":true}]}}