{"id":12204,"date":"2020-03-19T23:42:55","date_gmt":"2020-03-19T23:42:55","guid":{"rendered":"https:\/\/yorkshiredesign.co.uk\/?post_type=product&#038;p=12204"},"modified":"2025-04-17T00:24:04","modified_gmt":"2025-04-16T23:24:04","slug":"conception-de-site-web","status":"publish","type":"product","link":"https:\/\/yorkshiredesign.co.uk\/fr\/produit\/conception-de-site-web\/","title":{"rendered":"Conception de sites Web"},"content":{"rendered":"<p>Je vous fournirai un site Web qui repr\u00e9sentera parfaitement votre marque. Le prix comprend un nom de domaine, l&#039;h\u00e9bergement et tous les plugins n\u00e9cessaires pour d\u00e9marrer votre activit\u00e9 en ligne. Tous les sites Web sont cr\u00e9\u00e9s d&#039;un point de vue technique en gardant \u00e0 l&#039;esprit les performances de Google.<\/p>","protected":false},"excerpt":{"rendered":"<p style=\"text-align: justify; margin-bottom: 20px;\">Pour tous <a href=\"https:\/\/yorkshiredesign.co.uk\/fr\/\"><i>cr\u00e9ation de sites web<\/i><\/a> forfaits, appelez-moi pour discuter de vos besoins.<\/p>\n<p style=\"text-align: justify; margin-bottom: 20px;\">Profitez de mes plus de 20 ans d&#039;exp\u00e9rience et commandez un <a href=\"\/fr\/blog\/referencement\/combien-de-temps-faut-il-pour-classer-un-nouveau-site-web\/\"><i>nouveau site internet<\/i><\/a> qui sera construit personnellement mon moi.<\/p>\n<p style=\"text-align: justify; margin-bottom: 20px;\">Tous les nouveaux sites Web sont m\u00e9ticuleusement cr\u00e9\u00e9s \u00e0 l&#039;aide de Wordpress et seront conformes \u00e0 toutes les normes de Google, garantissant ainsi une plus grande chance d&#039;\u00eatre bien class\u00e9 dans les moteurs de recherche. Il s&#039;agit d&#039;un service complet qui vous fera gagner du temps. Tous les travaux \u00ab invisibles \u00bb seront termin\u00e9s, vous permettant ainsi de g\u00e9rer votre entreprise au lieu de <a href=\"https:\/\/yorkshiredesign.co.uk\/fr\/blog\/creation-de-sites-webs\/embaucher-un-independant-pour-creer-un-site-web\/\">construire un site Web<\/a> toi-m\u00eame.<\/p>\n<p style=\"text-align: justify; margin-bottom: 20px;\">Tout est configur\u00e9 pour vous du d\u00e9but \u00e0 la fin. Un nom de domaine et 12 mois d&#039;h\u00e9bergement sont inclus, et vous aurez \u00e0 tout moment un acc\u00e8s complet au back-end de votre site Web.<\/p>\n<p style=\"text-align: justify; margin-bottom: 20px;\">Pour plus d&#039;informations, veuillez visiter mon <a href=\"\/fr\/concepteurs-de-sites-web\/\"><i>concepteurs de sites Web<\/i><\/a> page.<\/p>\n<p style=\"text-align: justify; margin-bottom: 20px;\">Lors de la commande, s\u00e9lectionnez \u00ab Payer sur facture \u00bb. J&#039;offre ce service avec un d\u00e9p\u00f4t initial de 25%, puis le solde payable \u00e0 la fin. Je vous enverrai une premi\u00e8re facture d\u2019acompte apr\u00e8s votre commande et notre premi\u00e8re consultation.<\/p>","protected":false},"featured_media":29327,"template":"","meta":[],"product_brand":[],"product_cat":[145,15],"product_tag":[95,1769,1767,1768],"class_list":{"0":"post-12204","1":"product","2":"type-product","3":"status-publish","4":"has-post-thumbnail","6":"product_cat-web-design","7":"product_cat-website-design","8":"product_tag-design","9":"product_tag-make-me-a-website","10":"product_tag-web-design","11":"product_tag-website-design","13":"first","14":"instock","15":"featured","16":"purchasable","17":"product-type-variable","18":"has-default-attributes"},"_links":{"self":[{"href":"https:\/\/yorkshiredesign.co.uk\/fr\/wp-json\/wp\/v2\/product\/12204","targetHints":{"allow":["GET"]}}],"collection":[{"href":"https:\/\/yorkshiredesign.co.uk\/fr\/wp-json\/wp\/v2\/product"}],"about":[{"href":"https:\/\/yorkshiredesign.co.uk\/fr\/wp-json\/wp\/v2\/types\/product"}],"wp:featuredmedia":[{"embeddable":true,"href":"https:\/\/yorkshiredesign.co.uk\/fr\/wp-json\/wp\/v2\/media\/29327"}],"wp:attachment":[{"href":"https:\/\/yorkshiredesign.co.uk\/fr\/wp-json\/wp\/v2\/media?parent=12204"}],"wp:term":[{"taxonomy":"product_brand","embeddable":true,"href":"https:\/\/yorkshiredesign.co.uk\/fr\/wp-json\/wp\/v2\/product_brand?post=12204"},{"taxonomy":"product_cat","embeddable":true,"href":"https:\/\/yorkshiredesign.co.uk\/fr\/wp-json\/wp\/v2\/product_cat?post=12204"},{"taxonomy":"product_tag","embeddable":true,"href":"https:\/\/yorkshiredesign.co.uk\/fr\/wp-json\/wp\/v2\/product_tag?post=12204"}],"curies":[{"name":"wp","href":"https:\/\/api.w.org\/{rel}","templated":true}]}}