{"id":24439,"date":"2022-01-06T07:41:25","date_gmt":"2022-01-06T07:41:25","guid":{"rendered":"https:\/\/yorkshiredesign.co.uk\/?post_type=product&#038;p=24439"},"modified":"2025-04-17T00:23:38","modified_gmt":"2025-04-16T23:23:38","slug":"reglage-de-la-vitesse-des-pages","status":"publish","type":"product","link":"https:\/\/yorkshiredesign.co.uk\/fr\/produit\/reglage-de-la-vitesse-des-pages\/","title":{"rendered":"R\u00e9glage de la vitesse de page"},"content":{"rendered":"<div class=\"wpb-content-wrapper\"><div class=\"vc_row wpb_row vc_row-fluid\" ><div class=\"wpb_column vc_column_container vc_col-sm-12\"><div class=\"vc_column-inner\"><div class=\"wpb_wrapper\">\n\t<div class=\"wpb_text_column wpb_content_element\" >\n\t\t<div class=\"wpb_wrapper\">\n\t\t\t<p>Augmentez votre score Google Insights avec mon service personnel Pagespeed Tuning. Je conserverai toutes les fonctionnalit\u00e9s du site gr\u00e2ce \u00e0 des tests approfondis du site. Augmentez la vitesse du site, r\u00e9duisez le taux de rebond et am\u00e9liorez l\u2019engagement des clients \u2013 autant d\u2019indicateurs qui augmenteront votre classement Google.<\/p>\n\n\t\t<\/div>\n\t<\/div>\n<\/div><\/div><\/div><\/div>\n<\/div>","protected":false},"excerpt":{"rendered":"<p style=\"text-align: justify; margin-bottom: 20px;\">Mon service personnalis\u00e9 suit les \u00e9tapes de mon <a class=\"whitebg\" href=\"\/fr\/passer-les-elements-essentiels-du-web\/\"><b>Guide de vitesse de page<\/b><\/a> mais \u00e0 un niveau sur mesure afin qu&#039;il soit adapt\u00e9 \u00e0 votre propre site Web Wordpress.<\/p>\n<p style=\"text-align: justify; margin-bottom: 20px;\">Votre site Web doit \u00eatre optimis\u00e9 \u00e0 l&#039;\u00e9chelle du site, garantissant que vos pages les plus importantes sont rapides et conviviales pour Google. Ce service comprend une installation sous licence compl\u00e8te de l&#039;un ou l&#039;autre <a class=\"whitebg\" href=\"\/fr\/guide-de-vitesse-de-page\/pro-du-nettoyage-des-actifs\/\"><b>Nettoyage des actifs Pro<\/b><\/a> ou <a class=\"whitebg\" href=\"\/fr\/guide-de-vitesse-de-page\/fusee-wp\/\"><b>WP-Rocket,<\/b><\/a> ainsi qu&#039;un abonnement annuel \u00e0 <a href=\"\/fr\/guide-de-vitesse-de-page\/chargement-rapide\/\"><b>Chargement rapide<\/b><\/a> pour la purification CSS.<\/p>\n<p><span class=\"hblacksmaller\" style=\"margin-bottom: 20px;\">Les sessions commencent \u00e0 <span style=\"color: #fc0;\">10h<\/span>, Ou <span style=\"color: #fc0;\">15h<\/span><\/span><\/p>\n<p style=\"text-align: justify; margin-bottom: 20px; margin-top: 20px;\">Je peux effectuer ce service via Google Meet, en votre pr\u00e9sence. Vous pouvez \u00e9galement passer du temps \u00e0 interroger l&#039;auteur de ce site Web sur tout ce qui concerne Wordpress ou <a class=\"whitebg\" href=\"https:\/\/yorkshiredesign.co.uk\/fr\/blog\/vitesse-de-page\/avantages-profonds-de-laugmentation-de-la-vitesse-des-pages\/\">vitesse de page<\/a> li\u00e9s pour vous aider \u00e0 tirer le meilleur parti de votre site Web\u00a0!<\/p>\n<p style=\"text-align: justify; margin-bottom: 20px;\">Le processus prend <b>2-4 heures<\/b> pour compl\u00e9ter donc si vous souhaitez vous asseoir et me regarder travailler, lib\u00e9rez une matin\u00e9e ou un apr\u00e8s-midi et rejoignez-moi.<\/p>\n<p style=\"text-align: justify; margin-bottom: 20px;\">Enti\u00e8rement remboursable jusqu&#039;\u00e0 24 heures avant l&#039;heure de d\u00e9but.<\/p>\n<p><a class=\"single_add_to_cart_button edgtf-btn-plus-sign edgtf-btn-with-cover-fx edgtf-btn\" href=\"https:\/\/pagespeed.web.dev\/\" target=\"_new\" rel=\"noopener\">V\u00e9rifiez votre score<\/a><\/p>\n<p style=\"text-align: justify; margin-bottom: 20px; margin-top: 20px;\"><strong>S\u00e9lectionnez le jour de la mise au point de votre site Web ci-dessous.<\/strong><\/p>","protected":false},"featured_media":29300,"template":"","meta":[],"product_brand":[],"product_cat":[1462],"product_tag":[1795,1461,1587,1586],"class_list":{"0":"post-24439","1":"product","2":"type-product","3":"status-publish","4":"has-post-thumbnail","6":"product_cat-faster-pagespeed","7":"product_tag-faster-website","8":"product_tag-pagespeed","9":"product_tag-pagespeed-booster","10":"product_tag-speed-up-my-website","11":"mvvwb_bookable","13":"first","14":"instock","15":"featured","16":"virtual","17":"sold-individually","18":"purchasable","19":"product-type-simple"},"_links":{"self":[{"href":"https:\/\/yorkshiredesign.co.uk\/fr\/wp-json\/wp\/v2\/product\/24439","targetHints":{"allow":["GET"]}}],"collection":[{"href":"https:\/\/yorkshiredesign.co.uk\/fr\/wp-json\/wp\/v2\/product"}],"about":[{"href":"https:\/\/yorkshiredesign.co.uk\/fr\/wp-json\/wp\/v2\/types\/product"}],"wp:featuredmedia":[{"embeddable":true,"href":"https:\/\/yorkshiredesign.co.uk\/fr\/wp-json\/wp\/v2\/media\/29300"}],"wp:attachment":[{"href":"https:\/\/yorkshiredesign.co.uk\/fr\/wp-json\/wp\/v2\/media?parent=24439"}],"wp:term":[{"taxonomy":"product_brand","embeddable":true,"href":"https:\/\/yorkshiredesign.co.uk\/fr\/wp-json\/wp\/v2\/product_brand?post=24439"},{"taxonomy":"product_cat","embeddable":true,"href":"https:\/\/yorkshiredesign.co.uk\/fr\/wp-json\/wp\/v2\/product_cat?post=24439"},{"taxonomy":"product_tag","embeddable":true,"href":"https:\/\/yorkshiredesign.co.uk\/fr\/wp-json\/wp\/v2\/product_tag?post=24439"}],"curies":[{"name":"wp","href":"https:\/\/api.w.org\/{rel}","templated":true}]}}