{"id":12204,"date":"2020-03-19T23:42:55","date_gmt":"2020-03-19T23:42:55","guid":{"rendered":"https:\/\/yorkshiredesign.co.uk\/?post_type=product&#038;p=12204"},"modified":"2025-04-17T00:24:04","modified_gmt":"2025-04-16T23:24:04","slug":"progettazione-del-sito-webe","status":"publish","type":"product","link":"https:\/\/yorkshiredesign.co.uk\/it\/prodotto\/progettazione-del-sito-webe\/","title":{"rendered":"Progettazione di siti Web"},"content":{"rendered":"<p>Fornir\u00f2 un sito web che rappresenter\u00e0 perfettamente il tuo marchio. Il prezzo include un nome di dominio, hosting e tutti i plugin necessari per avviare il tuo business online. Tutti i siti Web sono realizzati da un punto di vista tecnico tenendo presente le prestazioni di Google.<\/p>","protected":false},"excerpt":{"rendered":"<p style=\"text-align: justify; margin-bottom: 20px;\">Per tutti <a href=\"https:\/\/yorkshiredesign.co.uk\/it\/\"><i>web design<\/i><\/a> pacchetti, chiamami per discutere delle tue esigenze.<\/p>\n<p style=\"text-align: justify; margin-bottom: 20px;\">Sfrutta i miei oltre 20 anni di esperienza e ordina a <a href=\"\/it\/blog\/seo\/quanto-tempo-ci-vuole-per-classificare-un-nuovo-sito-web\/\"><i>nuovo sito web<\/i><\/a> che sar\u00e0 costruito personalmente da me.<\/p>\n<p style=\"text-align: justify; margin-bottom: 20px;\">Tutti i nuovi siti web sono realizzati meticolosamente utilizzando Wordpress e rispetteranno tutti gli standard di Google garantendo maggiori possibilit\u00e0 di posizionarsi ai primi posti nei motori di ricerca. Questo \u00e8 un servizio completo che ti far\u00e0 risparmiare tempo. Tutto il lavoro &quot;invisibile&quot; verr\u00e0 completato, consentendoti invece di gestire la tua attivit\u00e0 <a href=\"https:\/\/yorkshiredesign.co.uk\/it\/blog\/il-web-designs\/assumere-un-libero-professionista-per-costruire-un-sito-web\/\">costruendo un sito web<\/a> te stesso.<\/p>\n<p style=\"text-align: justify; margin-bottom: 20px;\">Tutto \u00e8 configurato per te dall&#039;inizio alla fine. Sono inclusi un nome di dominio e 12 mesi di hosting e avrai pieno accesso al back-end del tuo sito web in ogni momento.<\/p>\n<p style=\"text-align: justify; margin-bottom: 20px;\">Per ulteriori informazioni, visita il mio <a href=\"\/it\/web-designer-por\/\"><i>web designer<\/i><\/a> pagina.<\/p>\n<p style=\"text-align: justify; margin-bottom: 20px;\">Al momento dell&#039;ordine, seleziona &quot;Paga su fattura&quot;. Offro questo servizio con un deposito anticipato di 25%, quindi il saldo da pagare al completamento. Ti invier\u00f2 una fattura di deposito iniziale dopo il tuo ordine e la nostra consultazione iniziale.<\/p>","protected":false},"featured_media":29327,"template":"","meta":[],"product_brand":[],"product_cat":[145,15],"product_tag":[95,1769,1767,1768],"class_list":{"0":"post-12204","1":"product","2":"type-product","3":"status-publish","4":"has-post-thumbnail","6":"product_cat-web-design","7":"product_cat-website-design","8":"product_tag-design","9":"product_tag-make-me-a-website","10":"product_tag-web-design","11":"product_tag-website-design","13":"first","14":"instock","15":"featured","16":"purchasable","17":"product-type-variable","18":"has-default-attributes"},"_links":{"self":[{"href":"https:\/\/yorkshiredesign.co.uk\/it\/wp-json\/wp\/v2\/product\/12204","targetHints":{"allow":["GET"]}}],"collection":[{"href":"https:\/\/yorkshiredesign.co.uk\/it\/wp-json\/wp\/v2\/product"}],"about":[{"href":"https:\/\/yorkshiredesign.co.uk\/it\/wp-json\/wp\/v2\/types\/product"}],"wp:featuredmedia":[{"embeddable":true,"href":"https:\/\/yorkshiredesign.co.uk\/it\/wp-json\/wp\/v2\/media\/29327"}],"wp:attachment":[{"href":"https:\/\/yorkshiredesign.co.uk\/it\/wp-json\/wp\/v2\/media?parent=12204"}],"wp:term":[{"taxonomy":"product_brand","embeddable":true,"href":"https:\/\/yorkshiredesign.co.uk\/it\/wp-json\/wp\/v2\/product_brand?post=12204"},{"taxonomy":"product_cat","embeddable":true,"href":"https:\/\/yorkshiredesign.co.uk\/it\/wp-json\/wp\/v2\/product_cat?post=12204"},{"taxonomy":"product_tag","embeddable":true,"href":"https:\/\/yorkshiredesign.co.uk\/it\/wp-json\/wp\/v2\/product_tag?post=12204"}],"curies":[{"name":"wp","href":"https:\/\/api.w.org\/{rel}","templated":true}]}}