{"id":24439,"date":"2022-01-06T07:41:25","date_gmt":"2022-01-06T07:41:25","guid":{"rendered":"https:\/\/yorkshiredesign.co.uk\/?post_type=product&#038;p=24439"},"modified":"2025-04-17T00:23:38","modified_gmt":"2025-04-16T23:23:38","slug":"ottimizzazione-della-velocita-della-pagina","status":"publish","type":"product","link":"https:\/\/yorkshiredesign.co.uk\/it\/prodotto\/ottimizzazione-della-velocita-della-pagina\/","title":{"rendered":"Regolazione della velocit\u00e0 della pagina"},"content":{"rendered":"<div class=\"wpb-content-wrapper\"><div class=\"vc_row wpb_row vc_row-fluid\" ><div class=\"wpb_column vc_column_container vc_col-sm-12\"><div class=\"vc_column-inner\"><div class=\"wpb_wrapper\">\n\t<div class=\"wpb_text_column wpb_content_element\" >\n\t\t<div class=\"wpb_wrapper\">\n\t\t\t<p>Aumenta il tuo punteggio Google Insights con il mio servizio personale Pagespeed Tuning. Manterr\u00f2 tutte le funzionalit\u00e0 del sito con test approfonditi del sito. Aumenta la velocit\u00e0 del sito, riduci la frequenza di rimbalzo e migliora il coinvolgimento dei clienti: tutti indicatori che aumenteranno il tuo posizionamento su Google.<\/p>\n\n\t\t<\/div>\n\t<\/div>\n<\/div><\/div><\/div><\/div>\n<\/div>","protected":false},"excerpt":{"rendered":"<p style=\"text-align: justify; margin-bottom: 20px;\">Il mio servizio personale segue i passaggi del mio <a class=\"whitebg\" href=\"\/it\/passare-i-principali-elementi-vitali-del-web\/\"><b>Guida alla velocit\u00e0 di pagina<\/b><\/a> ma a livello su misura, quindi \u00e8 adattato al tuo sito Web Wordpress.<\/p>\n<p style=\"text-align: justify; margin-bottom: 20px;\">Il tuo sito web sar\u00e0 ottimizzato in tutto il sito, garantendo che le tue pagine pi\u00f9 importanti siano veloci e compatibili con Google. Questo servizio include un&#039;installazione con licenza completa di entrambi <a class=\"whitebg\" href=\"\/it\/guida-alla-velocita-della-pagina\/professionista-della-pulizia-delle-risorse\/\"><b>Pulizia delle risorse Pro<\/b><\/a> O <a class=\"whitebg\" href=\"\/it\/guida-alla-velocita-della-pagina\/wp-razzo\/\"><b>WP-Rocket,<\/b><\/a> cos\u00ec come un abbonamento annuale a <a href=\"\/it\/guida-alla-velocita-della-pagina\/caricamento-rapido\/\"><b>Caricamento rapido<\/b><\/a> per la purificazione CSS.<\/p>\n<p><span class=\"hblacksmaller\" style=\"margin-bottom: 20px;\">Le sessioni iniziano alle <span style=\"color: #fc0;\">10:00<\/span>, O <span style=\"color: #fc0;\">15:00<\/span><\/span><\/p>\n<p style=\"text-align: justify; margin-bottom: 20px; margin-top: 20px;\">Posso svolgere questo servizio su Google Meet, in tua presenza. Puoi anche passare il tempo a fare domande all&#039;autore di questo sito Web su tutto ci\u00f2 che riguarda Wordpress o <a class=\"whitebg\" href=\"https:\/\/yorkshiredesign.co.uk\/it\/blog\/pagespeed\/profondi-vantaggi-derivanti-dallaumento-della-velocita-della-pagina\/\">pagespeed<\/a> correlati per aiutarti a ottenere il massimo dal tuo sito web!<\/p>\n<p style=\"text-align: justify; margin-bottom: 20px;\">Il processo richiede <b>2-4 ore<\/b> per completare, quindi se desideri sederti e guardarmi lavorare, libera una mattina o un pomeriggio e unisciti a me.<\/p>\n<p style=\"text-align: justify; margin-bottom: 20px;\">Completamente rimborsabile fino a 24 ore prima dell&#039;orario di inizio.<\/p>\n<p><a class=\"single_add_to_cart_button edgtf-btn-plus-sign edgtf-btn-with-cover-fx edgtf-btn\" href=\"https:\/\/pagespeed.web.dev\/\" target=\"_new\" rel=\"noopener\">Controlla il tuo punteggio<\/a><\/p>\n<p style=\"text-align: justify; margin-bottom: 20px; margin-top: 20px;\"><strong>Seleziona il giorno in cui mettere a punto il tuo sito web qui sotto.<\/strong><\/p>","protected":false},"featured_media":29300,"template":"","meta":[],"product_brand":[],"product_cat":[1462],"product_tag":[1795,1461,1587,1586],"class_list":{"0":"post-24439","1":"product","2":"type-product","3":"status-publish","4":"has-post-thumbnail","6":"product_cat-faster-pagespeed","7":"product_tag-faster-website","8":"product_tag-pagespeed","9":"product_tag-pagespeed-booster","10":"product_tag-speed-up-my-website","11":"mvvwb_bookable","13":"first","14":"instock","15":"featured","16":"virtual","17":"sold-individually","18":"purchasable","19":"product-type-simple"},"_links":{"self":[{"href":"https:\/\/yorkshiredesign.co.uk\/it\/wp-json\/wp\/v2\/product\/24439","targetHints":{"allow":["GET"]}}],"collection":[{"href":"https:\/\/yorkshiredesign.co.uk\/it\/wp-json\/wp\/v2\/product"}],"about":[{"href":"https:\/\/yorkshiredesign.co.uk\/it\/wp-json\/wp\/v2\/types\/product"}],"wp:featuredmedia":[{"embeddable":true,"href":"https:\/\/yorkshiredesign.co.uk\/it\/wp-json\/wp\/v2\/media\/29300"}],"wp:attachment":[{"href":"https:\/\/yorkshiredesign.co.uk\/it\/wp-json\/wp\/v2\/media?parent=24439"}],"wp:term":[{"taxonomy":"product_brand","embeddable":true,"href":"https:\/\/yorkshiredesign.co.uk\/it\/wp-json\/wp\/v2\/product_brand?post=24439"},{"taxonomy":"product_cat","embeddable":true,"href":"https:\/\/yorkshiredesign.co.uk\/it\/wp-json\/wp\/v2\/product_cat?post=24439"},{"taxonomy":"product_tag","embeddable":true,"href":"https:\/\/yorkshiredesign.co.uk\/it\/wp-json\/wp\/v2\/product_tag?post=24439"}],"curies":[{"name":"wp","href":"https:\/\/api.w.org\/{rel}","templated":true}]}}